{"id":3291,"date":"2023-02-23T00:17:17","date_gmt":"2023-02-23T06:17:17","guid":{"rendered":"https:\/\/tecsecmty.com\/index.php\/producto\/ajax-button-w-boton-de-alarma-inalambrico-smart-button-color-blanco\/"},"modified":"2023-03-22T23:20:49","modified_gmt":"2023-03-23T05:20:49","slug":"ajax-button-w-boton-de-alarma-inalambrico-smart-button-color-blanco","status":"publish","type":"product","link":"https:\/\/tecsecmty.com\/index.php\/producto\/ajax-button-w-boton-de-alarma-inalambrico-smart-button-color-blanco\/","title":{"rendered":"AJAX Button W &#8211; Bot\u00f3n de alarma inal\u00e1mbrico \/Smart Button Color Blanco"},"content":{"rendered":"<div class=\"row aling-items-center padding-bottom-2x\">\n<div class=\"col-lg-12\">\n<h5 class=\"card-title text-center\">Descripci\u00f3n<\/h5>\n<h3><strong>Bot\u00f3n de alarma inal\u00e1mbrico color blanco.<\/strong><\/h3>\n<p><strong>Button<\/strong>\u00a0es un bot\u00f3n de p\u00e1nico inal\u00e1mbrico\u00a0<strong>con protecci\u00f3n contra clics accidentales<\/strong>\u00a0y un modo de control adicional para\u00a0dispositivos de automatizaci\u00f3n.<\/p>\n<p>Funciona como parte del sistema de seguridad Ajax y se conecta a trav\u00e9s del\u00a0<strong>protocolo de seguridad<\/strong><strong>Jeweller\u00a0<\/strong>al\u00a0<strong>hub<\/strong>.\u00a0<strong>El dispositivo se configura a trav\u00e9s de una\u00a0aplicaci\u00f3n m\u00f3vil para smartphones<\/strong>\u00a0disponible para iOS y Android. Se notifica al usuario de todos los eventos a trav\u00e9s de notificaciones push, mensajes SMS y llamadas (si est\u00e1n activadas).<\/p>\n<p><img decoding=\"async\" class=\"overview-center-img-web\" src=\"https:\/\/tvc.mx\/media\/426303\/AJX1210002.png\" alt=\"\" \/><\/div>\n<\/div>\n<div class=\"row align-items-center padding-bottom-2x\">\n<div class=\"col-md-5\"><img decoding=\"async\" class=\"d-block m-auto img-thumbnail\" src=\"https:\/\/tvc.mx\/media\/439039\/jeweller.png\" alt=\" \" \/><\/div>\n<div class=\"col-md-7 text-md-left text-center\">\n<h2>Protocolo v\u00eda radio AJAX<\/h2>\n<p class=\"text-muted\">\n<p><strong>Jeweller<\/strong>\u00a0es un protocolo de radio\u00a0<strong>desarrollado por Ajax System<\/strong>. Garantiza una interacci\u00f3n ininterrumpida entre el hub y los dispositivos del sistema de seguridad. permite crear sistemas de seguridad de cualquier escala conectando hasta 200 dispositivos a un solo panel de control.<\/p>\n<p>&nbsp;<\/p>\n<\/div>\n<\/div>\n<hr class=\"padding-bottom-2x\" \/>\n<div class=\"row aling-items-center padding-bottom-2x\">\n<div class=\"col-lg-12\">\n<h5 class=\"card-title text-center\">CASOS DE EVENTO<\/h5>\n<p>Un guardia de seguridad patrulla el \u00e1rea. Alguien lo sujeta por detr\u00e1s y le cubre la boca. El guardia no puede pedir ayuda, es una situaci\u00f3n dif\u00edcil.\u00a0<strong>Pero el clic de un bot\u00f3n de p\u00e1nico<\/strong>\u00a0env\u00eda refuerzos hacia \u00e9l.<\/p>\n<p>Un ladr\u00f3n exige poner el dinero en una bolsa. El cajero abre la caja registradora, que cuenta con un bot\u00f3n de p\u00e1nico, d\u00f3cilmente.\u00a0<strong>Sus dedos presionan discretamente el bot\u00f3n para provocar una alarma silenciosa.<\/strong>\u00a0El ladr\u00f3n no saldr\u00e1 de la tienda con el dinero en efectivo.<\/p>\n<p>Sujete Button a cuerda o col\u00f3quelo junto a la cama de una persona cuyo estado de salud requiera un control constante.\u00a0<strong>Con un clic se solicita una ambulancia.<\/strong><\/p>\n<p><img decoding=\"async\" class=\"overview-center-img-web\" src=\"https:\/\/tvc.mx\/media\/426319\/AJX12100011.png\" alt=\"\" \/><\/div>\n<\/div>\n<div class=\"row align-items-center padding-bottom-2x\">\n<div class=\"col-md-5\"><img decoding=\"async\" class=\"d-block m-auto img-thumbnail\" src=\"https:\/\/tvc.mx\/media\/426323\/AJX121000111.png\" alt=\" \" \/><\/div>\n<div class=\"col-md-7 text-md-left text-center\">\n<h2>Sin falsas alarmas<\/h2>\n<p class=\"text-muted\">\n<p>La carcasa del Ajax Button est\u00e1 dise\u00f1ada para evitar falsas alarmas incluso si se acuesta o se sienta sobre el bot\u00f3n. Para evitar a\u00fan m\u00e1s las falsas alarmas, puede configurar Button para que reaccione solo con un doble clic o una pulsaci\u00f3n larga.<\/p>\n<p>&nbsp;<\/p>\n<\/div>\n<\/div>\n<hr class=\"padding-bottom-2x\" \/>\n<div class=\"row align-items-center padding-bottom-2x\">\n<div class=\"col-md-5 order-md-2\"><img decoding=\"async\" class=\"d-block m-auto img-thumbnail\" src=\"https:\/\/tvc.mx\/media\/426351\/elementos-funcionales-button-white.png\" alt=\" \" \/><\/div>\n<div class=\"col-md-7 order-md-1 text-md-left text-center\">\n<h2>Elementos funcionales<\/h2>\n<p class=\"text-muted\">\n<p>1.\u00a0\u00a0\u00a0\u00a0Bot\u00f3n de alarma<\/p>\n<p>2.\u00a0\u00a0\u00a0\u00a0Led indicador<\/p>\n<p>3.\u00a0\u00a0\u00a0\u00a0Orificio de montaje del bot\u00f3n<\/p>\n<p>&nbsp;<\/p>\n<\/div>\n<\/div>\n<hr class=\"padding-bottom-2x\" \/>\n<div class=\"row align-items-center padding-bottom-2x\">\n<div class=\"col-md-5\"><img decoding=\"async\" class=\"d-block m-auto img-thumbnail\" src=\"https:\/\/tvc.mx\/media\/426423\/28203.26.WH31.png\" alt=\" \" \/><\/div>\n<div class=\"col-md-7 text-md-left text-center\">\n<h2>Este paquete incluye<\/h2>\n<p class=\"text-muted\">\n<ol>\n<li>Button blanco<\/li>\n<li>Bater\u00eda CR2032 preinstalada<\/li>\n<li>Cinta adhesiva de doble cara<\/li>\n<li>Gu\u00eda r\u00e1pida<\/li>\n<\/ol>\n<\/div>\n<\/div>\n","protected":false},"excerpt":{"rendered":"<p>Descripci\u00f3n Bot\u00f3n de alarma inal\u00e1mbrico color blanco. Button\u00a0es un bot\u00f3n de p\u00e1nico inal\u00e1mbrico\u00a0con protecci\u00f3n contra clics accidentales\u00a0y un modo de control adicional para\u00a0dispositivos de automatizaci\u00f3n. Funciona como parte del sistema de seguridad Ajax y se conecta a trav\u00e9s del\u00a0protocolo de seguridadJeweller\u00a0al\u00a0hub.\u00a0El dispositivo se configura a&hellip;<\/p>\n","protected":false},"featured_media":3290,"comment_status":"open","ping_status":"closed","template":"","meta":{"om_disable_all_campaigns":false,"_monsterinsights_skip_tracking":false,"_monsterinsights_sitenote_active":false,"_monsterinsights_sitenote_note":"","_monsterinsights_sitenote_category":0},"product_brand":[],"product_cat":[237],"product_tag":[212,211,151],"class_list":{"0":"post-3291","1":"product","2":"type-product","3":"status-publish","4":"has-post-thumbnail","6":"product_cat-botones","7":"product_tag-alarmas","8":"product_tag-alarmas-e-intrusion","9":"product_tag-seguridad","11":"first","12":"instock","13":"sale","14":"taxable","15":"shipping-taxable","16":"purchasable","17":"product-type-simple"},"aioseo_notices":[],"_links":{"self":[{"href":"https:\/\/tecsecmty.com\/index.php\/wp-json\/wp\/v2\/product\/3291","targetHints":{"allow":["GET"]}}],"collection":[{"href":"https:\/\/tecsecmty.com\/index.php\/wp-json\/wp\/v2\/product"}],"about":[{"href":"https:\/\/tecsecmty.com\/index.php\/wp-json\/wp\/v2\/types\/product"}],"replies":[{"embeddable":true,"href":"https:\/\/tecsecmty.com\/index.php\/wp-json\/wp\/v2\/comments?post=3291"}],"version-history":[{"count":0,"href":"https:\/\/tecsecmty.com\/index.php\/wp-json\/wp\/v2\/product\/3291\/revisions"}],"wp:featuredmedia":[{"embeddable":true,"href":"https:\/\/tecsecmty.com\/index.php\/wp-json\/wp\/v2\/media\/3290"}],"wp:attachment":[{"href":"https:\/\/tecsecmty.com\/index.php\/wp-json\/wp\/v2\/media?parent=3291"}],"wp:term":[{"taxonomy":"product_brand","embeddable":true,"href":"https:\/\/tecsecmty.com\/index.php\/wp-json\/wp\/v2\/product_brand?post=3291"},{"taxonomy":"product_cat","embeddable":true,"href":"https:\/\/tecsecmty.com\/index.php\/wp-json\/wp\/v2\/product_cat?post=3291"},{"taxonomy":"product_tag","embeddable":true,"href":"https:\/\/tecsecmty.com\/index.php\/wp-json\/wp\/v2\/product_tag?post=3291"}],"curies":[{"name":"wp","href":"https:\/\/api.w.org\/{rel}","templated":true}]}}