{"id":3295,"date":"2023-02-23T00:17:20","date_gmt":"2023-02-23T06:17:20","guid":{"rendered":"https:\/\/tecsecmty.com\/index.php\/producto\/ajax-spacecontrol-w-llavero-inalambrico-4-botones-color-blanco\/"},"modified":"2023-03-22T23:20:51","modified_gmt":"2023-03-23T05:20:51","slug":"ajax-spacecontrol-w-llavero-inalambrico-4-botones-color-blanco","status":"publish","type":"product","link":"https:\/\/tecsecmty.com\/index.php\/producto\/ajax-spacecontrol-w-llavero-inalambrico-4-botones-color-blanco\/","title":{"rendered":"AJAX SpaceControl W &#8211; Llavero inal\u00e1mbrico 4 botones. Color Blanco"},"content":{"rendered":"<div class=\"row aling-items-center padding-bottom-2x\">\n<div class=\"col-lg-12\">\n<h5 class=\"card-title text-center\">Descripci\u00f3n<\/h5>\n<h3><strong>Llavero 4 botones. Color blanco.<\/strong><\/h3>\n<p><strong>SpaceControl<\/strong>\u00a0es un control en miniatura\u00a0<strong>con protecci\u00f3n contra clics accidentales<\/strong>. Para\u00a0<strong>controlar los modos de seguridad<\/strong>. Permite poner el sistema de seguridad Ajax en\u00a0<strong>modo armado, noche o desarmado<\/strong>.\u00a0Cuenta con un\u00a0<strong>bot\u00f3n de p\u00e1nico<\/strong>\u00a0para enviar alarmas a su c\u00edrculo interno y una compa\u00f1\u00eda de seguridad en caso de problemas.<\/p>\n<p>El control, que funciona como parte del sistema de seguridad Ajax, est\u00e1 conectado a un controlador de se\u00f1al\u00a0<strong>(Ajax Hub)<\/strong>\u00a0mediante\u00a0<strong>el protocolo<\/strong>\u00a0<strong>Jeweller<\/strong>.<\/p>\n<p>El mando\u00a0<strong>se configura a trav\u00e9s de una\u00a0aplicaci\u00f3n m\u00f3vil para smartphones<\/strong>\u00a0disponible para iOS y Android.<\/p>\n<p><img decoding=\"async\" class=\"overview-center-img-web\" src=\"https:\/\/tvc.mx\/media\/438859\/AJAX-SpaceControl-W---Llavero-inal%C3%A1mbrico-4-botones.-Color-Blanco.png\" alt=\"\" \/><\/div>\n<\/div>\n<div class=\"row align-items-center padding-bottom-2x\">\n<div class=\"col-md-5\"><img decoding=\"async\" class=\"d-block m-auto img-thumbnail\" src=\"https:\/\/tvc.mx\/media\/438863\/jeweller.png\" alt=\" \" \/><\/div>\n<div class=\"col-md-7 text-md-left text-center\">\n<h2>Protocolo v\u00eda radio AJAX<\/h2>\n<p class=\"text-muted\">\n<p><strong>Jeweller<\/strong>\u00a0es un protocolo de radio\u00a0<strong>desarrollado por Ajax System<\/strong>. Garantiza una interacci\u00f3n ininterrumpida entre el hub y los dispositivos del sistema de seguridad. permite crear sistemas de seguridad de cualquier escala conectando hasta 200 dispositivos a un solo panel de control.<\/p>\n<p>&nbsp;<\/p>\n<\/div>\n<\/div>\n<hr class=\"padding-bottom-2x\" \/>\n<div class=\"row align-items-center padding-bottom-2x\">\n<div class=\"col-md-5 order-md-2\"><img decoding=\"async\" class=\"d-block m-auto img-thumbnail\" src=\"https:\/\/tvc.mx\/media\/438871\/AJAX-SpaceControl-W---Llavero-inal%C3%A1mbrico-4-botones.-Color-Blanco-vista-frente-400x300.png\" alt=\" \" \/><\/div>\n<div class=\"col-md-7 order-md-1 text-md-left text-center\">\n<h2>Caracter\u00edsticas<\/h2>\n<p class=\"text-muted\">\n<p class=\"ql-align-justify\">La autenticaci\u00f3n previene el reemplazo del dispositivo y falsas alarmas.<\/p>\n<p class=\"ql-align-justify\">\u00b7\u00a0Pide ayuda en caso de emergencia<\/p>\n<p class=\"ql-align-justify\">\u00b7\u00a0Activa los modos de alarma total o parcial<\/p>\n<p class=\"ql-align-justify\">\u00b7\u00a0Comunica la ejecuci\u00f3n del comando con una luz indicativa<\/p>\n<p class=\"ql-align-justify\">\u00b7\u00a0Listo para funcionar directamente desde la caja: la bater\u00eda ya est\u00e1 instalada, por lo que no hay necesidad de desmontar el detector. Con tan solo un clic, se puede conectar a la unidad central (hub) en la aplicaci\u00f3n de su dispositivo m\u00f3vil.<\/p>\n<p>&nbsp;<\/p>\n<\/div>\n<\/div>\n<hr class=\"padding-bottom-2x\" \/>\n<div class=\"row align-items-center padding-bottom-2x\">\n<div class=\"col-md-5\"><img decoding=\"async\" class=\"d-block m-auto img-thumbnail\" src=\"https:\/\/tvc.mx\/media\/438875\/AJAX-SpaceControl-W---Llavero-inal%C3%A1mbrico-4-botones.-Color-Blanco-elementos-funcionales.png\" alt=\" \" \/><\/div>\n<div class=\"col-md-7 text-md-left text-center\">\n<h2>Elementos funcionales:<\/h2>\n<p class=\"text-muted\">\n<p>1.\u00a0\u00a0\u00a0Bot\u00f3n de armado del sistema<\/p>\n<p>2.\u00a0\u00a0\u00a0Bot\u00f3n de desarmado del sistema<\/p>\n<p>3.\u00a0\u00a0\u00a0Bot\u00f3n de modo noche<\/p>\n<p>4.\u00a0\u00a0\u00a0Bot\u00f3n de p\u00e1nico (activa la alarma)<\/p>\n<p>5.\u00a0\u00a0\u00a0Indicadores luminosos<\/p>\n<p>6.\u00a0\u00a0\u00a0Ranura para uso con llavero<\/p>\n<p>&nbsp;<\/p>\n<\/div>\n<\/div>\n<hr class=\"padding-bottom-2x\" \/>\n<div class=\"row align-items-center padding-bottom-2x\">\n<div class=\"col-md-5 order-md-2\"><img decoding=\"async\" class=\"d-block m-auto img-thumbnail\" src=\"https:\/\/tvc.mx\/media\/438883\/AJAX-SpaceControl-W---Llavero-inal%C3%A1mbrico-4-botones.-Color-Blanco-este-paquete-incluye.png\" alt=\" \" \/><\/div>\n<div class=\"col-md-7 order-md-1 text-md-left text-center\">\n<h2>Este paquete incluye:<\/h2>\n<p class=\"text-muted\">\n<p>1.\u00a0\u00a0\u00a0SpaceControl blanco.<\/p>\n<p>2.\u00a0\u00a0\u00a0Pila CR2032 (preinstalada).<\/p>\n<p>3.\u00a0\u00a0\u00a0Gu\u00eda r\u00e1pida de inicio.<\/p>\n<\/div>\n<\/div>\n","protected":false},"excerpt":{"rendered":"<p>Descripci\u00f3n Llavero 4 botones. Color blanco. SpaceControl\u00a0es un control en miniatura\u00a0con protecci\u00f3n contra clics accidentales. Para\u00a0controlar los modos de seguridad. Permite poner el sistema de seguridad Ajax en\u00a0modo armado, noche o desarmado.\u00a0Cuenta con un\u00a0bot\u00f3n de p\u00e1nico\u00a0para enviar alarmas a su c\u00edrculo interno y una compa\u00f1\u00eda&hellip;<\/p>\n","protected":false},"featured_media":3294,"comment_status":"open","ping_status":"closed","template":"","meta":{"om_disable_all_campaigns":false,"_monsterinsights_skip_tracking":false,"_monsterinsights_sitenote_active":false,"_monsterinsights_sitenote_note":"","_monsterinsights_sitenote_category":0},"product_brand":[],"product_cat":[237],"product_tag":[212,211,151],"class_list":{"0":"post-3295","1":"product","2":"type-product","3":"status-publish","4":"has-post-thumbnail","6":"product_cat-botones","7":"product_tag-alarmas","8":"product_tag-alarmas-e-intrusion","9":"product_tag-seguridad","11":"first","12":"instock","13":"sale","14":"taxable","15":"shipping-taxable","16":"purchasable","17":"product-type-simple"},"aioseo_notices":[],"_links":{"self":[{"href":"https:\/\/tecsecmty.com\/index.php\/wp-json\/wp\/v2\/product\/3295","targetHints":{"allow":["GET"]}}],"collection":[{"href":"https:\/\/tecsecmty.com\/index.php\/wp-json\/wp\/v2\/product"}],"about":[{"href":"https:\/\/tecsecmty.com\/index.php\/wp-json\/wp\/v2\/types\/product"}],"replies":[{"embeddable":true,"href":"https:\/\/tecsecmty.com\/index.php\/wp-json\/wp\/v2\/comments?post=3295"}],"version-history":[{"count":0,"href":"https:\/\/tecsecmty.com\/index.php\/wp-json\/wp\/v2\/product\/3295\/revisions"}],"wp:featuredmedia":[{"embeddable":true,"href":"https:\/\/tecsecmty.com\/index.php\/wp-json\/wp\/v2\/media\/3294"}],"wp:attachment":[{"href":"https:\/\/tecsecmty.com\/index.php\/wp-json\/wp\/v2\/media?parent=3295"}],"wp:term":[{"taxonomy":"product_brand","embeddable":true,"href":"https:\/\/tecsecmty.com\/index.php\/wp-json\/wp\/v2\/product_brand?post=3295"},{"taxonomy":"product_cat","embeddable":true,"href":"https:\/\/tecsecmty.com\/index.php\/wp-json\/wp\/v2\/product_cat?post=3295"},{"taxonomy":"product_tag","embeddable":true,"href":"https:\/\/tecsecmty.com\/index.php\/wp-json\/wp\/v2\/product_tag?post=3295"}],"curies":[{"name":"wp","href":"https:\/\/api.w.org\/{rel}","templated":true}]}}