{"id":3335,"date":"2023-02-23T00:17:56","date_gmt":"2023-02-23T06:17:56","guid":{"rendered":"https:\/\/tecsecmty.com\/index.php\/producto\/sec-ss078q-boton-de-panico-de-restablecimiento-manual-metalico-normalmente-abierto\/"},"modified":"2023-03-22T23:24:23","modified_gmt":"2023-03-23T05:24:23","slug":"sec-ss078q-boton-de-panico-de-restablecimiento-manual-metalico-normalmente-abierto","status":"publish","type":"product","link":"https:\/\/tecsecmty.com\/index.php\/producto\/sec-ss078q-boton-de-panico-de-restablecimiento-manual-metalico-normalmente-abierto\/","title":{"rendered":"SEC-SS078Q &#8211; Bot\u00f3n de P\u00e1nico de restablecimiento manual met\u00e1lico Normalmente Abierto"},"content":{"rendered":"<p> https:\/\/tvc.mx\/products\/32766<\/p>\n","protected":false},"excerpt":{"rendered":"<p>https:\/\/tvc.mx\/products\/32766<\/p>\n","protected":false},"featured_media":3334,"comment_status":"open","ping_status":"closed","template":"","meta":{"om_disable_all_campaigns":false,"_monsterinsights_skip_tracking":false,"_monsterinsights_sitenote_active":false,"_monsterinsights_sitenote_note":"","_monsterinsights_sitenote_category":0},"product_brand":[],"product_cat":[248],"product_tag":[212,211,151],"class_list":{"0":"post-3335","1":"product","2":"type-product","3":"status-publish","4":"has-post-thumbnail","6":"product_cat-botones-alarmas-seco-larm","7":"product_tag-alarmas","8":"product_tag-alarmas-e-intrusion","9":"product_tag-seguridad","11":"first","12":"instock","13":"sale","14":"taxable","15":"shipping-taxable","16":"purchasable","17":"product-type-simple"},"aioseo_notices":[],"_links":{"self":[{"href":"https:\/\/tecsecmty.com\/index.php\/wp-json\/wp\/v2\/product\/3335","targetHints":{"allow":["GET"]}}],"collection":[{"href":"https:\/\/tecsecmty.com\/index.php\/wp-json\/wp\/v2\/product"}],"about":[{"href":"https:\/\/tecsecmty.com\/index.php\/wp-json\/wp\/v2\/types\/product"}],"replies":[{"embeddable":true,"href":"https:\/\/tecsecmty.com\/index.php\/wp-json\/wp\/v2\/comments?post=3335"}],"version-history":[{"count":0,"href":"https:\/\/tecsecmty.com\/index.php\/wp-json\/wp\/v2\/product\/3335\/revisions"}],"wp:featuredmedia":[{"embeddable":true,"href":"https:\/\/tecsecmty.com\/index.php\/wp-json\/wp\/v2\/media\/3334"}],"wp:attachment":[{"href":"https:\/\/tecsecmty.com\/index.php\/wp-json\/wp\/v2\/media?parent=3335"}],"wp:term":[{"taxonomy":"product_brand","embeddable":true,"href":"https:\/\/tecsecmty.com\/index.php\/wp-json\/wp\/v2\/product_brand?post=3335"},{"taxonomy":"product_cat","embeddable":true,"href":"https:\/\/tecsecmty.com\/index.php\/wp-json\/wp\/v2\/product_cat?post=3335"},{"taxonomy":"product_tag","embeddable":true,"href":"https:\/\/tecsecmty.com\/index.php\/wp-json\/wp\/v2\/product_tag?post=3335"}],"curies":[{"name":"wp","href":"https:\/\/api.w.org\/{rel}","templated":true}]}}