{"id":3343,"date":"2023-02-23T00:18:24","date_gmt":"2023-02-23T06:18:24","guid":{"rendered":"https:\/\/tecsecmty.com\/index.php\/producto\/belden-5502ue0081000-cable-de-alarma-4-conductores-cobre-calibre-22-awg-305-metros-recomendable-para-control-de-acceso-videoportero-audio\/"},"modified":"2023-03-22T23:20:53","modified_gmt":"2023-03-23T05:20:53","slug":"belden-5502ue0081000-cable-de-alarma-4-conductores-cobre-calibre-22-awg-305-metros-recomendable-para-control-de-acceso-videoportero-audio","status":"publish","type":"product","link":"https:\/\/tecsecmty.com\/index.php\/producto\/belden-5502ue0081000-cable-de-alarma-4-conductores-cobre-calibre-22-awg-305-metros-recomendable-para-control-de-acceso-videoportero-audio\/","title":{"rendered":"BELDEN 5502UE0081000- Cable de alarma\/ 4 Conductores\/ Cobre\/ Calibre 22 AWG\/ 305 Metros\/ Recomendable para control de acceso\/ Videoportero\/ Audio\/"},"content":{"rendered":"<div class=\"row aling-items-center padding-bottom-2x\">\n<div class=\"col-lg-12\">\n<h5 class=\"card-title text-center\">Informaci\u00f3n general.<\/h5>\n<p>El 5502UE 0081000 es un cable para alama y de seguridad sin blindaje de 4-conductores con conductores de cobre descubierto de 22AWG (7 x 30), aislamiento de polipropileno y forro de PVC gris con cord\u00f3n para apertura.<\/p>\n<p>El cable multiconductor Belden ofrece transmisi\u00f3n de se\u00f1ales y datos anal\u00f3gicos de bajo voltaje entre alojamientos de controladores y E\/S a dispositivos como sensores de presi\u00f3n y temperatura, relevadores, v\u00e1lvulas, medidores, termopares, solenoides, actuadores, contactores, botones pulsadores y alarmas.<\/p>\n<p><img decoding=\"async\" class=\"overview-center-img-web\" src=\"https:\/\/tvc.mx\/media\/108525\/Cable-4-connductores-Belden-para-alarma.png\" alt=\"\" \/><\/div>\n<\/div>\n<div class=\"row align-items-center padding-bottom-2x\">\n<div class=\"col-md-5\"><img decoding=\"async\" class=\"d-block m-auto img-thumbnail\" src=\"https:\/\/tvc.mx\/media\/108533\/Cable-4-connductores-Belden-para-alarma---OVL1.png\" alt=\" \" \/><\/div>\n<div class=\"col-md-7 text-md-left text-center\">\n<h2>Caracter\u00edsticas.<\/h2>\n<p class=\"text-muted\">\n<ul>\n<li>Capacitancia nominal de conductor a conductor de 17 pF\/ft<\/li>\n<li>La resistencia nominal de CD de conductor es de 16.2\u2126\/1000pies a 20\u00b0C<\/li>\n<li>Inflamabilidad comprobada de eje vertical UL1666<\/li>\n<\/ul>\n<h3><strong>Aplicaciones<\/strong><\/h3>\n<ul>\n<li>Seguridad<\/li>\n<li>Comercial<\/li>\n<\/ul>\n<\/div>\n<\/div>\n","protected":false},"excerpt":{"rendered":"<p>Informaci\u00f3n general. El 5502UE 0081000 es un cable para alama y de seguridad sin blindaje de 4-conductores con conductores de cobre descubierto de 22AWG (7 x 30), aislamiento de polipropileno y forro de PVC gris con cord\u00f3n para apertura. El cable multiconductor Belden ofrece transmisi\u00f3n&hellip;<\/p>\n","protected":false},"featured_media":3342,"comment_status":"open","ping_status":"closed","template":"","meta":{"om_disable_all_campaigns":false,"_monsterinsights_skip_tracking":false,"_monsterinsights_sitenote_active":false,"_monsterinsights_sitenote_note":"","_monsterinsights_sitenote_category":0},"product_brand":[],"product_cat":[251],"product_tag":[212,211,151],"class_list":{"0":"post-3343","1":"product","2":"type-product","3":"status-publish","4":"has-post-thumbnail","6":"product_cat-cables-para-alarmas","7":"product_tag-alarmas","8":"product_tag-alarmas-e-intrusion","9":"product_tag-seguridad","11":"first","12":"instock","13":"sale","14":"taxable","15":"shipping-taxable","16":"purchasable","17":"product-type-simple"},"aioseo_notices":[],"_links":{"self":[{"href":"https:\/\/tecsecmty.com\/index.php\/wp-json\/wp\/v2\/product\/3343","targetHints":{"allow":["GET"]}}],"collection":[{"href":"https:\/\/tecsecmty.com\/index.php\/wp-json\/wp\/v2\/product"}],"about":[{"href":"https:\/\/tecsecmty.com\/index.php\/wp-json\/wp\/v2\/types\/product"}],"replies":[{"embeddable":true,"href":"https:\/\/tecsecmty.com\/index.php\/wp-json\/wp\/v2\/comments?post=3343"}],"version-history":[{"count":0,"href":"https:\/\/tecsecmty.com\/index.php\/wp-json\/wp\/v2\/product\/3343\/revisions"}],"wp:featuredmedia":[{"embeddable":true,"href":"https:\/\/tecsecmty.com\/index.php\/wp-json\/wp\/v2\/media\/3342"}],"wp:attachment":[{"href":"https:\/\/tecsecmty.com\/index.php\/wp-json\/wp\/v2\/media?parent=3343"}],"wp:term":[{"taxonomy":"product_brand","embeddable":true,"href":"https:\/\/tecsecmty.com\/index.php\/wp-json\/wp\/v2\/product_brand?post=3343"},{"taxonomy":"product_cat","embeddable":true,"href":"https:\/\/tecsecmty.com\/index.php\/wp-json\/wp\/v2\/product_cat?post=3343"},{"taxonomy":"product_tag","embeddable":true,"href":"https:\/\/tecsecmty.com\/index.php\/wp-json\/wp\/v2\/product_tag?post=3343"}],"curies":[{"name":"wp","href":"https:\/\/api.w.org\/{rel}","templated":true}]}}