{"id":3345,"date":"2023-02-23T00:18:27","date_gmt":"2023-02-23T06:18:27","guid":{"rendered":"https:\/\/tecsecmty.com\/index.php\/producto\/saxxon-owa4305jf-cable-de-alarma-de-4-conductores-cca-calibre-22-awg-305-metros-retardante-a-la-flama-recomendable-para-control-de-acceso-videoportero-audio\/"},"modified":"2023-03-22T23:24:00","modified_gmt":"2023-03-23T05:24:00","slug":"saxxon-owa4305jf-cable-de-alarma-de-4-conductores-cca-calibre-22-awg-305-metros-retardante-a-la-flama-recomendable-para-control-de-acceso-videoportero-audio","status":"publish","type":"product","link":"https:\/\/tecsecmty.com\/index.php\/producto\/saxxon-owa4305jf-cable-de-alarma-de-4-conductores-cca-calibre-22-awg-305-metros-retardante-a-la-flama-recomendable-para-control-de-acceso-videoportero-audio\/","title":{"rendered":"SAXXON OWA4305JF- Cable de alarma de 4 conductores\/ CCA\/ Calibre 22 AWG\/ 305 metros\/ Retardante a la flama\/ Recomendable para control de acceso\/ Videoportero\/ Audio"},"content":{"rendered":"<div class=\"row aling-items-center padding-bottom-2x\">\n<div class=\"col-lg-12\">\n<h5 class=\"card-title text-center\">Informaci\u00f3n general.<\/h5>\n<p class=\"ql-align-justify\">Cable con 7 conductores trenzados de 0,25 mm con aislamiento de HDPE y forro RNFC en blanco, utiliza un tipo de material RNFC que tiene protecci\u00f3n de ignifugaci\u00f3n, buena flexibilidad combinada con robustez y un fuerte cord\u00f3n pelador de nylon, Disponible como 2,4,6 core sin pantalla.<\/p>\n<p class=\"ql-align-justify\">Este cable es el adecuado para la l\u00ednea de control de se\u00f1al del sistema de intercomunicaci\u00f3n del edificio, sistema de alarma de monitoreo de seguridad, control de cableado interno de electrodom\u00e9sticos, computadoras, instrumentos y equipos electr\u00f3nicos y dispositivos de automatizaci\u00f3n.<\/p>\n<p><img decoding=\"async\" class=\"overview-center-img-web\" src=\"https:\/\/tvc.mx\/media\/31152\/BANNER.png\" alt=\"\" \/><\/div>\n<\/div>\n<div class=\"row align-items-center padding-bottom-2x\">\n<div class=\"col-md-5\"><img decoding=\"async\" class=\"d-block m-auto img-thumbnail\" src=\"https:\/\/tvc.mx\/media\/31153\/OVL1.png\" alt=\" \" \/><\/div>\n<div class=\"col-md-7 text-md-left text-center\">\n<h2>Especificaciones.<\/h2>\n<p class=\"text-muted\">\n<ul>\n<li class=\"ql-align-justify\">Material Material del conductor: CCA (aluminio revestido de cobre)<\/li>\n<li class=\"ql-align-justify\">Tama\u00f1o del conductor: 7 \/ 0.25 \u00b1 0.01 mm<\/li>\n<li class=\"ql-align-justify\">Aislamiento: PVC (1.05 \u00b1 0.02 mm)<\/li>\n<li class=\"ql-align-justify\">Chaqueta: RNFC (resistencia al fuego) (3.5 \u00b1 0.2mm)<\/li>\n<li class=\"ql-align-justify\">Color: blanco<\/li>\n<\/ul>\n<\/div>\n<\/div>\n","protected":false},"excerpt":{"rendered":"<p>Informaci\u00f3n general. Cable con 7 conductores trenzados de 0,25 mm con aislamiento de HDPE y forro RNFC en blanco, utiliza un tipo de material RNFC que tiene protecci\u00f3n de ignifugaci\u00f3n, buena flexibilidad combinada con robustez y un fuerte cord\u00f3n pelador de nylon, Disponible como 2,4,6&hellip;<\/p>\n","protected":false},"featured_media":3344,"comment_status":"open","ping_status":"closed","template":"","meta":{"om_disable_all_campaigns":false,"_monsterinsights_skip_tracking":false,"_monsterinsights_sitenote_active":false,"_monsterinsights_sitenote_note":"","_monsterinsights_sitenote_category":0},"product_brand":[],"product_cat":[252],"product_tag":[212,211,151],"class_list":{"0":"post-3345","1":"product","2":"type-product","3":"status-publish","4":"has-post-thumbnail","6":"product_cat-cables-para-alarmas-alarmas-saxxon","7":"product_tag-alarmas","8":"product_tag-alarmas-e-intrusion","9":"product_tag-seguridad","11":"first","12":"instock","13":"sale","14":"taxable","15":"shipping-taxable","16":"purchasable","17":"product-type-simple"},"aioseo_notices":[],"_links":{"self":[{"href":"https:\/\/tecsecmty.com\/index.php\/wp-json\/wp\/v2\/product\/3345","targetHints":{"allow":["GET"]}}],"collection":[{"href":"https:\/\/tecsecmty.com\/index.php\/wp-json\/wp\/v2\/product"}],"about":[{"href":"https:\/\/tecsecmty.com\/index.php\/wp-json\/wp\/v2\/types\/product"}],"replies":[{"embeddable":true,"href":"https:\/\/tecsecmty.com\/index.php\/wp-json\/wp\/v2\/comments?post=3345"}],"version-history":[{"count":0,"href":"https:\/\/tecsecmty.com\/index.php\/wp-json\/wp\/v2\/product\/3345\/revisions"}],"wp:featuredmedia":[{"embeddable":true,"href":"https:\/\/tecsecmty.com\/index.php\/wp-json\/wp\/v2\/media\/3344"}],"wp:attachment":[{"href":"https:\/\/tecsecmty.com\/index.php\/wp-json\/wp\/v2\/media?parent=3345"}],"wp:term":[{"taxonomy":"product_brand","embeddable":true,"href":"https:\/\/tecsecmty.com\/index.php\/wp-json\/wp\/v2\/product_brand?post=3345"},{"taxonomy":"product_cat","embeddable":true,"href":"https:\/\/tecsecmty.com\/index.php\/wp-json\/wp\/v2\/product_cat?post=3345"},{"taxonomy":"product_tag","embeddable":true,"href":"https:\/\/tecsecmty.com\/index.php\/wp-json\/wp\/v2\/product_tag?post=3345"}],"curies":[{"name":"wp","href":"https:\/\/api.w.org\/{rel}","templated":true}]}}