{"id":3367,"date":"2023-02-23T00:18:44","date_gmt":"2023-02-23T06:18:44","guid":{"rendered":"https:\/\/tecsecmty.com\/index.php\/producto\/dsc-sgcpm3-refaccion-modulo-central-de-procesamiento-para-system-iii\/"},"modified":"2023-03-22T23:23:24","modified_gmt":"2023-03-23T05:23:24","slug":"dsc-sgcpm3-refaccion-modulo-central-de-procesamiento-para-system-iii","status":"publish","type":"product","link":"https:\/\/tecsecmty.com\/index.php\/producto\/dsc-sgcpm3-refaccion-modulo-central-de-procesamiento-para-system-iii\/","title":{"rendered":"DSC SGCPM3 &#8211; Refaccion Modulo Central de procesamiento para System III"},"content":{"rendered":"<div class=\"row aling-items-center padding-bottom-2x\">\n<div class=\"col-lg-12\">\n<h5 class=\"card-title text-center\">Descripci\u00f3n<\/h5>\n<p><strong>MODULO CENTRAL DE PROCESAMIENTO SG-CPM3<\/strong><\/p>\n<p class=\"ql-align-justify\">CONTIENE EL CPU QUE CONTROLA TODAS LAS COMUNICACIONES ENTRE LAS 24 TARJETAS (TELEF\u00d3NICAS E IP), 3 PUERTOS PARA IMPRESORES Y 2 PUERTOS DE SOFTWARE DE MONITOREO.<\/p>\n<h4 class=\"ql-align-justify\"><strong>DESCRIPCI\u00d3N T\u00c9CNICA<\/strong><\/h4>\n<p>M\u00d3DULO CENTRAL DE PROCESAMIENTO, CONTROLA LAS COMUNICACIONES ENTRE LAS 24 TARJETAS (IP Y TELEF\u00d3NICA), IMPRESORA PARALELA TCP\/IP, 2 PUERTOS SERIALES RS232 ROSH.<\/p>\n<h4 class=\"ql-align-justify\"><strong>BENEFICIOS ADICIONALES<\/strong><\/h4>\n<p>LA SYSTEM III PERMITE UNA INTEGRACI\u00d3N EN REDUNDANCIA.<\/p>\n<h4 class=\"ql-align-justify\"><\/h4>\n<p><img decoding=\"async\" class=\"overview-center-img-web\" src=\"https:\/\/tvc.mx\/media\/29537\/DSC1200017.jpg\" alt=\"\" \/><\/div>\n<\/div>\n<div class=\"row align-items-center padding-bottom-2x\">\n<div class=\"col-md-5\"><img decoding=\"async\" class=\"d-block m-auto img-thumbnail\" src=\"https:\/\/tvc.mx\/media\/29538\/DSC1200017-1.jpg\" alt=\" \" \/><\/div>\n<div class=\"col-md-7 text-md-left text-center\">\n<h2>Funcionalidad<\/h2>\n<p class=\"text-muted\">\n<h4 class=\"ql-align-justify\"><strong>PARA QUE SIRVE<\/strong><\/h4>\n<p>CONTROLA TODAS LAS COMUNICACIONES ENTRE LAS 24 TARJETAS (TELEF\u00d3NICAS E IP).<\/p>\n<h4 class=\"ql-align-justify\"><strong>COMPATIBILIDAD<\/strong><\/h4>\n<p>SG-DC\/DC3 SG-DRL3E SG-DRL3E-2L SG-DRL3-IP SG-SIII KIT1 SG-PSU3 SG-PSC3 SG-MLRF3 SG-SIII-INT SG-BP3X SG-SIIIBASE SG-SIIIREDUN SG-SIIIEXP<\/p>\n<\/div>\n<\/div>\n","protected":false},"excerpt":{"rendered":"<p>Descripci\u00f3n MODULO CENTRAL DE PROCESAMIENTO SG-CPM3 CONTIENE EL CPU QUE CONTROLA TODAS LAS COMUNICACIONES ENTRE LAS 24 TARJETAS (TELEF\u00d3NICAS E IP), 3 PUERTOS PARA IMPRESORES Y 2 PUERTOS DE SOFTWARE DE MONITOREO. DESCRIPCI\u00d3N T\u00c9CNICA M\u00d3DULO CENTRAL DE PROCESAMIENTO, CONTROLA LAS COMUNICACIONES ENTRE LAS 24 TARJETAS&hellip;<\/p>\n","protected":false},"featured_media":3366,"comment_status":"open","ping_status":"closed","template":"","meta":{"om_disable_all_campaigns":false,"_monsterinsights_skip_tracking":false,"_monsterinsights_sitenote_active":false,"_monsterinsights_sitenote_note":"","_monsterinsights_sitenote_category":0},"product_brand":[],"product_cat":[253],"product_tag":[212,211,151],"class_list":{"0":"post-3367","1":"product","2":"type-product","3":"status-publish","4":"has-post-thumbnail","6":"product_cat-centrales-de-monitoreo-y-complementos","7":"product_tag-alarmas","8":"product_tag-alarmas-e-intrusion","9":"product_tag-seguridad","11":"first","12":"instock","13":"sale","14":"taxable","15":"shipping-taxable","16":"purchasable","17":"product-type-simple"},"aioseo_notices":[],"_links":{"self":[{"href":"https:\/\/tecsecmty.com\/index.php\/wp-json\/wp\/v2\/product\/3367","targetHints":{"allow":["GET"]}}],"collection":[{"href":"https:\/\/tecsecmty.com\/index.php\/wp-json\/wp\/v2\/product"}],"about":[{"href":"https:\/\/tecsecmty.com\/index.php\/wp-json\/wp\/v2\/types\/product"}],"replies":[{"embeddable":true,"href":"https:\/\/tecsecmty.com\/index.php\/wp-json\/wp\/v2\/comments?post=3367"}],"version-history":[{"count":0,"href":"https:\/\/tecsecmty.com\/index.php\/wp-json\/wp\/v2\/product\/3367\/revisions"}],"wp:featuredmedia":[{"embeddable":true,"href":"https:\/\/tecsecmty.com\/index.php\/wp-json\/wp\/v2\/media\/3366"}],"wp:attachment":[{"href":"https:\/\/tecsecmty.com\/index.php\/wp-json\/wp\/v2\/media?parent=3367"}],"wp:term":[{"taxonomy":"product_brand","embeddable":true,"href":"https:\/\/tecsecmty.com\/index.php\/wp-json\/wp\/v2\/product_brand?post=3367"},{"taxonomy":"product_cat","embeddable":true,"href":"https:\/\/tecsecmty.com\/index.php\/wp-json\/wp\/v2\/product_cat?post=3367"},{"taxonomy":"product_tag","embeddable":true,"href":"https:\/\/tecsecmty.com\/index.php\/wp-json\/wp\/v2\/product_tag?post=3367"}],"curies":[{"name":"wp","href":"https:\/\/api.w.org\/{rel}","templated":true}]}}