{"id":3371,"date":"2023-02-23T00:18:48","date_gmt":"2023-02-23T06:18:48","guid":{"rendered":"https:\/\/tecsecmty.com\/index.php\/producto\/dsc-sgdc-dc3-modulo-convertidor-de-voltaje-para-system-iii\/"},"modified":"2023-03-22T23:23:24","modified_gmt":"2023-03-23T05:23:24","slug":"dsc-sgdc-dc3-modulo-convertidor-de-voltaje-para-system-iii","status":"publish","type":"product","link":"https:\/\/tecsecmty.com\/index.php\/producto\/dsc-sgdc-dc3-modulo-convertidor-de-voltaje-para-system-iii\/","title":{"rendered":"DSC SGDC\/DC3 &#8211; Modulo Convertidor de Voltaje para SYSTEM III"},"content":{"rendered":"<h5 class=\"card-title text-center\">Informaci\u00f3n General<\/h5>\n<p>Descripci\u00f3n<\/p>\n<p>Cada SG-DC\/DC3 convierte 15 VCD de entrada del m\u00f3dulo SG-PSU3 y emite los 5VCD necesarios para que funcionen todos los m\u00f3dulos. Se proporciona una ranura para una segunda fuente de alimentaci\u00f3n SG-DC\/DC3 para proporcionar redundancia total para los requisitos de potencia de 5VCD. La energ\u00eda permanecer\u00e1 encendida si hay dos SG-DC\/DC3 en el estante. El SG-DC\/DC3 tambi\u00e9n es intercambiable en caliente si un trabajo redundante SG-DC\/DC3.<\/p>\n<h3><strong>Caracter\u00edstica<\/strong><\/h3>\n<p>Convertidor de voltaje DC 15VDC , para alimentaci\u00f3n de las tarjetas de l\u00ednea IP<\/p>\n<h3><strong>Beneficios adicionales<\/strong><\/h3>\n<p>Puede ser combinado en caliente<\/p>\n<p>Funciona como fuente de alimentaci\u00f3n de la tarjeta de l\u00ednea E IP<\/p>\n<p>PSU3<\/p>\n<h3><strong>Para que sirve<\/strong><\/h3>\n<p>El m\u00f3dulo funciona para alimentaci\u00f3n de la tarjeta de linea E IP<\/p>\n<p><img decoding=\"async\" class=\"overview-center-img-web\" src=\"https:\/\/tvc.mx\/media\/29638\/principalcomer.jpg\" alt=\"\" \/><\/p>\n","protected":false},"excerpt":{"rendered":"<p>Informaci\u00f3n General Descripci\u00f3n Cada SG-DC\/DC3 convierte 15 VCD de entrada del m\u00f3dulo SG-PSU3 y emite los 5VCD necesarios para que funcionen todos los m\u00f3dulos. Se proporciona una ranura para una segunda fuente de alimentaci\u00f3n SG-DC\/DC3 para proporcionar redundancia total para los requisitos de potencia de&hellip;<\/p>\n","protected":false},"featured_media":3370,"comment_status":"open","ping_status":"closed","template":"","meta":{"om_disable_all_campaigns":false,"_monsterinsights_skip_tracking":false,"_monsterinsights_sitenote_active":false,"_monsterinsights_sitenote_note":"","_monsterinsights_sitenote_category":0},"product_brand":[],"product_cat":[253],"product_tag":[212,211,151],"class_list":{"0":"post-3371","1":"product","2":"type-product","3":"status-publish","4":"has-post-thumbnail","6":"product_cat-centrales-de-monitoreo-y-complementos","7":"product_tag-alarmas","8":"product_tag-alarmas-e-intrusion","9":"product_tag-seguridad","11":"first","12":"instock","13":"sale","14":"taxable","15":"shipping-taxable","16":"purchasable","17":"product-type-simple"},"aioseo_notices":[],"_links":{"self":[{"href":"https:\/\/tecsecmty.com\/index.php\/wp-json\/wp\/v2\/product\/3371","targetHints":{"allow":["GET"]}}],"collection":[{"href":"https:\/\/tecsecmty.com\/index.php\/wp-json\/wp\/v2\/product"}],"about":[{"href":"https:\/\/tecsecmty.com\/index.php\/wp-json\/wp\/v2\/types\/product"}],"replies":[{"embeddable":true,"href":"https:\/\/tecsecmty.com\/index.php\/wp-json\/wp\/v2\/comments?post=3371"}],"version-history":[{"count":0,"href":"https:\/\/tecsecmty.com\/index.php\/wp-json\/wp\/v2\/product\/3371\/revisions"}],"wp:featuredmedia":[{"embeddable":true,"href":"https:\/\/tecsecmty.com\/index.php\/wp-json\/wp\/v2\/media\/3370"}],"wp:attachment":[{"href":"https:\/\/tecsecmty.com\/index.php\/wp-json\/wp\/v2\/media?parent=3371"}],"wp:term":[{"taxonomy":"product_brand","embeddable":true,"href":"https:\/\/tecsecmty.com\/index.php\/wp-json\/wp\/v2\/product_brand?post=3371"},{"taxonomy":"product_cat","embeddable":true,"href":"https:\/\/tecsecmty.com\/index.php\/wp-json\/wp\/v2\/product_cat?post=3371"},{"taxonomy":"product_tag","embeddable":true,"href":"https:\/\/tecsecmty.com\/index.php\/wp-json\/wp\/v2\/product_tag?post=3371"}],"curies":[{"name":"wp","href":"https:\/\/api.w.org\/{rel}","templated":true}]}}