{"id":3373,"date":"2023-02-23T00:18:49","date_gmt":"2023-02-23T06:18:49","guid":{"rendered":"https:\/\/tecsecmty.com\/index.php\/producto\/dsc-sgdrl3-ip-tarjeta-de-linea-monitorea-hasta-1536-dsc-ip-comunicadores\/"},"modified":"2023-03-22T23:23:24","modified_gmt":"2023-03-23T05:23:24","slug":"dsc-sgdrl3-ip-tarjeta-de-linea-monitorea-hasta-1536-dsc-ip-comunicadores","status":"publish","type":"product","link":"https:\/\/tecsecmty.com\/index.php\/producto\/dsc-sgdrl3-ip-tarjeta-de-linea-monitorea-hasta-1536-dsc-ip-comunicadores\/","title":{"rendered":"DSC SGDRL3-IP &#8211; Tarjeta de Linea Monitorea Hasta 1536 DSC IP Comunicadores"},"content":{"rendered":"<h5 class=\"card-title text-center\">Informaci\u00f3n General<\/h5>\n<h3><strong>Descripci\u00f3n<\/strong><\/h3>\n<p>SG-DRL3-IP Cada tarjeta de l\u00ednea SG-DRL3-IP monitorear\u00e1 hasta 1536 comunicadores IP DSC. 512 de esos comunicadores IP pueden ser supervisados.<\/p>\n<h3><strong>Caracter\u00edsticas<\/strong><\/h3>\n<ul data-checked=\"false\">\n<li>Cada tarjeta de l\u00ednea admite hasta 512 cuentas supervisadas y hasta 1,536 cuentas en total<\/li>\n<li>Funciona a trav\u00e9s de la red local LAN \/ WAN, as\u00ed como de Internet.<\/li>\n<li>Cifrado AES de 128 bits<\/li>\n<li>Sondeo y protecci\u00f3n de sustituci\u00f3n de hardware para los transmisores<\/li>\n<li>Compatible con redes 10 \/ 100BaseT<\/li>\n<li>Norma UL y seguridad de l\u00ednea encriptada<\/li>\n<\/ul>\n<p>El SG-DRL3-ip realiza funciones similares a la tarjeta de l\u00ednea SG-DRL3. La tarjeta de l\u00ednea SG-DRL3 recibe informaci\u00f3n de alarma desde un panel de control a trav\u00e9s de una l\u00ednea telef\u00f3nica. La tarjeta de l\u00ednea SG-DRL3-ip recibe informaci\u00f3n de alarma de los paneles a trav\u00e9s de una red LAN \/ WAN o internet.<\/p>\n<p>El receptor del sistema III se puede configurar para usar tarjetas de l\u00ednea SG-DRL3, tarjetas de l\u00ednea SG-DRL3-IP o una combinaci\u00f3n de ambas. Consulte el manual de instalaci\u00f3n del sistema III para obtener informaci\u00f3n adicional.<\/p>\n<ul data-checked=\"false\">\n<li>Proporciona mayor seguridad de l\u00ednea que los paneles de acceso telef\u00f3nico convencionales con la funci\u00f3n de sondeo.<\/li>\n<li>Transmisi\u00f3n m\u00e1s r\u00e1pida ya que no se requiere marcar ni apretar las manos.<\/li>\n<li>El panel de control es el creador de las se\u00f1ales y, como tal, ser\u00e1 el que solicite el ACK desde la estaci\u00f3n central.<\/li>\n<li>La detecci\u00f3n de problemas de red se muestra en la pantalla LCD \/ Impresora y el software de automatizaci\u00f3n.<\/li>\n<li>Desconecte la detecci\u00f3n de problemas.<\/li>\n<li>IP est\u00e1tica para la programaci\u00f3n de los protocolos de red.<\/li>\n<li>Entorno de sondeo de red de datos para el reemplazo de una red DVACS existente. Cumple los 90 segundos de ULC requeridos para esta opci\u00f3n.<\/li>\n<li>Los descriptores de eventos SIA se utilizan cuando se transmite informaci\u00f3n a la estaci\u00f3n central desde el panel de control a trav\u00e9s de la conexi\u00f3n pc-link.<\/li>\n<li>Una funci\u00f3n de seguridad se comunica con la estaci\u00f3n central cuando un m\u00f3dulo se retira y se reemplaza.<\/li>\n<\/ul>\n<p><img decoding=\"async\" class=\"overview-center-img-web\" src=\"https:\/\/tvc.mx\/media\/29608\/principalcomer.jpg\" alt=\"\" \/><\/p>\n","protected":false},"excerpt":{"rendered":"<p>Informaci\u00f3n General Descripci\u00f3n SG-DRL3-IP Cada tarjeta de l\u00ednea SG-DRL3-IP monitorear\u00e1 hasta 1536 comunicadores IP DSC. 512 de esos comunicadores IP pueden ser supervisados. Caracter\u00edsticas Cada tarjeta de l\u00ednea admite hasta 512 cuentas supervisadas y hasta 1,536 cuentas en total Funciona a trav\u00e9s de la red&hellip;<\/p>\n","protected":false},"featured_media":3372,"comment_status":"open","ping_status":"closed","template":"","meta":{"om_disable_all_campaigns":false,"_monsterinsights_skip_tracking":false,"_monsterinsights_sitenote_active":false,"_monsterinsights_sitenote_note":"","_monsterinsights_sitenote_category":0},"product_brand":[],"product_cat":[253],"product_tag":[212,211,151],"class_list":{"0":"post-3373","1":"product","2":"type-product","3":"status-publish","4":"has-post-thumbnail","6":"product_cat-centrales-de-monitoreo-y-complementos","7":"product_tag-alarmas","8":"product_tag-alarmas-e-intrusion","9":"product_tag-seguridad","11":"first","12":"instock","13":"sale","14":"taxable","15":"shipping-taxable","16":"purchasable","17":"product-type-simple"},"aioseo_notices":[],"_links":{"self":[{"href":"https:\/\/tecsecmty.com\/index.php\/wp-json\/wp\/v2\/product\/3373","targetHints":{"allow":["GET"]}}],"collection":[{"href":"https:\/\/tecsecmty.com\/index.php\/wp-json\/wp\/v2\/product"}],"about":[{"href":"https:\/\/tecsecmty.com\/index.php\/wp-json\/wp\/v2\/types\/product"}],"replies":[{"embeddable":true,"href":"https:\/\/tecsecmty.com\/index.php\/wp-json\/wp\/v2\/comments?post=3373"}],"version-history":[{"count":0,"href":"https:\/\/tecsecmty.com\/index.php\/wp-json\/wp\/v2\/product\/3373\/revisions"}],"wp:featuredmedia":[{"embeddable":true,"href":"https:\/\/tecsecmty.com\/index.php\/wp-json\/wp\/v2\/media\/3372"}],"wp:attachment":[{"href":"https:\/\/tecsecmty.com\/index.php\/wp-json\/wp\/v2\/media?parent=3373"}],"wp:term":[{"taxonomy":"product_brand","embeddable":true,"href":"https:\/\/tecsecmty.com\/index.php\/wp-json\/wp\/v2\/product_brand?post=3373"},{"taxonomy":"product_cat","embeddable":true,"href":"https:\/\/tecsecmty.com\/index.php\/wp-json\/wp\/v2\/product_cat?post=3373"},{"taxonomy":"product_tag","embeddable":true,"href":"https:\/\/tecsecmty.com\/index.php\/wp-json\/wp\/v2\/product_tag?post=3373"}],"curies":[{"name":"wp","href":"https:\/\/api.w.org\/{rel}","templated":true}]}}