{"id":3377,"date":"2023-02-23T00:18:52","date_gmt":"2023-02-23T06:18:52","guid":{"rendered":"https:\/\/tecsecmty.com\/index.php\/producto\/dsc-sgdrl5-tarjeta-analogica-de-1-linea-telefonica-para-system-v-sin-soporte\/"},"modified":"2023-03-22T23:23:25","modified_gmt":"2023-03-23T05:23:25","slug":"dsc-sgdrl5-tarjeta-analogica-de-1-linea-telefonica-para-system-v-sin-soporte","status":"publish","type":"product","link":"https:\/\/tecsecmty.com\/index.php\/producto\/dsc-sgdrl5-tarjeta-analogica-de-1-linea-telefonica-para-system-v-sin-soporte\/","title":{"rendered":"DSC SGDRL5 &#8211; Tarjeta Anal\u00f3gica de 1 Linea Telefonica para System V sin Soporte"},"content":{"rendered":"<h5 class=\"card-title text-center\">Descripcion<\/h5>\n<p><strong>Descripci\u00f3n comercial<\/strong><\/p>\n<p>Las tarjetas de l\u00ednea an\u00e1loga sg-drl5, es \u00fatil para monitorear hasta 150 formatos compatibles de comunicaci\u00f3n en el mercado.<\/p>\n<p><strong>Beneficios adicionales<\/strong><\/p>\n<ul>\n<li>Dise\u00f1o antisabotaje<\/li>\n<li>Capacidad de cuentas an\u00e1logas recomendado 350<\/li>\n<\/ul>\n<p><strong>Para qu\u00e9 sirve<\/strong><\/p>\n<p>Las tarjetas de l\u00edneas permiten la comunicaci\u00f3n de los paneles con las centrales de alarma, para el aviso y la pronta reacci\u00f3n.<\/p>\n<p>Compatible con la central system 5, utiliza un bracket para fijarla en el rack<\/p>\n<p><img decoding=\"async\" class=\"overview-center-img-web\" src=\"https:\/\/tvc.mx\/media\/29555\/DSC1200022-principalcomer.jpg\" alt=\"\" \/><\/p>\n","protected":false},"excerpt":{"rendered":"<p>Descripcion Descripci\u00f3n comercial Las tarjetas de l\u00ednea an\u00e1loga sg-drl5, es \u00fatil para monitorear hasta 150 formatos compatibles de comunicaci\u00f3n en el mercado. Beneficios adicionales Dise\u00f1o antisabotaje Capacidad de cuentas an\u00e1logas recomendado 350 Para qu\u00e9 sirve Las tarjetas de l\u00edneas permiten la comunicaci\u00f3n de los paneles&hellip;<\/p>\n","protected":false},"featured_media":3376,"comment_status":"open","ping_status":"closed","template":"","meta":{"om_disable_all_campaigns":false,"_monsterinsights_skip_tracking":false,"_monsterinsights_sitenote_active":false,"_monsterinsights_sitenote_note":"","_monsterinsights_sitenote_category":0},"product_brand":[],"product_cat":[253],"product_tag":[212,211,151],"class_list":{"0":"post-3377","1":"product","2":"type-product","3":"status-publish","4":"has-post-thumbnail","6":"product_cat-centrales-de-monitoreo-y-complementos","7":"product_tag-alarmas","8":"product_tag-alarmas-e-intrusion","9":"product_tag-seguridad","11":"first","12":"instock","13":"sale","14":"taxable","15":"shipping-taxable","16":"purchasable","17":"product-type-simple"},"aioseo_notices":[],"_links":{"self":[{"href":"https:\/\/tecsecmty.com\/index.php\/wp-json\/wp\/v2\/product\/3377","targetHints":{"allow":["GET"]}}],"collection":[{"href":"https:\/\/tecsecmty.com\/index.php\/wp-json\/wp\/v2\/product"}],"about":[{"href":"https:\/\/tecsecmty.com\/index.php\/wp-json\/wp\/v2\/types\/product"}],"replies":[{"embeddable":true,"href":"https:\/\/tecsecmty.com\/index.php\/wp-json\/wp\/v2\/comments?post=3377"}],"version-history":[{"count":0,"href":"https:\/\/tecsecmty.com\/index.php\/wp-json\/wp\/v2\/product\/3377\/revisions"}],"wp:featuredmedia":[{"embeddable":true,"href":"https:\/\/tecsecmty.com\/index.php\/wp-json\/wp\/v2\/media\/3376"}],"wp:attachment":[{"href":"https:\/\/tecsecmty.com\/index.php\/wp-json\/wp\/v2\/media?parent=3377"}],"wp:term":[{"taxonomy":"product_brand","embeddable":true,"href":"https:\/\/tecsecmty.com\/index.php\/wp-json\/wp\/v2\/product_brand?post=3377"},{"taxonomy":"product_cat","embeddable":true,"href":"https:\/\/tecsecmty.com\/index.php\/wp-json\/wp\/v2\/product_cat?post=3377"},{"taxonomy":"product_tag","embeddable":true,"href":"https:\/\/tecsecmty.com\/index.php\/wp-json\/wp\/v2\/product_tag?post=3377"}],"curies":[{"name":"wp","href":"https:\/\/api.w.org\/{rel}","templated":true}]}}