{"id":3383,"date":"2023-02-23T00:18:56","date_gmt":"2023-02-23T06:18:56","guid":{"rendered":"https:\/\/tecsecmty.com\/index.php\/producto\/dsc-sgdrl5ipstd-tarjeta-digital-ip-4096-cuentas-con-512-supervisadas-tabla-1\/"},"modified":"2023-03-22T23:23:25","modified_gmt":"2023-03-23T05:23:25","slug":"dsc-sgdrl5ipstd-tarjeta-digital-ip-4096-cuentas-con-512-supervisadas-tabla-1","status":"publish","type":"product","link":"https:\/\/tecsecmty.com\/index.php\/producto\/dsc-sgdrl5ipstd-tarjeta-digital-ip-4096-cuentas-con-512-supervisadas-tabla-1\/","title":{"rendered":"DSC SGDRL5IPSTD &#8211; Tarjeta Digital IP 4096 Cuentas con 512 Supervisadas Tabla 1"},"content":{"rendered":"<h5 class=\"card-title text-center\">Descripcion<\/h5>\n<p><strong>Descripci\u00f3n comercial<\/strong><\/p>\n<p>Tarjeta de recepci\u00f3n de alarmas v\u00eda ip para system 5, capacidad de 4,096 cuentas ip, ampliable hasta 61440 mediante licencia.<\/p>\n<p><strong>Descripci\u00f3n t\u00e9cnica<\/strong><\/p>\n<p>Tarjeta de l\u00ednea ip compatible con system 5, capacidad de 4,096 cuentas ip, ampliable hasta 61,440 mediante licencia, memoria de 512 eventos, encriptaci\u00f3n aes de 128 bits, dise\u00f1o contra sabotajes (anti-hack), soporta 512 cuentas para verificaci\u00f3n visual, 512 cuentas supervisadas y 3072 cuentas no supervisadas.<\/p>\n<p><strong>Beneficios adicionales<\/strong><\/p>\n<ul>\n<li>Tarjetas actualizables.<\/li>\n<li>Ampliaci\u00f3n de cuentas mediante licencia.<\/li>\n<\/ul>\n<p><strong>Para que sirve<\/strong><\/p>\n<p>A trav\u00e9s de la tarjeta sg-drl5-ipstd, la receptora system 5 puede recibir las se\u00f1ales de alarma v\u00eda ip.<\/p>\n<p><img decoding=\"async\" class=\"overview-center-img-web\" src=\"https:\/\/tvc.mx\/media\/29557\/DSC1200023-principalcomer.jpg\" alt=\"\" \/><\/p>\n","protected":false},"excerpt":{"rendered":"<p>Descripcion Descripci\u00f3n comercial Tarjeta de recepci\u00f3n de alarmas v\u00eda ip para system 5, capacidad de 4,096 cuentas ip, ampliable hasta 61440 mediante licencia. Descripci\u00f3n t\u00e9cnica Tarjeta de l\u00ednea ip compatible con system 5, capacidad de 4,096 cuentas ip, ampliable hasta 61,440 mediante licencia, memoria de&hellip;<\/p>\n","protected":false},"featured_media":3382,"comment_status":"open","ping_status":"closed","template":"","meta":{"om_disable_all_campaigns":false,"_monsterinsights_skip_tracking":false,"_monsterinsights_sitenote_active":false,"_monsterinsights_sitenote_note":"","_monsterinsights_sitenote_category":0},"product_brand":[],"product_cat":[253],"product_tag":[212,211,151],"class_list":{"0":"post-3383","1":"product","2":"type-product","3":"status-publish","4":"has-post-thumbnail","6":"product_cat-centrales-de-monitoreo-y-complementos","7":"product_tag-alarmas","8":"product_tag-alarmas-e-intrusion","9":"product_tag-seguridad","11":"first","12":"instock","13":"sale","14":"taxable","15":"shipping-taxable","16":"purchasable","17":"product-type-simple"},"aioseo_notices":[],"_links":{"self":[{"href":"https:\/\/tecsecmty.com\/index.php\/wp-json\/wp\/v2\/product\/3383","targetHints":{"allow":["GET"]}}],"collection":[{"href":"https:\/\/tecsecmty.com\/index.php\/wp-json\/wp\/v2\/product"}],"about":[{"href":"https:\/\/tecsecmty.com\/index.php\/wp-json\/wp\/v2\/types\/product"}],"replies":[{"embeddable":true,"href":"https:\/\/tecsecmty.com\/index.php\/wp-json\/wp\/v2\/comments?post=3383"}],"version-history":[{"count":0,"href":"https:\/\/tecsecmty.com\/index.php\/wp-json\/wp\/v2\/product\/3383\/revisions"}],"wp:featuredmedia":[{"embeddable":true,"href":"https:\/\/tecsecmty.com\/index.php\/wp-json\/wp\/v2\/media\/3382"}],"wp:attachment":[{"href":"https:\/\/tecsecmty.com\/index.php\/wp-json\/wp\/v2\/media?parent=3383"}],"wp:term":[{"taxonomy":"product_brand","embeddable":true,"href":"https:\/\/tecsecmty.com\/index.php\/wp-json\/wp\/v2\/product_brand?post=3383"},{"taxonomy":"product_cat","embeddable":true,"href":"https:\/\/tecsecmty.com\/index.php\/wp-json\/wp\/v2\/product_cat?post=3383"},{"taxonomy":"product_tag","embeddable":true,"href":"https:\/\/tecsecmty.com\/index.php\/wp-json\/wp\/v2\/product_tag?post=3383"}],"curies":[{"name":"wp","href":"https:\/\/api.w.org\/{rel}","templated":true}]}}