{"id":3391,"date":"2023-02-23T00:19:01","date_gmt":"2023-02-23T06:19:01","guid":{"rendered":"https:\/\/tecsecmty.com\/index.php\/producto\/dsc-sgs5kitnrips-kit-sg-system-5-cpm5-drl5-ips-s5lfantr-psu5-600\/"},"modified":"2023-03-22T23:23:25","modified_gmt":"2023-03-23T05:23:25","slug":"dsc-sgs5kitnrips-kit-sg-system-5-cpm5-drl5-ips-s5lfantr-psu5-600","status":"publish","type":"product","link":"https:\/\/tecsecmty.com\/index.php\/producto\/dsc-sgs5kitnrips-kit-sg-system-5-cpm5-drl5-ips-s5lfantr-psu5-600\/","title":{"rendered":"DSC SGS5KITNRIPS &#8211; Kit SG-System 5: CPM5 + DRL5-IPS + S5LFANTR + PSU5-600"},"content":{"rendered":"<h5 class=\"card-title text-center\">Informaci\u00f3n General<\/h5>\n<h3><strong>Descripci\u00f3n<\/strong><\/h3>\n<p>El nuevo\u00a0SG-SYSTEM 5 est\u00e1 basado en la tradici\u00f3n de SUR-GARD, la de desarrollar receptoras para estaci\u00f3n de monitoreo l\u00edderes en la industria, SUR-GARD brinda m\u00e1xima confiabilidad mediante caracter\u00edsticas como redundancia integrada, eliminando los costos causados por la interrupci\u00f3n del sistema, el nuevo SG-SYSTEM 5 tambien asegura que la inversi\u00f3n hecha en el sistema responda a los requerimientos de crecimiento, se pueden monitorear hasta 1,474.560 comunicadores IP celular o Ethernet mediante la actualizaci\u00f3n de las llaves de licencia y memoria ampliable.<\/p>\n<h3><strong>Contenido del Kit ( No incluye el Chasis )<\/strong><\/h3>\n<ul>\n<li>1 Piezas de\u00a0<strong>SG-CPM5<\/strong>\u00a0M\u00f3dulo central de procesamiento SG-SYSTEM 5<\/li>\n<li>1 Pieza de\u00a0<strong>SG-DRL5-IP\u00a0<\/strong>Tarjeta IP para recepci\u00f3n de se\u00f1ales.<\/li>\n<li>1 Pieza de\u00a0<strong>SG-S5LFANTR\u00a0<\/strong>Ventilador para la tarjeta IP.<\/li>\n<li>1 Piezas de\u00a0<strong>SG-PSU5-6001<\/strong>\u00a0Fuente de poder 600W\u00a0SG-SYSTEM<\/li>\n<\/ul>\n<p>Beneficios adicionales<\/p>\n<ul data-checked=\"false\">\n<li>Redundancia integrada de elimina perdidas de tiempo.<\/li>\n<li>M\u00f3dulos con capacidad de sustituci\u00f3n en caliente (HOT SWAP). Memoria integrada actualizable para almacenamiento OFFLINE de videos de verificaci\u00f3n visual.<\/li>\n<li>Acceso CMS para archivos de verificaci\u00f3n visual, actualizaci\u00f3n remota y estado del sistema a trav\u00e9s de SYSTEM console.<\/li>\n<\/ul>\n<h3><strong>Para que sirve<\/strong><\/h3>\n<p>Central de alarma permite el monitoreo y la verificaci\u00f3n visual de alarma, la receptora permite recibir alarmas por las l\u00edneas telef\u00f3nicas tradicionales o sobre conexiones IP (usando comunicadores IP de DSC o transmisores IP de terceros licendiados), con la capacidad de aceptar m\u00faltiples formatos de comunicaci\u00f3n de los paneles de control, la cantidad de receptoras f\u00edsicas requeridas puede reducirse significativamente, ahorrando no s\u00f3lo un valioso espacio sino adem\u00e1s costos de capital.<\/p>\n<h3><strong>Compatibilidad<\/strong><\/h3>\n<p>SG-SYSTEM 5 comunicadores IP o celular de DSC<\/p>\n<p><img decoding=\"async\" class=\"overview-center-img-web\" src=\"https:\/\/tvc.mx\/media\/37080\/principalcomer.jpg\" alt=\"\" \/><\/p>\n","protected":false},"excerpt":{"rendered":"<p>Informaci\u00f3n General Descripci\u00f3n El nuevo\u00a0SG-SYSTEM 5 est\u00e1 basado en la tradici\u00f3n de SUR-GARD, la de desarrollar receptoras para estaci\u00f3n de monitoreo l\u00edderes en la industria, SUR-GARD brinda m\u00e1xima confiabilidad mediante caracter\u00edsticas como redundancia integrada, eliminando los costos causados por la interrupci\u00f3n del sistema, el nuevo&hellip;<\/p>\n","protected":false},"featured_media":3390,"comment_status":"open","ping_status":"closed","template":"","meta":{"om_disable_all_campaigns":false,"_monsterinsights_skip_tracking":false,"_monsterinsights_sitenote_active":false,"_monsterinsights_sitenote_note":"","_monsterinsights_sitenote_category":0},"product_brand":[],"product_cat":[253],"product_tag":[212,211,151],"class_list":{"0":"post-3391","1":"product","2":"type-product","3":"status-publish","4":"has-post-thumbnail","6":"product_cat-centrales-de-monitoreo-y-complementos","7":"product_tag-alarmas","8":"product_tag-alarmas-e-intrusion","9":"product_tag-seguridad","11":"first","12":"instock","13":"sale","14":"taxable","15":"shipping-taxable","16":"purchasable","17":"product-type-simple"},"aioseo_notices":[],"_links":{"self":[{"href":"https:\/\/tecsecmty.com\/index.php\/wp-json\/wp\/v2\/product\/3391","targetHints":{"allow":["GET"]}}],"collection":[{"href":"https:\/\/tecsecmty.com\/index.php\/wp-json\/wp\/v2\/product"}],"about":[{"href":"https:\/\/tecsecmty.com\/index.php\/wp-json\/wp\/v2\/types\/product"}],"replies":[{"embeddable":true,"href":"https:\/\/tecsecmty.com\/index.php\/wp-json\/wp\/v2\/comments?post=3391"}],"version-history":[{"count":0,"href":"https:\/\/tecsecmty.com\/index.php\/wp-json\/wp\/v2\/product\/3391\/revisions"}],"wp:featuredmedia":[{"embeddable":true,"href":"https:\/\/tecsecmty.com\/index.php\/wp-json\/wp\/v2\/media\/3390"}],"wp:attachment":[{"href":"https:\/\/tecsecmty.com\/index.php\/wp-json\/wp\/v2\/media?parent=3391"}],"wp:term":[{"taxonomy":"product_brand","embeddable":true,"href":"https:\/\/tecsecmty.com\/index.php\/wp-json\/wp\/v2\/product_brand?post=3391"},{"taxonomy":"product_cat","embeddable":true,"href":"https:\/\/tecsecmty.com\/index.php\/wp-json\/wp\/v2\/product_cat?post=3391"},{"taxonomy":"product_tag","embeddable":true,"href":"https:\/\/tecsecmty.com\/index.php\/wp-json\/wp\/v2\/product_tag?post=3391"}],"curies":[{"name":"wp","href":"https:\/\/api.w.org\/{rel}","templated":true}]}}