{"id":3393,"date":"2023-02-23T00:19:02","date_gmt":"2023-02-23T06:19:02","guid":{"rendered":"https:\/\/tecsecmty.com\/index.php\/producto\/dsc-sgs5lbrkt-soporte-de-montaje-para-tarjeta-analogica-para-system-v-para-6-tarjetas\/"},"modified":"2023-03-22T23:23:25","modified_gmt":"2023-03-23T05:23:25","slug":"dsc-sgs5lbrkt-soporte-de-montaje-para-tarjeta-analogica-para-system-v-para-6-tarjetas","status":"publish","type":"product","link":"https:\/\/tecsecmty.com\/index.php\/producto\/dsc-sgs5lbrkt-soporte-de-montaje-para-tarjeta-analogica-para-system-v-para-6-tarjetas\/","title":{"rendered":"DSC SGS5LBRKT &#8211; Soporte de Montaje Para Tarjeta Anal\u00f3gica para System V Para 6 Tarjetas"},"content":{"rendered":"<div class=\"row aling-items-center padding-bottom-2x\">\n<div class=\"col-lg-12\">\n<h5 class=\"card-title text-center\">Informaci\u00f3n General<\/h5>\n<h3>SOPORTE DE MONTAJE PARA LAS TARJETAS DE L\u00cdNEA, CADA SOPORTE PERMITE LA INSTALACI\u00d3N DE HASTA 6 TARJETAS PSTN.<\/h3>\n<p><img decoding=\"async\" class=\"overview-center-img-web\" src=\"https:\/\/tvc.mx\/media\/29646\/principalcomer.jpg\" alt=\"\" \/><\/div>\n<\/div>\n<div class=\"row align-items-center padding-bottom-2x\">\n<div class=\"col-md-5\"><img decoding=\"async\" class=\"d-block m-auto img-thumbnail\" src=\"https:\/\/tvc.mx\/media\/29649\/300x400.jpg\" alt=\" \" \/><\/div>\n<div class=\"col-md-7 text-md-left text-center\">\n<h2>Principales Caracteristicas<\/h2>\n<p class=\"text-muted\">\n<p class=\"ql-align-justify\">DESCRIPCI\u00d3N T\u00c9CNICA<\/p>\n<p>SOPORTE DE MONTAJE PARA LAS TARJETAS DE L\u00cdNEA, CAPACIDAD DE SOPORTAR 6 TARJETAS, INCLUYE DOS SOPORTES.<\/p>\n<\/div>\n<\/div>\n","protected":false},"excerpt":{"rendered":"<p>Informaci\u00f3n General SOPORTE DE MONTAJE PARA LAS TARJETAS DE L\u00cdNEA, CADA SOPORTE PERMITE LA INSTALACI\u00d3N DE HASTA 6 TARJETAS PSTN. Principales Caracteristicas DESCRIPCI\u00d3N T\u00c9CNICA SOPORTE DE MONTAJE PARA LAS TARJETAS DE L\u00cdNEA, CAPACIDAD DE SOPORTAR 6 TARJETAS, INCLUYE DOS SOPORTES.<\/p>\n","protected":false},"featured_media":3392,"comment_status":"open","ping_status":"closed","template":"","meta":{"om_disable_all_campaigns":false,"_monsterinsights_skip_tracking":false,"_monsterinsights_sitenote_active":false,"_monsterinsights_sitenote_note":"","_monsterinsights_sitenote_category":0},"product_brand":[],"product_cat":[253],"product_tag":[212,211,151],"class_list":{"0":"post-3393","1":"product","2":"type-product","3":"status-publish","4":"has-post-thumbnail","6":"product_cat-centrales-de-monitoreo-y-complementos","7":"product_tag-alarmas","8":"product_tag-alarmas-e-intrusion","9":"product_tag-seguridad","11":"first","12":"instock","13":"sale","14":"taxable","15":"shipping-taxable","16":"purchasable","17":"product-type-simple"},"aioseo_notices":[],"_links":{"self":[{"href":"https:\/\/tecsecmty.com\/index.php\/wp-json\/wp\/v2\/product\/3393","targetHints":{"allow":["GET"]}}],"collection":[{"href":"https:\/\/tecsecmty.com\/index.php\/wp-json\/wp\/v2\/product"}],"about":[{"href":"https:\/\/tecsecmty.com\/index.php\/wp-json\/wp\/v2\/types\/product"}],"replies":[{"embeddable":true,"href":"https:\/\/tecsecmty.com\/index.php\/wp-json\/wp\/v2\/comments?post=3393"}],"version-history":[{"count":0,"href":"https:\/\/tecsecmty.com\/index.php\/wp-json\/wp\/v2\/product\/3393\/revisions"}],"wp:featuredmedia":[{"embeddable":true,"href":"https:\/\/tecsecmty.com\/index.php\/wp-json\/wp\/v2\/media\/3392"}],"wp:attachment":[{"href":"https:\/\/tecsecmty.com\/index.php\/wp-json\/wp\/v2\/media?parent=3393"}],"wp:term":[{"taxonomy":"product_brand","embeddable":true,"href":"https:\/\/tecsecmty.com\/index.php\/wp-json\/wp\/v2\/product_brand?post=3393"},{"taxonomy":"product_cat","embeddable":true,"href":"https:\/\/tecsecmty.com\/index.php\/wp-json\/wp\/v2\/product_cat?post=3393"},{"taxonomy":"product_tag","embeddable":true,"href":"https:\/\/tecsecmty.com\/index.php\/wp-json\/wp\/v2\/product_tag?post=3393"}],"curies":[{"name":"wp","href":"https:\/\/api.w.org\/{rel}","templated":true}]}}