{"id":3405,"date":"2023-02-23T00:19:12","date_gmt":"2023-02-23T06:19:12","guid":{"rendered":"https:\/\/tecsecmty.com\/index.php\/producto\/dsc-websa-work-group-websa-workgroup-act-code-licencia-anual\/"},"modified":"2023-03-22T23:23:26","modified_gmt":"2023-03-23T05:23:26","slug":"dsc-websa-work-group-websa-workgroup-act-code-licencia-anual","status":"publish","type":"product","link":"https:\/\/tecsecmty.com\/index.php\/producto\/dsc-websa-work-group-websa-workgroup-act-code-licencia-anual\/","title":{"rendered":"DSC WEBSA WORK GROUP &#8211; Websa Workgroup Act Code \/ Licencia Anual"},"content":{"rendered":"<div class=\"row aling-items-center padding-bottom-2x\">\n<div class=\"col-lg-12\">\n<h5 class=\"card-title text-center\">WebSA<\/h5>\n<h2 class=\"ql-align-justify\">WEBSA &#8211; ADMINISTRADOR DE SISTEMA<\/h2>\n<p class=\"ql-align-justify\">WebSA es una aplicaci\u00f3n de interfaz web f\u00e1cil de usar que est\u00e1 dirigida a usuarios finales no t\u00e9cnicos o administradores de sistemas (SA), que ofrece toda la funcionalidad requerida para administrar, monitorear y controlar adecuadamente el sistema de intrusi\u00f3n, ya sea en tiempo real o desconectado.<\/p>\n<p class=\"ql-align-justify\"><strong>Pago de licencia WebSA work group \u00fanico<\/strong><\/p>\n<p class=\"ql-align-justify\"><strong>Pago de licencia por Panel<\/strong><\/p>\n<h5 class=\"ql-align-justify\">Caracter\u00edsticas:<\/h5>\n<p class=\"ql-align-justify\">F\u00e1cil instalaci\u00f3n<\/p>\n<ul>\n<li class=\"ql-align-justify\">El proceso de instalaci\u00f3n simple implica ejecutar un archivo ejecutable (.EXE) que reconoce y descarga los componentes faltantes autom\u00e1ticamente para completar el proceso<\/li>\n<\/ul>\n<p class=\"ql-align-justify\">Software de cliente basado en web<\/p>\n<ul>\n<li class=\"ql-align-justify\">Se puede acceder al software de administrador del sistema WebSA en configuraci\u00f3n independiente a trav\u00e9s del software nativo en la m\u00e1quina instalada (DSL 5)<\/li>\n<li class=\"ql-align-justify\">Se puede acceder al software de administrador del sistema WebSA en la configuraci\u00f3n de grupo de trabajo \/ complemento \/ a trav\u00e9s de la mayor\u00eda de los navegadores web est\u00e1ndar (como: Chrome, Firefox, Internet Explorer)<\/li>\n<\/ul>\n<p class=\"ql-align-justify\">Gesti\u00f3n de sistemas impulsados \u200b\u200bpor procesos y configuraci\u00f3n b\u00e1sica<\/p>\n<ul>\n<li class=\"ql-align-justify\">Interfaz gr\u00e1fica de usuario intuitiva y f\u00e1cil de usar construida con HTML5 y CSS que proporciona una navegaci\u00f3n, configuraci\u00f3n y administraci\u00f3n de usuarios.<\/li>\n<\/ul>\n<p class=\"ql-align-justify\">Detecci\u00f3n autom\u00e1tica y conexi\u00f3n<\/p>\n<ul>\n<li class=\"ql-align-justify\">Despu\u00e9s de crear una nueva cuenta, se conectar\u00e1 autom\u00e1ticamente a trav\u00e9s del tipo de conexi\u00f3n preferido y se sincronizar\u00e1 con el sistema.<\/li>\n<li class=\"ql-align-justify\">Haga clic en los mosaicos de la cuenta existente y con\u00e9ctese autom\u00e1ticamente a la secci\u00f3n de la cuenta respectiva<\/li>\n<\/ul>\n<p class=\"ql-align-justify\">Monitoreo del sistema en tiempo real<\/p>\n<ul>\n<li class=\"ql-align-justify\">Panel de control en tiempo real (secci\u00f3n de estado mejorado)<\/li>\n<li class=\"ql-align-justify\">Conexi\u00f3n continua en tiempo real con panel<\/li>\n<\/ul>\n<p class=\"ql-align-justify\">Administrar usuarios y horarios del panel<\/p>\n<ul>\n<li class=\"ql-align-justify\">Crear, modificar y monitorear usuarios del panel<\/li>\n<li class=\"ql-align-justify\">Programar eventos futuros<\/li>\n<\/ul>\n<p class=\"ql-align-justify\">Generar informes<\/p>\n<ul>\n<li class=\"ql-align-justify\">Los operadores pueden generar y exportar informes para cualquier secci\u00f3n a la que tengan acceso (por ejemplo: Informe de b\u00fafer de eventos, informes de usuario, informes de vacaciones y programaci\u00f3n, informe del panel b\u00e1sico, informe del panel de detalles, informe de la cuenta)<\/li>\n<\/ul>\n<h4>Requisitos previos de Web SA<\/h4>\n<p>Las siguientes aplicaciones deben estar instaladas para que Workgroup Web SA funcione.<\/p>\n<p>Estos requisitos previos se descargan autom\u00e1ticamente (si es necesario) y se instalan en circunstancias normales.<\/p>\n<p>1) Microsoft .NET Framework 4.6 (Cualquier actualizaci\u00f3n cr\u00edtica de estos requisitos previos debe instalarse a trav\u00e9s de Windows Update)<\/p>\n<p>Requisitos m\u00ednimos de hardware del servidor<\/p>\n<h4>Para admitir los requisitos previos de Web SA, se deben cumplir los siguientes requisitos del sistema:<\/h4>\n<ul>\n<li>Procesador: Procesador compatible con Pentium III de 600 megahercios (MHz) o m\u00e1s r\u00e1pido; se recomienda 1 gigahercio (GHz) o m\u00e1s r\u00e1pido<\/li>\n<li>RAM: 2 GB de memoria del sistema<\/li>\n<li>Disco duro: es posible que se requieran hasta 2 GB de espacio disponible.<\/li>\n<li>Unidad de CD o DVD: no se requiere<\/li>\n<li>Pantalla: 1024 x 768 de alto color, 32 bits (recomendado)<\/li>\n<li>Nota: Workgroup Web SA utiliza 500 MB, es posible que se requiera espacio adicional en el disco duro para los requisitos previos<\/li>\n<\/ul>\n<h4>SISTEMAS OPERARTIVOS SOPORTADOS:<\/h4>\n<ul>\n<li class=\"ql-align-justify\">Windows 7<\/li>\n<li class=\"ql-align-justify\">Windows 8<\/li>\n<li class=\"ql-align-justify\">Windows 8.1<\/li>\n<li class=\"ql-align-justify\">Windows 10<\/li>\n<li class=\"ql-align-justify\">Windows server 2002 r2<\/li>\n<\/ul>\n<h4 class=\"ql-align-justify\">Informaci\u00f3n:<\/h4>\n<h5>http:\/\/websahelp.dsc.com\/index.php?title=Workgroup_Web_SA_NA<\/h5>\n<p><img decoding=\"async\" class=\"overview-center-img-web\" src=\"https:\/\/tvc.mx\/media\/147590\/1920x400.jpg\" alt=\"\" \/><\/div>\n<\/div>\n<div class=\"row aling-items-center padding-bottom-2x\">\n<div class=\"col-lg-12\">\n<h5 class=\"card-title text-center\">WebSA<\/h5>\n<h4>RECOMENDACIONES:<\/h4>\n<ul>\n<li>Se puede conectar un m\u00e1ximo de ocho usuarios al servidor al mismo tiempo<\/li>\n<li>Se pueden agregar un m\u00e1ximo de ocho m\u00f3dems al servidor<\/li>\n<li>Si solo se usa un m\u00f3dem, debe configurarse solo para salientes<\/li>\n<li>No hay conexi\u00f3n PC-Link en el modo de grupo de trabajo<\/li>\n<li>Debe usar un grupo de m\u00f3dems compartido en el modo de grupo de trabajo<\/li>\n<li>Windows XP Home no es un sistema operativo de servidor de grupo de trabajo recomendado<\/li>\n<li>Si los m\u00f3dems no est\u00e1n conectados directamente a la m\u00e1quina del servidor a trav\u00e9s de un puerto RS-232 nativo, solo se debe usar el convertidor de USB a serie de Keyspan para optimizar la funcionalidad PSTN completa.<\/li>\n<li>La m\u00e1quina DLS Workgroup Server debe estar encendida y en l\u00ednea en todo momento. Desactive cualquier modo de ahorro de energ\u00eda (hibernaci\u00f3n, modo de suspensi\u00f3n) para asegurarse de que los clientes puedan conectarse al servidor.<\/li>\n<li>La m\u00e1quina del servidor de grupo de trabajo DLS debe tener la funci\u00f3n de uso compartido de archivos habilitada y permitida a trav\u00e9s del firewall.<\/li>\n<li>Al instalar el paquete Web SA, aseg\u00farese de que el puerto 80 est\u00e9 libre. De lo contrario, se le pedir\u00e1 durante la instalaci\u00f3n de Web SA que libere este puerto.<\/li>\n<\/ul>\n<p>La m\u00e1quina DLS Workgroup Server debe estar encendida y en l\u00ednea en todo momento. Desactive cualquier modo de ahorro de energ\u00eda (hibernaci\u00f3n, modo de suspensi\u00f3n) para asegurarse de que los clientes puedan conectarse al servidor.<\/p>\n<p>La m\u00e1quina del servidor de grupo de trabajo DLS debe tener la funci\u00f3n de uso compartido de archivos habilitada y permitida a trav\u00e9s del firewall.<\/p>\n<p>Al instalar el paquete Web SA, aseg\u00farese de que el puerto 80 est\u00e9 libre. De lo contrario, se le pedir\u00e1 durante la instalaci\u00f3n de Web SA que libere este puerto.<\/p>\n<p>Puede trabajar sobre la base ya instalada DLS 5 para obtener toda la informaci\u00f3n o puede trabajar independiente.<\/p>\n<h4 class=\"ql-align-justify\">Informaci\u00f3n:<\/h4>\n<h5>http:\/\/websahelp.dsc.com\/index.php?title=Workgroup_Web_SA_NA<\/h5>\n<p><img decoding=\"async\" class=\"overview-center-img-web\" src=\"https:\/\/tvc.mx\/media\/147602\/1920x400-2.jpg\" alt=\"\" \/><\/div>\n<\/div>\n","protected":false},"excerpt":{"rendered":"<p>WebSA WEBSA &#8211; ADMINISTRADOR DE SISTEMA WebSA es una aplicaci\u00f3n de interfaz web f\u00e1cil de usar que est\u00e1 dirigida a usuarios finales no t\u00e9cnicos o administradores de sistemas (SA), que ofrece toda la funcionalidad requerida para administrar, monitorear y controlar adecuadamente el sistema de intrusi\u00f3n,&hellip;<\/p>\n","protected":false},"featured_media":3404,"comment_status":"open","ping_status":"closed","template":"","meta":{"om_disable_all_campaigns":false,"_monsterinsights_skip_tracking":false,"_monsterinsights_sitenote_active":false,"_monsterinsights_sitenote_note":"","_monsterinsights_sitenote_category":0},"product_brand":[],"product_cat":[253],"product_tag":[212,211,151],"class_list":{"0":"post-3405","1":"product","2":"type-product","3":"status-publish","4":"has-post-thumbnail","6":"product_cat-centrales-de-monitoreo-y-complementos","7":"product_tag-alarmas","8":"product_tag-alarmas-e-intrusion","9":"product_tag-seguridad","11":"first","12":"instock","13":"sale","14":"taxable","15":"shipping-taxable","16":"purchasable","17":"product-type-simple"},"aioseo_notices":[],"_links":{"self":[{"href":"https:\/\/tecsecmty.com\/index.php\/wp-json\/wp\/v2\/product\/3405","targetHints":{"allow":["GET"]}}],"collection":[{"href":"https:\/\/tecsecmty.com\/index.php\/wp-json\/wp\/v2\/product"}],"about":[{"href":"https:\/\/tecsecmty.com\/index.php\/wp-json\/wp\/v2\/types\/product"}],"replies":[{"embeddable":true,"href":"https:\/\/tecsecmty.com\/index.php\/wp-json\/wp\/v2\/comments?post=3405"}],"version-history":[{"count":0,"href":"https:\/\/tecsecmty.com\/index.php\/wp-json\/wp\/v2\/product\/3405\/revisions"}],"wp:featuredmedia":[{"embeddable":true,"href":"https:\/\/tecsecmty.com\/index.php\/wp-json\/wp\/v2\/media\/3404"}],"wp:attachment":[{"href":"https:\/\/tecsecmty.com\/index.php\/wp-json\/wp\/v2\/media?parent=3405"}],"wp:term":[{"taxonomy":"product_brand","embeddable":true,"href":"https:\/\/tecsecmty.com\/index.php\/wp-json\/wp\/v2\/product_brand?post=3405"},{"taxonomy":"product_cat","embeddable":true,"href":"https:\/\/tecsecmty.com\/index.php\/wp-json\/wp\/v2\/product_cat?post=3405"},{"taxonomy":"product_tag","embeddable":true,"href":"https:\/\/tecsecmty.com\/index.php\/wp-json\/wp\/v2\/product_tag?post=3405"}],"curies":[{"name":"wp","href":"https:\/\/api.w.org\/{rel}","templated":true}]}}