{"id":3407,"date":"2023-02-23T00:19:14","date_gmt":"2023-02-23T06:19:14","guid":{"rendered":"https:\/\/tecsecmty.com\/index.php\/producto\/softguard-plan250-plan-de-soporte-anual-para-sistema-softguard-hasta-250-cuentas-atencion-full24hs-ilimitados-tickets-on-line-para-consultas-a-soporte-incluye-actualizaciones-con-mejoras-de-vers\/"},"modified":"2023-03-22T23:24:25","modified_gmt":"2023-03-23T05:24:25","slug":"softguard-plan250-plan-de-soporte-anual-para-sistema-softguard-hasta-250-cuentas-atencion-full24hs-ilimitados-tickets-on-line-para-consultas-a-soporte-incluye-actualizaciones-con-mejoras-de-vers","status":"publish","type":"product","link":"https:\/\/tecsecmty.com\/index.php\/producto\/softguard-plan250-plan-de-soporte-anual-para-sistema-softguard-hasta-250-cuentas-atencion-full24hs-ilimitados-tickets-on-line-para-consultas-a-soporte-incluye-actualizaciones-con-mejoras-de-vers\/","title":{"rendered":"Softguard PLAN250 &#8211; Plan de soporte anual para sistema SoftGuard hasta 250 cuentas, atenci\u00f3n FULL24HS, ilimitados Tickets On-Line para consultas a soporte , incluye actualizaciones con mejoras de versi\u00f3n sin cargo y acceso a capacitaci\u00f3n por e -learning."},"content":{"rendered":"<h1 id=\"title\" class=\"mb-3\">Softguard PLAN250 &#8211; Plan de soporte anual para sistema SoftGuard hasta 250 cuentas, atenci\u00f3n FULL24HS, ilimitados Tickets On-Line para consultas a soporte , incluye actualizaciones con mejoras de versi\u00f3n sin cargo y acceso a capacitaci\u00f3n por e -learning.<\/h1>\n","protected":false},"excerpt":{"rendered":"<p>Softguard PLAN250 &#8211; Plan de soporte anual para sistema SoftGuard hasta 250 cuentas, atenci\u00f3n FULL24HS, ilimitados Tickets On-Line para consultas a soporte , incluye actualizaciones con mejoras de versi\u00f3n sin cargo y acceso a capacitaci\u00f3n por e -learning.<\/p>\n","protected":false},"featured_media":3406,"comment_status":"open","ping_status":"closed","template":"","meta":{"om_disable_all_campaigns":false,"_monsterinsights_skip_tracking":false,"_monsterinsights_sitenote_active":false,"_monsterinsights_sitenote_note":"","_monsterinsights_sitenote_category":0},"product_brand":[],"product_cat":[256],"product_tag":[212,211,151],"class_list":{"0":"post-3407","1":"product","2":"type-product","3":"status-publish","4":"has-post-thumbnail","6":"product_cat-centrales-de-monitoreo-y-complementos-alarmas-softguard","7":"product_tag-alarmas","8":"product_tag-alarmas-e-intrusion","9":"product_tag-seguridad","11":"first","12":"instock","13":"sale","14":"taxable","15":"shipping-taxable","16":"purchasable","17":"product-type-simple"},"aioseo_notices":[],"_links":{"self":[{"href":"https:\/\/tecsecmty.com\/index.php\/wp-json\/wp\/v2\/product\/3407","targetHints":{"allow":["GET"]}}],"collection":[{"href":"https:\/\/tecsecmty.com\/index.php\/wp-json\/wp\/v2\/product"}],"about":[{"href":"https:\/\/tecsecmty.com\/index.php\/wp-json\/wp\/v2\/types\/product"}],"replies":[{"embeddable":true,"href":"https:\/\/tecsecmty.com\/index.php\/wp-json\/wp\/v2\/comments?post=3407"}],"version-history":[{"count":0,"href":"https:\/\/tecsecmty.com\/index.php\/wp-json\/wp\/v2\/product\/3407\/revisions"}],"wp:featuredmedia":[{"embeddable":true,"href":"https:\/\/tecsecmty.com\/index.php\/wp-json\/wp\/v2\/media\/3406"}],"wp:attachment":[{"href":"https:\/\/tecsecmty.com\/index.php\/wp-json\/wp\/v2\/media?parent=3407"}],"wp:term":[{"taxonomy":"product_brand","embeddable":true,"href":"https:\/\/tecsecmty.com\/index.php\/wp-json\/wp\/v2\/product_brand?post=3407"},{"taxonomy":"product_cat","embeddable":true,"href":"https:\/\/tecsecmty.com\/index.php\/wp-json\/wp\/v2\/product_cat?post=3407"},{"taxonomy":"product_tag","embeddable":true,"href":"https:\/\/tecsecmty.com\/index.php\/wp-json\/wp\/v2\/product_tag?post=3407"}],"curies":[{"name":"wp","href":"https:\/\/api.w.org\/{rel}","templated":true}]}}