{"id":3411,"date":"2023-02-23T00:19:16","date_gmt":"2023-02-23T06:19:16","guid":{"rendered":"https:\/\/tecsecmty.com\/index.php\/producto\/softguard-plan8000-plan-de-soporte-anual-para-sistema-softguard-hasta-8000-cuentas-atencion-full24hs-ilimitados-tickets-on-line-para-consultas-a-soporte-incluye-actualizaciones-con-mejoras-de-ver\/"},"modified":"2023-03-22T23:24:25","modified_gmt":"2023-03-23T05:24:25","slug":"softguard-plan8000-plan-de-soporte-anual-para-sistema-softguard-hasta-8000-cuentas-atencion-full24hs-ilimitados-tickets-on-line-para-consultas-a-soporte-incluye-actualizaciones-con-mejoras-de-ver","status":"publish","type":"product","link":"https:\/\/tecsecmty.com\/index.php\/producto\/softguard-plan8000-plan-de-soporte-anual-para-sistema-softguard-hasta-8000-cuentas-atencion-full24hs-ilimitados-tickets-on-line-para-consultas-a-soporte-incluye-actualizaciones-con-mejoras-de-ver\/","title":{"rendered":"Softguard PLAN8000 &#8211; Plan de soporte anual para sistema SoftGuard hasta 8000 cuentas, atenci\u00f3n FULL24HS, ilimitados Tickets On-Line para consultas a soporte, incluye actualizaciones con mejoras de versi\u00f3n sin cargo y acceso a capacitaci\u00f3n"},"content":{"rendered":"<h1 class=\"product-name\">Softguard PLAN8000 &#8211; Plan de soporte anual para sistema SoftGuard hasta 8000 cuentas, atenci\u00f3n FULL24HS, ilimitados Tickets On-Line para consultas a soporte, incluye actualizaciones con mejoras de versi\u00f3n sin cargo y acceso a capacitaci\u00f3n<\/h1>\n<div class=\"product-detail\">\n<div>\n<div class=\"front\">\n<div class=\"item cols-9 clearfix\">\n<div class=\"imagen-modelo-centrado\">\n<div class=\"product-gallery\">\n<div class=\"product-image\">\n<div id=\"wrap\"><a id=\"zoom1\" class=\"cloud-zoom 1\" href=\"http:\/\/fasyl.tvc.mx\/media\/480428\/Softguard.png\" rel=\"position:'right',zoomWidth:800,zoomHeight:800,showTitle: false, adjustX:0, adjustY:0\"><img decoding=\"async\" id=\"bigpic\" src=\"http:\/\/fasyl.tvc.mx\/media\/480428\/Softguard.png\" alt=\"Softguard PLAN8000 - Plan de soporte anual para sistema SoftGuard hasta 8000 cuentas, atenci\u00f3n FULL24HS, ilimitados Tickets On-Line para consultas a soporte, incluye actualizaciones con mejoras de versi\u00f3n sin cargo y acceso a capacitaci\u00f3n\" height=\"250\" \/><\/a><\/div>\n<\/div>\n<\/div>\n<\/div>\n<\/div>\n<\/div>\n<\/div>\n<\/div>\n","protected":false},"excerpt":{"rendered":"<p>Softguard PLAN8000 &#8211; Plan de soporte anual para sistema SoftGuard hasta 8000 cuentas, atenci\u00f3n FULL24HS, ilimitados Tickets On-Line para consultas a soporte, incluye actualizaciones con mejoras de versi\u00f3n sin cargo y acceso a capacitaci\u00f3n<\/p>\n","protected":false},"featured_media":3410,"comment_status":"open","ping_status":"closed","template":"","meta":{"om_disable_all_campaigns":false,"_monsterinsights_skip_tracking":false,"_monsterinsights_sitenote_active":false,"_monsterinsights_sitenote_note":"","_monsterinsights_sitenote_category":0},"product_brand":[],"product_cat":[256],"product_tag":[212,211,151],"class_list":{"0":"post-3411","1":"product","2":"type-product","3":"status-publish","4":"has-post-thumbnail","6":"product_cat-centrales-de-monitoreo-y-complementos-alarmas-softguard","7":"product_tag-alarmas","8":"product_tag-alarmas-e-intrusion","9":"product_tag-seguridad","11":"first","12":"instock","13":"sale","14":"taxable","15":"shipping-taxable","16":"purchasable","17":"product-type-simple"},"aioseo_notices":[],"_links":{"self":[{"href":"https:\/\/tecsecmty.com\/index.php\/wp-json\/wp\/v2\/product\/3411","targetHints":{"allow":["GET"]}}],"collection":[{"href":"https:\/\/tecsecmty.com\/index.php\/wp-json\/wp\/v2\/product"}],"about":[{"href":"https:\/\/tecsecmty.com\/index.php\/wp-json\/wp\/v2\/types\/product"}],"replies":[{"embeddable":true,"href":"https:\/\/tecsecmty.com\/index.php\/wp-json\/wp\/v2\/comments?post=3411"}],"version-history":[{"count":0,"href":"https:\/\/tecsecmty.com\/index.php\/wp-json\/wp\/v2\/product\/3411\/revisions"}],"wp:featuredmedia":[{"embeddable":true,"href":"https:\/\/tecsecmty.com\/index.php\/wp-json\/wp\/v2\/media\/3410"}],"wp:attachment":[{"href":"https:\/\/tecsecmty.com\/index.php\/wp-json\/wp\/v2\/media?parent=3411"}],"wp:term":[{"taxonomy":"product_brand","embeddable":true,"href":"https:\/\/tecsecmty.com\/index.php\/wp-json\/wp\/v2\/product_brand?post=3411"},{"taxonomy":"product_cat","embeddable":true,"href":"https:\/\/tecsecmty.com\/index.php\/wp-json\/wp\/v2\/product_cat?post=3411"},{"taxonomy":"product_tag","embeddable":true,"href":"https:\/\/tecsecmty.com\/index.php\/wp-json\/wp\/v2\/product_tag?post=3411"}],"curies":[{"name":"wp","href":"https:\/\/api.w.org\/{rel}","templated":true}]}}