{"id":3433,"date":"2023-02-23T00:19:32","date_gmt":"2023-02-23T06:19:32","guid":{"rendered":"https:\/\/tecsecmty.com\/index.php\/producto\/vigilat-v3b5b-actualizacion-para-quien-tiene-una-licencia-edicion-basica\/"},"modified":"2023-03-22T23:24:40","modified_gmt":"2023-03-23T05:24:40","slug":"vigilat-v3b5b-actualizacion-para-quien-tiene-una-licencia-edicion-basica","status":"publish","type":"product","link":"https:\/\/tecsecmty.com\/index.php\/producto\/vigilat-v3b5b-actualizacion-para-quien-tiene-una-licencia-edicion-basica\/","title":{"rendered":"VIGILAT V3B5B &#8211; Actualizaci\u00f3n Para Quien Tiene Una Licencia Edici\u00f3n B\u00e1sica."},"content":{"rendered":"<p> https:\/\/tvc.mx\/products\/31891<\/p>\n","protected":false},"excerpt":{"rendered":"<p>https:\/\/tvc.mx\/products\/31891<\/p>\n","protected":false},"featured_media":3432,"comment_status":"open","ping_status":"closed","template":"","meta":{"om_disable_all_campaigns":false,"_monsterinsights_skip_tracking":false,"_monsterinsights_sitenote_active":false,"_monsterinsights_sitenote_note":"","_monsterinsights_sitenote_category":0},"product_brand":[],"product_cat":[259],"product_tag":[212,211,151],"class_list":{"0":"post-3433","1":"product","2":"type-product","3":"status-publish","4":"has-post-thumbnail","6":"product_cat-centrales-de-monitoreo-y-complementos-alarmas-vigilat","7":"product_tag-alarmas","8":"product_tag-alarmas-e-intrusion","9":"product_tag-seguridad","11":"first","12":"instock","13":"sale","14":"taxable","15":"shipping-taxable","16":"purchasable","17":"product-type-simple"},"aioseo_notices":[],"_links":{"self":[{"href":"https:\/\/tecsecmty.com\/index.php\/wp-json\/wp\/v2\/product\/3433","targetHints":{"allow":["GET"]}}],"collection":[{"href":"https:\/\/tecsecmty.com\/index.php\/wp-json\/wp\/v2\/product"}],"about":[{"href":"https:\/\/tecsecmty.com\/index.php\/wp-json\/wp\/v2\/types\/product"}],"replies":[{"embeddable":true,"href":"https:\/\/tecsecmty.com\/index.php\/wp-json\/wp\/v2\/comments?post=3433"}],"version-history":[{"count":0,"href":"https:\/\/tecsecmty.com\/index.php\/wp-json\/wp\/v2\/product\/3433\/revisions"}],"wp:featuredmedia":[{"embeddable":true,"href":"https:\/\/tecsecmty.com\/index.php\/wp-json\/wp\/v2\/media\/3432"}],"wp:attachment":[{"href":"https:\/\/tecsecmty.com\/index.php\/wp-json\/wp\/v2\/media?parent=3433"}],"wp:term":[{"taxonomy":"product_brand","embeddable":true,"href":"https:\/\/tecsecmty.com\/index.php\/wp-json\/wp\/v2\/product_brand?post=3433"},{"taxonomy":"product_cat","embeddable":true,"href":"https:\/\/tecsecmty.com\/index.php\/wp-json\/wp\/v2\/product_cat?post=3433"},{"taxonomy":"product_tag","embeddable":true,"href":"https:\/\/tecsecmty.com\/index.php\/wp-json\/wp\/v2\/product_tag?post=3433"}],"curies":[{"name":"wp","href":"https:\/\/api.w.org\/{rel}","templated":true}]}}