{"id":3463,"date":"2023-02-23T00:19:52","date_gmt":"2023-02-23T06:19:52","guid":{"rendered":"https:\/\/tecsecmty.com\/index.php\/producto\/dsc-3g2080elat-neo-comunicador-de-alarma-celular-3g2080-con-aplicacion-connectalarm\/"},"modified":"2023-03-22T23:23:14","modified_gmt":"2023-03-23T05:23:14","slug":"dsc-3g2080elat-neo-comunicador-de-alarma-celular-3g2080-con-aplicacion-connectalarm","status":"publish","type":"product","link":"https:\/\/tecsecmty.com\/index.php\/producto\/dsc-3g2080elat-neo-comunicador-de-alarma-celular-3g2080-con-aplicacion-connectalarm\/","title":{"rendered":"DSC 3G2080ELAT &#8211; Neo Comunicador de Alarma Celular 3G2080 Con aplicacion \u00abConnectAlarm\u00bb"},"content":{"rendered":"<h5 class=\"card-title text-center\">Descripci\u00f3n<\/h5>\n<p class=\"ql-align-justify\"><strong>PowerSeries Neo redefine la seguridad<\/strong><\/p>\n<p class=\"ql-align-justify\">PowerSeries Neo de DSC redefine la seguridad contra intrusi\u00f3n combinando la flexibilidad de un sistema cableado modular con la simplicidad de una amplia gama de dispositivos y perif\u00e9ricos inal\u00e1mbricos, resultando ser el sistema h\u00edbrido m\u00e1s completo disponible en el mercado actual. Esta nueva plataforma excepcionalmente flexible utiliza las insuperables capacidades de PowerG \u2013 la tecnolog\u00eda inal\u00e1mbrica para intrusi\u00f3n l\u00edder en la industria. Las innovadoras soluciones para verificaci\u00f3n de alarma, sumadas a un conjunto de\u00a0herramientas de software para servicio t\u00e9cnico remoto excepcionalmente amplio, hace que PowerSeries Neo sea la soluci\u00f3n ideal de excelencia para instalaciones residenciales y comerciales escalables.<\/p>\n<p class=\"ql-align-justify\"><strong>3G2080 Comunicador de alarma inal\u00e1mbrico HSPA<\/strong><\/p>\n<p class=\"ql-align-justify\">El Comunicador de alarma inal\u00e1mbrico HSPA 3G2080 asegura comunicaciones de alarma confiables de respaldo de l\u00ednea telef\u00f3nica para su vivienda o comercio. Cuando est\u00e1 conectado a un panel de control DSC HS2016\/ HS2032\/ HS2064 o HS2128, los medios de reporte de alarma pueden combinarse a trav\u00e9s de la red de telefon\u00eda p\u00fablica (PSTN), si se desea, y la red celular.<\/p>\n<p class=\"ql-align-justify\">Utiliza convenientemente la red celular como respaldo para asegurar comunicaciones de alarma seguras, confiables y de alta velocidad para minimizar las preocupaciones sobre la posibilidad de corte de l\u00ednea telef\u00f3nica. A medida que cada vez m\u00e1s hogares y negocios est\u00e1n migrando de l\u00edneas telef\u00f3nicas tradicionales hacia VoIP (Voz sobre IP) o telefon\u00eda m\u00f3vil, deben explorarse nuevos m\u00e9todos alternativos para comunicar alarmas desde los sistemas de seguridad. El comunicador de alarma inal\u00e1mbrico HSPA 3G2080R es una soluci\u00f3n ideal tanto para aplicaciones residenciales como comerciales de tama\u00f1o peque\u00f1o a mediano.<\/p>\n<p class=\"ql-align-justify\"><strong>Especificaciones<\/strong><\/p>\n<p class=\"ql-align-justify\">Dimensiones&#8230;&#8230;&#8230;&#8230;&#8230;&#8230;&#8230;&#8230;&#8230;. 5.875\u201d (Ancho) \u00d7 4.5\u201d (Alto) (150mm \u00d7 115mm)<\/p>\n<p class=\"ql-align-justify\">Peso&#8230;&#8230;&#8230;&#8230;&#8230;&#8230;&#8230;&#8230;&#8230;&#8230;&#8230;&#8230;&#8230;&#8230;&#8230;&#8230;&#8230;..0.683 libras (310 g) (con soporte de montaje)<\/p>\n<p class=\"ql-align-justify\">Consumo de corriente&#8230;&#8230;&#8230;&#8230;&#8230;&#8230;&#8230;&#8230;&#8230;&#8230;&#8230;&#8230;&#8230;&#8230;&#8230; 90 mA<\/p>\n<p class=\"ql-align-justify\">Temperatura de operaci\u00f3n&#8230;&#8230;&#8230;..5\u00b0 a 40\u00b0 C (40\u00b0 a 104\u00b0 F)<\/p>\n<p class=\"ql-align-justify\"><img decoding=\"async\" class=\"overview-center-img-web\" src=\"https:\/\/tvc.mx\/media\/406527\/DSC1200001.png\" alt=\"\" \/><\/p>\n","protected":false},"excerpt":{"rendered":"<p>Descripci\u00f3n PowerSeries Neo redefine la seguridad PowerSeries Neo de DSC redefine la seguridad contra intrusi\u00f3n combinando la flexibilidad de un sistema cableado modular con la simplicidad de una amplia gama de dispositivos y perif\u00e9ricos inal\u00e1mbricos, resultando ser el sistema h\u00edbrido m\u00e1s completo disponible en el&hellip;<\/p>\n","protected":false},"featured_media":3462,"comment_status":"open","ping_status":"closed","template":"","meta":{"om_disable_all_campaigns":false,"_monsterinsights_skip_tracking":false,"_monsterinsights_sitenote_active":false,"_monsterinsights_sitenote_note":"","_monsterinsights_sitenote_category":0},"product_brand":[],"product_cat":[260],"product_tag":[212,211,151],"class_list":{"0":"post-3463","1":"product","2":"type-product","3":"status-publish","4":"has-post-thumbnail","6":"product_cat-comunicadores-y-transmisores","7":"product_tag-alarmas","8":"product_tag-alarmas-e-intrusion","9":"product_tag-seguridad","11":"first","12":"instock","13":"sale","14":"taxable","15":"shipping-taxable","16":"purchasable","17":"product-type-simple"},"aioseo_notices":[],"_links":{"self":[{"href":"https:\/\/tecsecmty.com\/index.php\/wp-json\/wp\/v2\/product\/3463","targetHints":{"allow":["GET"]}}],"collection":[{"href":"https:\/\/tecsecmty.com\/index.php\/wp-json\/wp\/v2\/product"}],"about":[{"href":"https:\/\/tecsecmty.com\/index.php\/wp-json\/wp\/v2\/types\/product"}],"replies":[{"embeddable":true,"href":"https:\/\/tecsecmty.com\/index.php\/wp-json\/wp\/v2\/comments?post=3463"}],"version-history":[{"count":0,"href":"https:\/\/tecsecmty.com\/index.php\/wp-json\/wp\/v2\/product\/3463\/revisions"}],"wp:featuredmedia":[{"embeddable":true,"href":"https:\/\/tecsecmty.com\/index.php\/wp-json\/wp\/v2\/media\/3462"}],"wp:attachment":[{"href":"https:\/\/tecsecmty.com\/index.php\/wp-json\/wp\/v2\/media?parent=3463"}],"wp:term":[{"taxonomy":"product_brand","embeddable":true,"href":"https:\/\/tecsecmty.com\/index.php\/wp-json\/wp\/v2\/product_brand?post=3463"},{"taxonomy":"product_cat","embeddable":true,"href":"https:\/\/tecsecmty.com\/index.php\/wp-json\/wp\/v2\/product_cat?post=3463"},{"taxonomy":"product_tag","embeddable":true,"href":"https:\/\/tecsecmty.com\/index.php\/wp-json\/wp\/v2\/product_tag?post=3463"}],"curies":[{"name":"wp","href":"https:\/\/api.w.org\/{rel}","templated":true}]}}