{"id":3465,"date":"2023-02-23T00:19:54","date_gmt":"2023-02-23T06:19:54","guid":{"rendered":"https:\/\/tecsecmty.com\/index.php\/producto\/dsc-3g4000w-comunicador-de-alarma-universal-hspa-3g-cuatribanda\/"},"modified":"2023-03-22T23:23:14","modified_gmt":"2023-03-23T05:23:14","slug":"dsc-3g4000w-comunicador-de-alarma-universal-hspa-3g-cuatribanda","status":"publish","type":"product","link":"https:\/\/tecsecmty.com\/index.php\/producto\/dsc-3g4000w-comunicador-de-alarma-universal-hspa-3g-cuatribanda\/","title":{"rendered":"DSC 3G4000W &#8211; Comunicador De Alarma Universal HSPA (3G) Cuatribanda \/"},"content":{"rendered":"<h5 class=\"card-title text-center\">3G4000W<\/h5>\n<h4><strong>COMUNICADOR UNIVERSAL<\/strong><\/h4>\n<p>El comunicador universal de alarma HSPA inal\u00e1mbrico 3G4000W conecta el panel de control a la red celular y reporta se\u00f1ales de alarma directamente al receptor de la estaci\u00f3n de monitoreo (Sur-Gard System I-IP\/II\/III\/5). Este modelo utiliza la red celular para garantizar comunicaciones de alarma confiables, en alta velocidad y de bajo costo y es compatible con paneles de control que se comunican utilizando los formatos Contact ID o SIA (300 baudios).<\/p>\n<p>CARACTER\u00cdSTICAS:<\/p>\n<ul>\n<li>Uso de la red celular HSPA (3G) para comunicaciones de alta velocidad, confiables y de bajo costo<\/li>\n<li>Compatibilidad con paneles de control que se comunican usando los formatos Contact ID y SIA (300 baudios)<\/li>\n<li>Reporte de eventos completo<\/li>\n<li>2 entradas integradas en placa<\/li>\n<li>2 salidas integradas en placa<\/li>\n<li>Configuraci\u00f3n local o remota mediante el software DLS 5<\/li>\n<li>Comando y control por SMS para armar\/desarmar el panel<\/li>\n<li>Enrutamiento de llamadas del PTM para dirigir las se\u00f1ales de celular a m\u00faltiples receptores bas\u00e1ndose en el n\u00famero discado<\/li>\n<li>Selecci\u00f3n avanzada de empresa de telefon\u00eda para asegurar una conexi\u00f3n celular adecuada<\/li>\n<li>Dos exclusivos modelos de indicadores de problemas<\/li>\n<li>Compatibilidad con receptores de estaci\u00f3n de monitoreo Sur-Gard System I-IP\/ II\/III\/5<\/li>\n<\/ul>\n<p>ESPECIFICACIONES:<\/p>\n<ul>\n<li>Dimensiones 8.7&#8243; A x 4.9&#8243; A x 1.2&#8243; P (220\u00a0mm x 125\u00a0mm x 31\u00a0mm)<\/li>\n<li>Voltaje de entrada 13.8 V CC<\/li>\n<li>Consumo de corriente (sin bater\u00eda) 40 mA (en reposo) 180 mA (durante la transmisi\u00f3n)<\/li>\n<li>Entorno de operaci\u00f3n De 5\u00a0\u00b0C a 40\u00a0\u00b0C (de 40\u00a0\u00b0F a 104\u00a0\u00b0F)<\/li>\n<li>Peso con bater\u00eda opcional 24\u00a0oz (680\u00a0g)<\/li>\n<li>Peso sin bater\u00eda opcional 14 oz (400\u00a0g)<\/li>\n<\/ul>\n<p>FRECUENCIA CELULAR<\/p>\n<ul>\n<li>3G (HSPA) 850, 900, 1900, 2100 MHz<\/li>\n<\/ul>\n<p><img decoding=\"async\" class=\"overview-center-img-web\" src=\"https:\/\/tvc.mx\/media\/405943\/DSC2470007.png\" alt=\"\" \/><\/p>\n","protected":false},"excerpt":{"rendered":"<p>3G4000W COMUNICADOR UNIVERSAL El comunicador universal de alarma HSPA inal\u00e1mbrico 3G4000W conecta el panel de control a la red celular y reporta se\u00f1ales de alarma directamente al receptor de la estaci\u00f3n de monitoreo (Sur-Gard System I-IP\/II\/III\/5). Este modelo utiliza la red celular para garantizar comunicaciones&hellip;<\/p>\n","protected":false},"featured_media":3464,"comment_status":"open","ping_status":"closed","template":"","meta":{"om_disable_all_campaigns":false,"_monsterinsights_skip_tracking":false,"_monsterinsights_sitenote_active":false,"_monsterinsights_sitenote_note":"","_monsterinsights_sitenote_category":0},"product_brand":[],"product_cat":[260],"product_tag":[212,211,151],"class_list":{"0":"post-3465","1":"product","2":"type-product","3":"status-publish","4":"has-post-thumbnail","6":"product_cat-comunicadores-y-transmisores","7":"product_tag-alarmas","8":"product_tag-alarmas-e-intrusion","9":"product_tag-seguridad","11":"first","12":"instock","13":"sale","14":"taxable","15":"shipping-taxable","16":"purchasable","17":"product-type-simple"},"aioseo_notices":[],"_links":{"self":[{"href":"https:\/\/tecsecmty.com\/index.php\/wp-json\/wp\/v2\/product\/3465","targetHints":{"allow":["GET"]}}],"collection":[{"href":"https:\/\/tecsecmty.com\/index.php\/wp-json\/wp\/v2\/product"}],"about":[{"href":"https:\/\/tecsecmty.com\/index.php\/wp-json\/wp\/v2\/types\/product"}],"replies":[{"embeddable":true,"href":"https:\/\/tecsecmty.com\/index.php\/wp-json\/wp\/v2\/comments?post=3465"}],"version-history":[{"count":0,"href":"https:\/\/tecsecmty.com\/index.php\/wp-json\/wp\/v2\/product\/3465\/revisions"}],"wp:featuredmedia":[{"embeddable":true,"href":"https:\/\/tecsecmty.com\/index.php\/wp-json\/wp\/v2\/media\/3464"}],"wp:attachment":[{"href":"https:\/\/tecsecmty.com\/index.php\/wp-json\/wp\/v2\/media?parent=3465"}],"wp:term":[{"taxonomy":"product_brand","embeddable":true,"href":"https:\/\/tecsecmty.com\/index.php\/wp-json\/wp\/v2\/product_brand?post=3465"},{"taxonomy":"product_cat","embeddable":true,"href":"https:\/\/tecsecmty.com\/index.php\/wp-json\/wp\/v2\/product_cat?post=3465"},{"taxonomy":"product_tag","embeddable":true,"href":"https:\/\/tecsecmty.com\/index.php\/wp-json\/wp\/v2\/product_tag?post=3465"}],"curies":[{"name":"wp","href":"https:\/\/api.w.org\/{rel}","templated":true}]}}