{"id":3471,"date":"2023-02-23T00:19:58","date_gmt":"2023-02-23T06:19:58","guid":{"rendered":"https:\/\/tecsecmty.com\/index.php\/producto\/dsc-adc-sem-at-lat-power-comunicador-dual-4g-ip-para-alarm-com\/"},"modified":"2023-03-22T23:23:15","modified_gmt":"2023-03-23T05:23:15","slug":"dsc-adc-sem-at-lat-power-comunicador-dual-4g-ip-para-alarm-com","status":"publish","type":"product","link":"https:\/\/tecsecmty.com\/index.php\/producto\/dsc-adc-sem-at-lat-power-comunicador-dual-4g-ip-para-alarm-com\/","title":{"rendered":"DSC ADC SEM AT LAT &#8211; POWER Comunicador Dual 4G \/ IP para Alarm.com"},"content":{"rendered":"<h5 class=\"card-title text-center\">DSC ADC SEM AT LAT<\/h5>\n<p>DESCRIPCI\u00d3N GENERAL<\/p>\n<p>El m\u00f3dulo de expansi\u00f3n del sistema (SEM, por sus siglas en Ingl\u00e9s)<\/p>\n<p>puede ser utilizado con los paneles DSC PowerSeries PC1616, PC1832 y<\/p>\n<p>PC1864 para activar el reporte inal\u00e1mbrico de alarmas y otros eventos<\/p>\n<p>del sistema usando el CDMA, HSPA o red inal\u00e1mbrica LTE (celular). El<\/p>\n<p>SEM est\u00e1 dise\u00f1ado para ser usado como la v\u00eda de comunicaci\u00f3n principal<\/p>\n<p>para toda se\u00f1alizaci\u00f3n de alarma a la central de monitoreo. La se\u00f1al<\/p>\n<p>izaci\u00f3n de alarma inal\u00e1mbrica y el servicio de enrutamiento son opera<\/p>\n<p>dos por Alarm.com. El SEM tambi\u00e9n cuenta con soporte integrado para<\/p>\n<p>los servicios de automatizaci\u00f3n del hogar de Alarm.com con capacidades<\/p>\n<p>Z-Wave incorporadas.<\/p>\n<p>&nbsp;<\/p>\n<p><img decoding=\"async\" class=\"overview-center-img-web\" src=\"https:\/\/tvc.mx\/media\/298931\/sem-200-banner-1.png\" alt=\"\" \/><\/p>\n","protected":false},"excerpt":{"rendered":"<p>DSC ADC SEM AT LAT DESCRIPCI\u00d3N GENERAL El m\u00f3dulo de expansi\u00f3n del sistema (SEM, por sus siglas en Ingl\u00e9s) puede ser utilizado con los paneles DSC PowerSeries PC1616, PC1832 y PC1864 para activar el reporte inal\u00e1mbrico de alarmas y otros eventos del sistema usando el&hellip;<\/p>\n","protected":false},"featured_media":3470,"comment_status":"open","ping_status":"closed","template":"","meta":{"om_disable_all_campaigns":false,"_monsterinsights_skip_tracking":false,"_monsterinsights_sitenote_active":false,"_monsterinsights_sitenote_note":"","_monsterinsights_sitenote_category":0},"product_brand":[],"product_cat":[260],"product_tag":[212,211,151],"class_list":{"0":"post-3471","1":"product","2":"type-product","3":"status-publish","4":"has-post-thumbnail","6":"product_cat-comunicadores-y-transmisores","7":"product_tag-alarmas","8":"product_tag-alarmas-e-intrusion","9":"product_tag-seguridad","11":"first","12":"instock","13":"sale","14":"taxable","15":"shipping-taxable","16":"purchasable","17":"product-type-simple"},"aioseo_notices":[],"_links":{"self":[{"href":"https:\/\/tecsecmty.com\/index.php\/wp-json\/wp\/v2\/product\/3471","targetHints":{"allow":["GET"]}}],"collection":[{"href":"https:\/\/tecsecmty.com\/index.php\/wp-json\/wp\/v2\/product"}],"about":[{"href":"https:\/\/tecsecmty.com\/index.php\/wp-json\/wp\/v2\/types\/product"}],"replies":[{"embeddable":true,"href":"https:\/\/tecsecmty.com\/index.php\/wp-json\/wp\/v2\/comments?post=3471"}],"version-history":[{"count":0,"href":"https:\/\/tecsecmty.com\/index.php\/wp-json\/wp\/v2\/product\/3471\/revisions"}],"wp:featuredmedia":[{"embeddable":true,"href":"https:\/\/tecsecmty.com\/index.php\/wp-json\/wp\/v2\/media\/3470"}],"wp:attachment":[{"href":"https:\/\/tecsecmty.com\/index.php\/wp-json\/wp\/v2\/media?parent=3471"}],"wp:term":[{"taxonomy":"product_brand","embeddable":true,"href":"https:\/\/tecsecmty.com\/index.php\/wp-json\/wp\/v2\/product_brand?post=3471"},{"taxonomy":"product_cat","embeddable":true,"href":"https:\/\/tecsecmty.com\/index.php\/wp-json\/wp\/v2\/product_cat?post=3471"},{"taxonomy":"product_tag","embeddable":true,"href":"https:\/\/tecsecmty.com\/index.php\/wp-json\/wp\/v2\/product_tag?post=3471"}],"curies":[{"name":"wp","href":"https:\/\/api.w.org\/{rel}","templated":true}]}}