{"id":3473,"date":"2023-02-23T00:19:59","date_gmt":"2023-02-23T06:19:59","guid":{"rendered":"https:\/\/tecsecmty.com\/index.php\/producto\/dsc-tl260w-power-comunicador-ip-serie-power-uso-residencial-comercial-mejorado\/"},"modified":"2023-03-22T23:23:26","modified_gmt":"2023-03-23T05:23:26","slug":"dsc-tl260w-power-comunicador-ip-serie-power-uso-residencial-comercial-mejorado","status":"publish","type":"product","link":"https:\/\/tecsecmty.com\/index.php\/producto\/dsc-tl260w-power-comunicador-ip-serie-power-uso-residencial-comercial-mejorado\/","title":{"rendered":"DSC TL260W &#8211; POWER Comunicador IP Serie Power uso Residencial \/ Comercial mejorado"},"content":{"rendered":"<div class=\"row aling-items-center padding-bottom-2x\">\n<div class=\"col-lg-12\">\n<h5 class=\"card-title text-center\">TL260W (DSC2470002)<\/h5>\n<p class=\"ql-align-justify\">DSC tiene el agrado de presentar el comunicador via internet tl260, el cual ofrece transmisi\u00f3n de se\u00f1ales de alarma de bajo costo, pero de la m\u00e1s alta calidad. Dsc entiende que es cada vez menos frecuente el uso de lineas telef\u00f3nicas tradicionales en muchos hogares y negocios.<\/p>\n<p><img decoding=\"async\" class=\"overview-center-img-web\" src=\"https:\/\/tvc.mx\/media\/32582\/TL260W.jpg\" alt=\"\" \/><\/div>\n<\/div>\n<div class=\"row align-items-center padding-bottom-2x\">\n<div class=\"col-md-5 order-md-2\"><img decoding=\"async\" class=\"d-block m-auto img-thumbnail\" src=\"https:\/\/tvc.mx\/media\/32591\/TL260W--OV.jpg\" alt=\" \" \/><\/div>\n<div class=\"col-md-7 order-md-1 text-md-left text-center\">\n<h2>Descripci\u00f3n<\/h2>\n<p class=\"text-muted\">\n<p class=\"ql-align-justify\"><strong>Descripci\u00f3n t\u00e9cnica<\/strong><\/p>\n<p class=\"ql-align-justify\">Comunicador ip para Serie Power, alimentaci\u00f3n de 12 vcd @ 400 ma.<\/p>\n<p class=\"ql-align-justify\"><strong>Beneficios adicionales<\/strong><\/p>\n<ul>\n<li class=\"ql-align-justify\">Comunicaci\u00f3n de alarma v\u00eda internet y LAN<\/li>\n<li class=\"ql-align-justify\">Ruteo de llamada integrado<\/li>\n<li class=\"ql-align-justify\">Soporta descarga de informaci\u00f3n remota desde\/hacia el panel<\/li>\n<li class=\"ql-align-justify\">Pulsos de supervisi\u00f3n (heartbeat) v\u00eda internet y LAN<\/li>\n<li class=\"ql-align-justify\">Encriptaci\u00f3n aes de 128 bits v\u00eda internet\/intranet<\/li>\n<li class=\"ql-align-justify\">Reporte completo de eventos<\/li>\n<li class=\"ql-align-justify\">Formato SIA y Contact ID<\/li>\n<li class=\"ql-align-justify\">Conexi\u00f3n PC-Link<\/li>\n<li class=\"ql-align-justify\">Aprobaciones: UL, ULC, CE<\/li>\n<\/ul>\n<\/div>\n<\/div>\n","protected":false},"excerpt":{"rendered":"<p>TL260W (DSC2470002) DSC tiene el agrado de presentar el comunicador via internet tl260, el cual ofrece transmisi\u00f3n de se\u00f1ales de alarma de bajo costo, pero de la m\u00e1s alta calidad. Dsc entiende que es cada vez menos frecuente el uso de lineas telef\u00f3nicas tradicionales en&hellip;<\/p>\n","protected":false},"featured_media":3472,"comment_status":"open","ping_status":"closed","template":"","meta":{"om_disable_all_campaigns":false,"_monsterinsights_skip_tracking":false,"_monsterinsights_sitenote_active":false,"_monsterinsights_sitenote_note":"","_monsterinsights_sitenote_category":0},"product_brand":[],"product_cat":[260],"product_tag":[212,211,151],"class_list":{"0":"post-3473","1":"product","2":"type-product","3":"status-publish","4":"has-post-thumbnail","6":"product_cat-comunicadores-y-transmisores","7":"product_tag-alarmas","8":"product_tag-alarmas-e-intrusion","9":"product_tag-seguridad","11":"first","12":"instock","13":"sale","14":"taxable","15":"shipping-taxable","16":"purchasable","17":"product-type-simple"},"aioseo_notices":[],"_links":{"self":[{"href":"https:\/\/tecsecmty.com\/index.php\/wp-json\/wp\/v2\/product\/3473","targetHints":{"allow":["GET"]}}],"collection":[{"href":"https:\/\/tecsecmty.com\/index.php\/wp-json\/wp\/v2\/product"}],"about":[{"href":"https:\/\/tecsecmty.com\/index.php\/wp-json\/wp\/v2\/types\/product"}],"replies":[{"embeddable":true,"href":"https:\/\/tecsecmty.com\/index.php\/wp-json\/wp\/v2\/comments?post=3473"}],"version-history":[{"count":0,"href":"https:\/\/tecsecmty.com\/index.php\/wp-json\/wp\/v2\/product\/3473\/revisions"}],"wp:featuredmedia":[{"embeddable":true,"href":"https:\/\/tecsecmty.com\/index.php\/wp-json\/wp\/v2\/media\/3472"}],"wp:attachment":[{"href":"https:\/\/tecsecmty.com\/index.php\/wp-json\/wp\/v2\/media?parent=3473"}],"wp:term":[{"taxonomy":"product_brand","embeddable":true,"href":"https:\/\/tecsecmty.com\/index.php\/wp-json\/wp\/v2\/product_brand?post=3473"},{"taxonomy":"product_cat","embeddable":true,"href":"https:\/\/tecsecmty.com\/index.php\/wp-json\/wp\/v2\/product_cat?post=3473"},{"taxonomy":"product_tag","embeddable":true,"href":"https:\/\/tecsecmty.com\/index.php\/wp-json\/wp\/v2\/product_tag?post=3473"}],"curies":[{"name":"wp","href":"https:\/\/api.w.org\/{rel}","templated":true}]}}