{"id":3475,"date":"2023-02-23T00:20:01","date_gmt":"2023-02-23T06:20:01","guid":{"rendered":"https:\/\/tecsecmty.com\/index.php\/producto\/dsc-tl2803gelat-neo-comunicador-dual-ip-3g-hspa-serie-neo-con-aplicacion-connectalarm\/"},"modified":"2023-03-22T23:23:26","modified_gmt":"2023-03-23T05:23:26","slug":"dsc-tl2803gelat-neo-comunicador-dual-ip-3g-hspa-serie-neo-con-aplicacion-connectalarm","status":"publish","type":"product","link":"https:\/\/tecsecmty.com\/index.php\/producto\/dsc-tl2803gelat-neo-comunicador-dual-ip-3g-hspa-serie-neo-con-aplicacion-connectalarm\/","title":{"rendered":"DSC TL2803GELAT &#8211; NEO Comunicador Dual IP\/3G HSPA Serie NEO, Con aplicacion \u00abConnectAlarm\u00bb"},"content":{"rendered":"<h5 class=\"card-title text-center\">Descripcion<\/h5>\n<h2><u>** Recuerda que para configurar la App Connect Alarm es necesario contar con un teclado alfanum\u00e9rico o bien realizar la configuraci\u00f3n por medio del Software DLS 5. **<\/u><\/h2>\n<p class=\"ql-align-justify\">El comunicador dual\u00a0<strong>TL2803GE<\/strong>, es un comunicador de alarma de doble trayecto v\u00eda internet y celular. Totalmente redundante, como las l\u00edneas de tel\u00e9fono tradicionales se hacen menos com\u00fan y m\u00e1s usuarios elijen voip o tel\u00e9fonos m\u00f3viles, es esencial proveer m\u00e9todos alternos de comunicaci\u00f3n de alarma.<\/p>\n<h3 class=\"ql-align-justify\"><strong>Descripci\u00f3n t\u00e9cnica:<\/strong><\/h3>\n<p class=\"ql-align-justify\">Comunicador dual ip\/3g, consumo 120 ma, dimensiones 100 x 150 x 15 mm, temperatura de operaci\u00f3n 5 \u00b0 a 40\u00b0 c<\/p>\n<h3 class=\"ql-align-justify\"><strong>Beneficios adicionales:<\/strong><\/h3>\n<ul>\n<li class=\"ql-align-justify\">Conexi\u00f3n pc link<\/li>\n<li class=\"ql-align-justify\">La comunicaci\u00f3n puede ser alojada por separada usando el gabinete pcl<\/li>\n<li class=\"ql-align-justify\">422 con el modulo de comunicaci\u00f3n remoto<\/li>\n<li class=\"ql-align-justify\">Control v\u00eda sms<\/li>\n<li class=\"ql-align-justify\">Programable v\u00eda dsl o por teclado.<br \/>\n<h3 class=\"ql-align-justify\"><strong>Para que sirve:<\/strong><\/h3>\n<p class=\"ql-align-justify\">Para transmitir eventos de alarma ya sea por ethernet o la red celular.<\/p>\n<ul>\n<li>Comunicaci\u00f3n de alarma de doble ruta de Internet y celular totalmente redundante<\/li>\n<li>Enrutamiento de llamadas integrado<\/li>\n<li>Soporte de carga \/ descarga remota del panel a trav\u00e9s de celular e Internet<\/li>\n<li>Supervisi\u00f3n de latidos a trav\u00e9s de celular e Internet<\/li>\n<li>Cifrado AES de 128 bits a trav\u00e9s de celular e Internet<\/li>\n<li>Informe completo de eventos<\/li>\n<li>SIA y protocolo de identificaci\u00f3n de contacto<\/li>\n<li>Activaci\u00f3n remota y programaci\u00f3n a trav\u00e9s de comunicaciones C24 (solo en Norteam\u00e9rica)<\/li>\n<li>Se requiere una cuenta celular activa para usar la funci\u00f3n IP<\/li>\n<li>Intensidad de la se\u00f1al y visualizaci\u00f3n de problemas<\/li>\n<li>Verificaci\u00f3n visual por celular o internet<\/li>\n<li>El comunicador se puede alojar en un gabinete separado utilizando el m\u00f3dulo de montaje remoto del comunicador PCL-422<\/li>\n<li>Comando y Control por SMS<\/li>\n<li>El modelo R incluye la opci\u00f3n de integraci\u00f3n en serie RS232<\/li>\n<li>El modelo E proporciona soporte ampliado para el usuario y hasta 4 integraciones de ethernet con paneles PowerSeries Neo V1.2 y superior.<\/li>\n<\/ul>\n<p><img decoding=\"async\" class=\"overview-center-img-web\" src=\"https:\/\/tvc.mx\/media\/28818\/principalcomertl2803ge.jpg\" alt=\"\" \/><\/li>\n<\/ul>\n","protected":false},"excerpt":{"rendered":"<p>Descripcion ** Recuerda que para configurar la App Connect Alarm es necesario contar con un teclado alfanum\u00e9rico o bien realizar la configuraci\u00f3n por medio del Software DLS 5. ** El comunicador dual\u00a0TL2803GE, es un comunicador de alarma de doble trayecto v\u00eda internet y celular. Totalmente&hellip;<\/p>\n","protected":false},"featured_media":3474,"comment_status":"open","ping_status":"closed","template":"","meta":{"om_disable_all_campaigns":false,"_monsterinsights_skip_tracking":false,"_monsterinsights_sitenote_active":false,"_monsterinsights_sitenote_note":"","_monsterinsights_sitenote_category":0},"product_brand":[],"product_cat":[260],"product_tag":[212,211,151],"class_list":{"0":"post-3475","1":"product","2":"type-product","3":"status-publish","4":"has-post-thumbnail","6":"product_cat-comunicadores-y-transmisores","7":"product_tag-alarmas","8":"product_tag-alarmas-e-intrusion","9":"product_tag-seguridad","11":"first","12":"instock","13":"sale","14":"taxable","15":"shipping-taxable","16":"purchasable","17":"product-type-simple"},"aioseo_notices":[],"_links":{"self":[{"href":"https:\/\/tecsecmty.com\/index.php\/wp-json\/wp\/v2\/product\/3475","targetHints":{"allow":["GET"]}}],"collection":[{"href":"https:\/\/tecsecmty.com\/index.php\/wp-json\/wp\/v2\/product"}],"about":[{"href":"https:\/\/tecsecmty.com\/index.php\/wp-json\/wp\/v2\/types\/product"}],"replies":[{"embeddable":true,"href":"https:\/\/tecsecmty.com\/index.php\/wp-json\/wp\/v2\/comments?post=3475"}],"version-history":[{"count":0,"href":"https:\/\/tecsecmty.com\/index.php\/wp-json\/wp\/v2\/product\/3475\/revisions"}],"wp:featuredmedia":[{"embeddable":true,"href":"https:\/\/tecsecmty.com\/index.php\/wp-json\/wp\/v2\/media\/3474"}],"wp:attachment":[{"href":"https:\/\/tecsecmty.com\/index.php\/wp-json\/wp\/v2\/media?parent=3475"}],"wp:term":[{"taxonomy":"product_brand","embeddable":true,"href":"https:\/\/tecsecmty.com\/index.php\/wp-json\/wp\/v2\/product_brand?post=3475"},{"taxonomy":"product_cat","embeddable":true,"href":"https:\/\/tecsecmty.com\/index.php\/wp-json\/wp\/v2\/product_cat?post=3475"},{"taxonomy":"product_tag","embeddable":true,"href":"https:\/\/tecsecmty.com\/index.php\/wp-json\/wp\/v2\/product_tag?post=3475"}],"curies":[{"name":"wp","href":"https:\/\/api.w.org\/{rel}","templated":true}]}}