{"id":3481,"date":"2023-02-23T00:20:11","date_gmt":"2023-02-23T06:20:11","guid":{"rendered":"https:\/\/tecsecmty.com\/index.php\/producto\/dsc-tl405lelau-comunicador-universal-dual-ip-lte-bateria-de-respaldo-parejaideal\/"},"modified":"2023-03-22T23:23:26","modified_gmt":"2023-03-23T05:23:26","slug":"dsc-tl405lelau-comunicador-universal-dual-ip-lte-bateria-de-respaldo-parejaideal","status":"publish","type":"product","link":"https:\/\/tecsecmty.com\/index.php\/producto\/dsc-tl405lelau-comunicador-universal-dual-ip-lte-bateria-de-respaldo-parejaideal\/","title":{"rendered":"DSC TL405LELAU &#8211; Comunicador Universal Dual IP \/ LTE + Bater\u00eda de Respaldo #PAREJAIDEAL"},"content":{"rendered":"<div class=\"row aling-items-center padding-bottom-2x\">\n<div class=\"col-lg-12\">\n<h5 class=\"card-title text-center\">Informaci\u00f3n general<\/h5>\n<p><strong>Actualice sus paneles de alarma con conectividad por telefon\u00eda celular e IP.<\/strong><\/p>\n<p class=\"ql-align-justify\">Con el comunicador universal de doble v\u00eda TL405LE, puede actualizar casi cualquier panel RTC convencional para utilizar conexiones LTE e IP, mientras que, con la aplicaci\u00f3n m\u00f3vil ConnectAlarm, los usuarios podr\u00e1n armar y desarmar el sistema de forma remota, as\u00ed como verificar el estado de sus paneles convencionales.<\/p>\n<h2 class=\"ql-align-center\"><strong>NOTA:<\/strong><\/h2>\n<h2 class=\"ql-align-justify\"><strong><u>***Para configurar el Aplicativo ConnectAlarm en el panel Serie Power, es necesario tener al menos 1 zona y 1 PGM disponible, en cualquier otro tener disponible 1 Entrada y 1 Salida***<\/u><\/strong><\/h2>\n<p><img decoding=\"async\" class=\"overview-center-img-web\" src=\"https:\/\/tvc.mx\/media\/618611\/TL405-Bateria.png\" alt=\"\" \/><\/div>\n<\/div>\n<div class=\"row align-items-center padding-bottom-2x\">\n<div class=\"col-md-5\"><img decoding=\"async\" class=\"d-block m-auto img-thumbnail\" src=\"https:\/\/tvc.mx\/media\/618639\/TL405LELAT.png\" alt=\" \" \/><\/div>\n<div class=\"col-md-7 text-md-left text-center\">\n<h2>Descripci\u00f3n<\/h2>\n<p class=\"ql-align-center\"><strong>TL405LE \u2013 Comunicador Universal de alarma de doble v\u00eda<\/strong><\/p>\n<ul>\n<li><strong>LTE y Ethernet:\u00a0<\/strong>Provee comunicaci\u00f3n redundante v\u00eda celular LTE 4G\/3G\/2G y Comunicaci\u00f3n Ethernett\u00a0con puerto RJ-45 en placa.<\/li>\n<li><strong>Aplicativo de Usuario:\u00a0<\/strong>Los usuarios pueden controlar el panel remotamente usando el app ConnectAlarm y recibir notificaciones push con informaci\u00f3n detallada del evento.<\/li>\n<li><strong>Compatible con Sur-Gard y PowerManage:\u00a0<\/strong>Las se\u00f1ales pueden enviarse a nuestras reconocidas receptoras Sur-Gard System I-IP \/ II \/ III y 5 y a los servidores PowerManage v4.6+<\/li>\n<li><strong>Bater\u00eda de respaldo:\u00a0<\/strong>Soporta bater\u00eda de respaldo para aplicaciones aut\u00f3nomas no conectadas a un a un sistema de alarma o cuando el panel no puede proporcionar energ\u00eda al m\u00f3dulo.<\/li>\n<li><strong>6 terminales E\/S:\u00a0<\/strong>6 terminales pueden ser configurados como disparadores de entrada para env\u00edo de se\u00f1ales o salidas para controlar un panel o cualquier dispositivo v\u00eda SMS o app.<\/li>\n<li><strong>Configuraci\u00f3n DLS 5, SMS y USB:\u00a0<\/strong>Configuraci\u00f3n Local o remota usando DLS 5, carga de plantillas por memorias USB y soluci\u00f3n de problemas v\u00eda SMS.<\/li>\n<\/ul>\n<\/div>\n<\/div>\n","protected":false},"excerpt":{"rendered":"<p>Informaci\u00f3n general Actualice sus paneles de alarma con conectividad por telefon\u00eda celular e IP. Con el comunicador universal de doble v\u00eda TL405LE, puede actualizar casi cualquier panel RTC convencional para utilizar conexiones LTE e IP, mientras que, con la aplicaci\u00f3n m\u00f3vil ConnectAlarm, los usuarios podr\u00e1n&hellip;<\/p>\n","protected":false},"featured_media":3480,"comment_status":"open","ping_status":"closed","template":"","meta":{"om_disable_all_campaigns":false,"_monsterinsights_skip_tracking":false,"_monsterinsights_sitenote_active":false,"_monsterinsights_sitenote_note":"","_monsterinsights_sitenote_category":0},"product_brand":[],"product_cat":[260],"product_tag":[212,211,151],"class_list":{"0":"post-3481","1":"product","2":"type-product","3":"status-publish","4":"has-post-thumbnail","6":"product_cat-comunicadores-y-transmisores","7":"product_tag-alarmas","8":"product_tag-alarmas-e-intrusion","9":"product_tag-seguridad","11":"first","12":"instock","13":"sale","14":"taxable","15":"shipping-taxable","16":"purchasable","17":"product-type-simple"},"aioseo_notices":[],"_links":{"self":[{"href":"https:\/\/tecsecmty.com\/index.php\/wp-json\/wp\/v2\/product\/3481","targetHints":{"allow":["GET"]}}],"collection":[{"href":"https:\/\/tecsecmty.com\/index.php\/wp-json\/wp\/v2\/product"}],"about":[{"href":"https:\/\/tecsecmty.com\/index.php\/wp-json\/wp\/v2\/types\/product"}],"replies":[{"embeddable":true,"href":"https:\/\/tecsecmty.com\/index.php\/wp-json\/wp\/v2\/comments?post=3481"}],"version-history":[{"count":0,"href":"https:\/\/tecsecmty.com\/index.php\/wp-json\/wp\/v2\/product\/3481\/revisions"}],"wp:featuredmedia":[{"embeddable":true,"href":"https:\/\/tecsecmty.com\/index.php\/wp-json\/wp\/v2\/media\/3480"}],"wp:attachment":[{"href":"https:\/\/tecsecmty.com\/index.php\/wp-json\/wp\/v2\/media?parent=3481"}],"wp:term":[{"taxonomy":"product_brand","embeddable":true,"href":"https:\/\/tecsecmty.com\/index.php\/wp-json\/wp\/v2\/product_brand?post=3481"},{"taxonomy":"product_cat","embeddable":true,"href":"https:\/\/tecsecmty.com\/index.php\/wp-json\/wp\/v2\/product_cat?post=3481"},{"taxonomy":"product_tag","embeddable":true,"href":"https:\/\/tecsecmty.com\/index.php\/wp-json\/wp\/v2\/product_tag?post=3481"}],"curies":[{"name":"wp","href":"https:\/\/api.w.org\/{rel}","templated":true}]}}