{"id":3487,"date":"2023-02-23T00:20:17","date_gmt":"2023-02-23T06:20:17","guid":{"rendered":"https:\/\/tecsecmty.com\/index.php\/producto\/tl4-connect2go-modulo-compatible-con-dsc-serie-power-para-uso-con-app-y-reporte-a-central-via-ip\/"},"modified":"2023-03-22T23:24:27","modified_gmt":"2023-03-23T05:24:27","slug":"tl4-connect2go-modulo-compatible-con-dsc-serie-power-para-uso-con-app-y-reporte-a-central-via-ip","status":"publish","type":"product","link":"https:\/\/tecsecmty.com\/index.php\/producto\/tl4-connect2go-modulo-compatible-con-dsc-serie-power-para-uso-con-app-y-reporte-a-central-via-ip\/","title":{"rendered":"TL4-Connect2Go Modulo Compatible con DSC Serie Power, para uso con App y ** Reporte a Central via IP."},"content":{"rendered":"<h5 class=\"card-title text-center\">TL4 INTERACTIVO<\/h5>\n<h4 class=\"ql-align-center\"><strong>EnvisaLink EVL-4EZR For DSC &amp; Honeywell Systems<\/strong><\/h4>\n<h5><strong>TL4 INTERACTIVO<\/strong><\/h5>\n<p><strong>El servicio est\u00e1ndar Connect2Go<\/strong><\/p>\n<p>Con el servicio est\u00e1ndar Connect2Go se puede controlar el sistema desde cualquier lugar del mundo. Connect2Go tambi\u00e9n le permite especificar un n\u00famero ilimitado de direcciones de e-mail o SMS para recibir las alarmas.<\/p>\n<p><strong>Caracter\u00edsticas del m\u00f3dulo<\/strong><\/p>\n<ul>\n<li>F\u00e1cil interconexion<\/li>\n<li>Incorporada en el servidor web b\u00e1sico y html interfaz de usuario<\/li>\n<li>Cifrado de 128 bits<\/li>\n<li>Estado de la zona en tiempo real<\/li>\n<li>Brazo local \/ control de desarmado \/ Anulaci\u00f3n de zonas \/ PGM<\/li>\n<li>Soporte multi-partici\u00f3n<\/li>\n<li>Dimenciones: 10.5 cm (4-3\/16\u2033) x 4.2 cm (1-11\/16\u2033)<\/li>\n<li>Consumo 65 mA<\/li>\n<li>Conector Rj45<\/li>\n<li>4 terminales para conexi\u00f3n en bus\n<div class=\"row aling-items-center padding-bottom-2x\">\n<div class=\"col-lg-12\">\n<p><strong>Connect2Go Plus (opcional)<\/strong><\/p>\n<ul>\n<li>Aumentar el poder de la Connect2Go su servicio est\u00e1ndar con Connect2Go Plus.<\/li>\n<li>Impulsar\u00e1 de su experiencia con los paquetes de prioridad para las actualizaciones de estado de procesamiento de comandos y m\u00e1s r\u00e1pidos.<\/li>\n<li>Administrar dispositivo desde el portal m\u00f3vil &#8230; etiquetas de zonas, Particiones, Usuarios, Secuencias y MGP personalizados.<\/li>\n<li>Crear y guardar secuencias de comandos personalizadas para un bot\u00f3n de ejecuci\u00f3n de comandos.<\/li>\n<li>Crear y guardar etiquetas PGM para un bot\u00f3n de ejecuci\u00f3n PGM.<\/li>\n<li>Compartir el acceso a su sistema con otros usuarios que usted haya autorizado.<\/li>\n<\/ul>\n<h3><em>*Las especificaciones t\u00e9cnicas, caracter\u00edsticas, dise\u00f1os y colores pueden cambiar sin previo aviso.<\/em><\/h3>\n<h4 class=\"ql-align-center\"><\/h4>\n<p><img decoding=\"async\" class=\"overview-center-img-web\" src=\"https:\/\/tvc.mx\/media\/80944\/B-TL4.jpg\" alt=\"\" \/><\/div>\n<\/div>\n<div class=\"row aling-items-center padding-bottom-2x\">\n<div class=\"col-lg-12\">\n<h5 class=\"card-title text-center\">TL4 INTERACTIVO<\/h5>\n<h4 class=\"ql-align-center\"><strong>CR\u00c9DITOS PARA EVENTOS A LA CENTRAL SURGARD<\/strong><\/h4>\n<p>&#8212; Recuerda que para que puedas reportar por IP con el comunicador TL4 Interactivo, primero se debe de adquirir cr\u00e9ditos para env\u00edo de reportes.<\/p>\n<p>Esta func\u00f3n se debe realizar directamente en el portal delaer del integrador connect 2Go. Ingresando Usuario y contrase\u00f1a de dealer.<\/p>\n<h4 class=\"ql-align-center\"><a href=\"https:\/\/www.myconnect2go.com\/pro\/login.php\" target=\"_blank\" rel=\"noopener\">https:\/\/www.myconnect2go.com\/pro\/login.php<\/a><\/h4>\n<h4 class=\"ql-align-center\"><\/h4>\n<h5 class=\"card-title text-center\"><img decoding=\"async\" class=\"overview-center-img-web\" src=\"https:\/\/tvc.mx\/media\/80948\/B-TL42.jpg\" alt=\"\" \/><\/h5>\n<\/div>\n<\/div>\n<\/li>\n<\/ul>\n","protected":false},"excerpt":{"rendered":"<p>TL4 INTERACTIVO EnvisaLink EVL-4EZR For DSC &amp; Honeywell Systems TL4 INTERACTIVO El servicio est\u00e1ndar Connect2Go Con el servicio est\u00e1ndar Connect2Go se puede controlar el sistema desde cualquier lugar del mundo. Connect2Go tambi\u00e9n le permite especificar un n\u00famero ilimitado de direcciones de e-mail o SMS para&hellip;<\/p>\n","protected":false},"featured_media":3486,"comment_status":"open","ping_status":"closed","template":"","meta":{"om_disable_all_campaigns":false,"_monsterinsights_skip_tracking":false,"_monsterinsights_sitenote_active":false,"_monsterinsights_sitenote_note":"","_monsterinsights_sitenote_category":0},"product_brand":[],"product_cat":[260],"product_tag":[212,211,151],"class_list":{"0":"post-3487","1":"product","2":"type-product","3":"status-publish","4":"has-post-thumbnail","6":"product_cat-comunicadores-y-transmisores","7":"product_tag-alarmas","8":"product_tag-alarmas-e-intrusion","9":"product_tag-seguridad","11":"first","12":"instock","13":"sale","14":"taxable","15":"shipping-taxable","16":"purchasable","17":"product-type-simple"},"aioseo_notices":[],"_links":{"self":[{"href":"https:\/\/tecsecmty.com\/index.php\/wp-json\/wp\/v2\/product\/3487","targetHints":{"allow":["GET"]}}],"collection":[{"href":"https:\/\/tecsecmty.com\/index.php\/wp-json\/wp\/v2\/product"}],"about":[{"href":"https:\/\/tecsecmty.com\/index.php\/wp-json\/wp\/v2\/types\/product"}],"replies":[{"embeddable":true,"href":"https:\/\/tecsecmty.com\/index.php\/wp-json\/wp\/v2\/comments?post=3487"}],"version-history":[{"count":0,"href":"https:\/\/tecsecmty.com\/index.php\/wp-json\/wp\/v2\/product\/3487\/revisions"}],"wp:featuredmedia":[{"embeddable":true,"href":"https:\/\/tecsecmty.com\/index.php\/wp-json\/wp\/v2\/media\/3486"}],"wp:attachment":[{"href":"https:\/\/tecsecmty.com\/index.php\/wp-json\/wp\/v2\/media?parent=3487"}],"wp:term":[{"taxonomy":"product_brand","embeddable":true,"href":"https:\/\/tecsecmty.com\/index.php\/wp-json\/wp\/v2\/product_brand?post=3487"},{"taxonomy":"product_cat","embeddable":true,"href":"https:\/\/tecsecmty.com\/index.php\/wp-json\/wp\/v2\/product_cat?post=3487"},{"taxonomy":"product_tag","embeddable":true,"href":"https:\/\/tecsecmty.com\/index.php\/wp-json\/wp\/v2\/product_tag?post=3487"}],"curies":[{"name":"wp","href":"https:\/\/api.w.org\/{rel}","templated":true}]}}