{"id":3495,"date":"2023-02-23T00:20:24","date_gmt":"2023-02-23T06:20:24","guid":{"rendered":"https:\/\/tecsecmty.com\/index.php\/producto\/risco-rvnvr040-nvr-4-canales-video-verificacion-risco-vupoint-h-264-h-265-onvif-hdmi-capacidad-hasta-6tb-hdd\/"},"modified":"2023-03-22T23:23:48","modified_gmt":"2023-03-23T05:23:48","slug":"risco-rvnvr040-nvr-4-canales-video-verificacion-risco-vupoint-h-264-h-265-onvif-hdmi-capacidad-hasta-6tb-hdd","status":"publish","type":"product","link":"https:\/\/tecsecmty.com\/index.php\/producto\/risco-rvnvr040-nvr-4-canales-video-verificacion-risco-vupoint-h-264-h-265-onvif-hdmi-capacidad-hasta-6tb-hdd\/","title":{"rendered":"RISCO RVNVR040- NVR 4 Canales Video-Verificaci\u00f3n Risco VUpoint H.264 &amp; H.265 ONVIF HDMI Capacidad Hasta 6TB HDD"},"content":{"rendered":"<div class=\"row aling-items-center padding-bottom-2x\">\n<div class=\"col-lg-12\">\n<h5 class=\"card-title text-center\">Descripci\u00f3n general<\/h5>\n<p>Los nuevos\u00a0<strong>NVRs VUpoint<\/strong>\u00a0son un sistema superior de grabaci\u00f3n Plug &amp; Play que combinan capacidades de verificaci\u00f3n de alarma, ofreciendo una soluci\u00f3n de v\u00eddeo \u00fanica para c\u00e1maras y grabaci\u00f3n en redes IP. \u00bfInstalaci\u00f3n de v\u00eddeo y alarma? La soluci\u00f3n integrada de RISCO es su mejor opci\u00f3n.<\/p>\n<p>NVR VUpoint es la soluci\u00f3n superior de grabaci\u00f3n plug &amp; play de RISCO. El NVR VUpoint est\u00e1 completamente integrado con la nube de RISCO y sirve como una soluci\u00f3n complementaria a la verificaci\u00f3n en tiempo real de VUpoint basada en las c\u00e1maras IP P2P. Esta soluci\u00f3n integral de v\u00eddeo\u00a0proporciona v\u00eddeo verificaci\u00f3n, visualizaci\u00f3n en tiempo real, grabaci\u00f3n y reproducci\u00f3n, estando completamente integrada con los sistemas profesionales\u00a0de seguridad\u00a0basados en la nube de RISCO\u00a0y su funcionalidad P2P, no requiere capacitaci\u00f3n o conocimientos especiales para instalar y mantener.<\/p>\n<p><img decoding=\"async\" class=\"overview-center-img-web\" src=\"https:\/\/tvc.mx\/media\/331871\/RISCO-RVNVR040-NVR-4-Canales-Video-Verificacion-Risco-VUpoint-H.264-H.265-ONVIF-HDMI-Capacidad-Hasta-6TB-HDD-1-%282%29.png\" alt=\"\" \/><\/div>\n<\/div>\n<div class=\"row align-items-center padding-bottom-2x\">\n<div class=\"col-md-5 order-md-2\"><img decoding=\"async\" class=\"d-block m-auto img-thumbnail\" src=\"https:\/\/tvc.mx\/media\/331874\/RISCO-RVNVR040-NVR-4-Canales-Video-Verificacion-Risco-VUpoint-H.264-H.265-ONVIF-HDMI-Capacidad-Hasta-6TB-HDD-2-%286%29.png\" alt=\" \" \/><\/div>\n<div class=\"col-md-7 order-md-1 text-md-left text-center\">\n<h2>\u00a1Nuevo! Aplicacion VUpoint Desktop<\/h2>\n<p class=\"text-muted\">\n<p><strong>VUpoint Desktop<\/strong>\u00a0es el software de administraci\u00f3n de v\u00eddeo\u00a0de RISCO basado en Windows, f\u00e1cil de usar y\u00a0que permite a los usuarios finales controlar las instalaciones de v\u00eddeo de VUpoint desde sus ordenadores. VUpoint Desktop est\u00e1 completamente integrado\u00a0con RISCO Cloud, con monitorizaci\u00f3n de v\u00eddeo de m\u00faltiples Sitios, lo que permite mostrar c\u00e1maras de diferentes Sitios en una sola pantalla. VUpoint Desktop VMS permite la visualizaci\u00f3n de v\u00eddeo\u00a0en vivo, la reproducci\u00f3n (descargue grabaciones desde el NVR ) y el control de las c\u00e1maras PTZ.<\/p>\n<p>&nbsp;<\/p>\n<\/div>\n<\/div>\n","protected":false},"excerpt":{"rendered":"<p>Descripci\u00f3n general Los nuevos\u00a0NVRs VUpoint\u00a0son un sistema superior de grabaci\u00f3n Plug &amp; Play que combinan capacidades de verificaci\u00f3n de alarma, ofreciendo una soluci\u00f3n de v\u00eddeo \u00fanica para c\u00e1maras y grabaci\u00f3n en redes IP. \u00bfInstalaci\u00f3n de v\u00eddeo y alarma? La soluci\u00f3n integrada de RISCO es su&hellip;<\/p>\n","protected":false},"featured_media":3494,"comment_status":"open","ping_status":"closed","template":"","meta":{"om_disable_all_campaigns":false,"_monsterinsights_skip_tracking":false,"_monsterinsights_sitenote_active":false,"_monsterinsights_sitenote_note":"","_monsterinsights_sitenote_category":0},"product_brand":[],"product_cat":[262],"product_tag":[212,211,151],"class_list":{"0":"post-3495","1":"product","2":"type-product","3":"status-publish","4":"has-post-thumbnail","6":"product_cat-camaras-videoverificacion-alarmas-risco","7":"product_tag-alarmas","8":"product_tag-alarmas-e-intrusion","9":"product_tag-seguridad","11":"first","12":"instock","13":"sale","14":"taxable","15":"shipping-taxable","16":"purchasable","17":"product-type-simple"},"aioseo_notices":[],"_links":{"self":[{"href":"https:\/\/tecsecmty.com\/index.php\/wp-json\/wp\/v2\/product\/3495","targetHints":{"allow":["GET"]}}],"collection":[{"href":"https:\/\/tecsecmty.com\/index.php\/wp-json\/wp\/v2\/product"}],"about":[{"href":"https:\/\/tecsecmty.com\/index.php\/wp-json\/wp\/v2\/types\/product"}],"replies":[{"embeddable":true,"href":"https:\/\/tecsecmty.com\/index.php\/wp-json\/wp\/v2\/comments?post=3495"}],"version-history":[{"count":0,"href":"https:\/\/tecsecmty.com\/index.php\/wp-json\/wp\/v2\/product\/3495\/revisions"}],"wp:featuredmedia":[{"embeddable":true,"href":"https:\/\/tecsecmty.com\/index.php\/wp-json\/wp\/v2\/media\/3494"}],"wp:attachment":[{"href":"https:\/\/tecsecmty.com\/index.php\/wp-json\/wp\/v2\/media?parent=3495"}],"wp:term":[{"taxonomy":"product_brand","embeddable":true,"href":"https:\/\/tecsecmty.com\/index.php\/wp-json\/wp\/v2\/product_brand?post=3495"},{"taxonomy":"product_cat","embeddable":true,"href":"https:\/\/tecsecmty.com\/index.php\/wp-json\/wp\/v2\/product_cat?post=3495"},{"taxonomy":"product_tag","embeddable":true,"href":"https:\/\/tecsecmty.com\/index.php\/wp-json\/wp\/v2\/product_tag?post=3495"}],"curies":[{"name":"wp","href":"https:\/\/api.w.org\/{rel}","templated":true}]}}