{"id":3503,"date":"2023-02-23T00:20:33","date_gmt":"2023-02-23T06:20:33","guid":{"rendered":"https:\/\/tecsecmty.com\/index.php\/producto\/ajax-rex-b-repetidor-de-senal-de-radio-color-negro\/"},"modified":"2023-03-22T23:20:51","modified_gmt":"2023-03-23T05:20:51","slug":"ajax-rex-b-repetidor-de-senal-de-radio-color-negro","status":"publish","type":"product","link":"https:\/\/tecsecmty.com\/index.php\/producto\/ajax-rex-b-repetidor-de-senal-de-radio-color-negro\/","title":{"rendered":"AJAX ReX B &#8211; Repetidor de se\u00f1al de radio. Color Negro"},"content":{"rendered":"<div class=\"row aling-items-center padding-bottom-2x\">\n<div class=\"col-lg-12\">\n<h5 class=\"card-title text-center\">Descripci\u00f3n<\/h5>\n<p>Repetidor de se\u00f1al de radio que ampl\u00eda el alcance de los dispositivos del sistema de seguridad Ajax que utilizan el protocolo de comunicaci\u00f3n Jeweller y gestiona su comunicaci\u00f3n con el hub.<\/p>\n<p><strong>ReX<\/strong>\u00a0puede gestionar algunos o todos los dispositivos del sistema. Sin embargo, la cantidad de dispositivos conectados no afecta la velocidad de recepci\u00f3n de la alarma.<\/p>\n<p><img decoding=\"async\" class=\"overview-center-img-web\" src=\"https:\/\/tvc.mx\/media\/678312\/AJAX-ReX-B---Repetidor-de-se%C3%B1al-de-radio.-Color-Negro.png\" alt=\"\" \/><\/div>\n<\/div>\n<div class=\"row align-items-center padding-bottom-2x\">\n<div class=\"col-md-5 order-md-2\"><img decoding=\"async\" class=\"d-block m-auto img-thumbnail\" src=\"https:\/\/tvc.mx\/media\/678237\/jeweller.png\" alt=\" \" \/><\/div>\n<div class=\"col-md-7 order-md-1 text-md-left text-center\">\n<h2>Protocolo v\u00eda radio AJAX<\/h2>\n<p class=\"text-muted\">\n<p><strong>Jeweller\u00a0<\/strong>es un protocolo de radio\u00a0<strong>desarrollado por Ajax System<\/strong>. Garantiza una interacci\u00f3n ininterrumpida entre el hub y los dispositivos del sistema de seguridad. permite crear sistemas de seguridad de cualquier escala conectando hasta 200 dispositivos a un solo panel de control.<\/p>\n<p>&nbsp;<\/p>\n<\/div>\n<\/div>\n","protected":false},"excerpt":{"rendered":"<p>Descripci\u00f3n Repetidor de se\u00f1al de radio que ampl\u00eda el alcance de los dispositivos del sistema de seguridad Ajax que utilizan el protocolo de comunicaci\u00f3n Jeweller y gestiona su comunicaci\u00f3n con el hub. ReX\u00a0puede gestionar algunos o todos los dispositivos del sistema. Sin embargo, la cantidad&hellip;<\/p>\n","protected":false},"featured_media":3502,"comment_status":"open","ping_status":"closed","template":"","meta":{"om_disable_all_campaigns":false,"_monsterinsights_skip_tracking":false,"_monsterinsights_sitenote_active":false,"_monsterinsights_sitenote_note":"","_monsterinsights_sitenote_category":0},"product_brand":[],"product_cat":[263],"product_tag":[212,211,151],"class_list":{"0":"post-3503","1":"product","2":"type-product","3":"status-publish","4":"has-post-thumbnail","6":"product_cat-modulos","7":"product_tag-alarmas","8":"product_tag-alarmas-e-intrusion","9":"product_tag-seguridad","11":"first","12":"instock","13":"sale","14":"taxable","15":"shipping-taxable","16":"purchasable","17":"product-type-simple"},"aioseo_notices":[],"_links":{"self":[{"href":"https:\/\/tecsecmty.com\/index.php\/wp-json\/wp\/v2\/product\/3503","targetHints":{"allow":["GET"]}}],"collection":[{"href":"https:\/\/tecsecmty.com\/index.php\/wp-json\/wp\/v2\/product"}],"about":[{"href":"https:\/\/tecsecmty.com\/index.php\/wp-json\/wp\/v2\/types\/product"}],"replies":[{"embeddable":true,"href":"https:\/\/tecsecmty.com\/index.php\/wp-json\/wp\/v2\/comments?post=3503"}],"version-history":[{"count":0,"href":"https:\/\/tecsecmty.com\/index.php\/wp-json\/wp\/v2\/product\/3503\/revisions"}],"wp:featuredmedia":[{"embeddable":true,"href":"https:\/\/tecsecmty.com\/index.php\/wp-json\/wp\/v2\/media\/3502"}],"wp:attachment":[{"href":"https:\/\/tecsecmty.com\/index.php\/wp-json\/wp\/v2\/media?parent=3503"}],"wp:term":[{"taxonomy":"product_brand","embeddable":true,"href":"https:\/\/tecsecmty.com\/index.php\/wp-json\/wp\/v2\/product_brand?post=3503"},{"taxonomy":"product_cat","embeddable":true,"href":"https:\/\/tecsecmty.com\/index.php\/wp-json\/wp\/v2\/product_cat?post=3503"},{"taxonomy":"product_tag","embeddable":true,"href":"https:\/\/tecsecmty.com\/index.php\/wp-json\/wp\/v2\/product_tag?post=3503"}],"curies":[{"name":"wp","href":"https:\/\/api.w.org\/{rel}","templated":true}]}}