{"id":3505,"date":"2023-02-23T00:20:37","date_gmt":"2023-02-23T06:20:37","guid":{"rendered":"https:\/\/tecsecmty.com\/index.php\/producto\/ajax-rex-w-repetidor-de-senal-de-radio-color-blanco\/"},"modified":"2023-03-22T23:20:51","modified_gmt":"2023-03-23T05:20:51","slug":"ajax-rex-w-repetidor-de-senal-de-radio-color-blanco","status":"publish","type":"product","link":"https:\/\/tecsecmty.com\/index.php\/producto\/ajax-rex-w-repetidor-de-senal-de-radio-color-blanco\/","title":{"rendered":"AJAX ReX W &#8211; Repetidor de se\u00f1al de radio. Color Blanco"},"content":{"rendered":"<h5 class=\"card-title text-center\">Descripci\u00f3n<\/h5>\n<p>Repetidor de se\u00f1al de radio que ampl\u00eda el alcance de los dispositivos del sistema de seguridad Ajax que utilizan el protocolo de comunicaci\u00f3n Jeweller y gestiona su comunicaci\u00f3n con el hub.<\/p>\n<p><strong>ReX\u00a0<\/strong>puede gestionar algunos o todos los dispositivos del sistema. Sin embargo, la cantidad de dispositivos conectados no afecta la velocidad de recepci\u00f3n de la alarma.<\/p>\n<p><img decoding=\"async\" class=\"overview-center-img-web\" src=\"https:\/\/tvc.mx\/media\/678582\/AJAX-ReX-W---Repetidor-de-se%C3%B1al-de-radio.-Color-Blanco.png\" alt=\"\" \/><\/p>\n<div class=\"row align-items-center padding-bottom-2x\">\n<div class=\"col-md-7 order-md-1 text-md-left text-center\">\n<h2>Protocolo v\u00eda radio AJAX<\/h2>\n<p class=\"text-muted\">\n<p><strong>Jeweller\u00a0<\/strong>es un protocolo de radio\u00a0<strong>desarrollado por Ajax System<\/strong>. Garantiza una interacci\u00f3n ininterrumpida entre el hub y los dispositivos del sistema de seguridad. permite crear sistemas de seguridad de cualquier escala conectando hasta 200 dispositivos a un solo panel de control.<\/p>\n<p>&nbsp;<\/p>\n<\/div>\n<\/div>\n<hr class=\"padding-bottom-2x\" \/>\n<div class=\"row aling-items-center padding-bottom-2x\">\n<div class=\"col-lg-12\">\n<h5 class=\"card-title text-center\">Principio de funcionamiento<\/h5>\n<p><strong>ReX\u00a0<\/strong>extiende el rango de la se\u00f1al de radio del sistema de seguridad, permitiendo instalar dispositivos Ajax a mayor distancia del hub.\u00a0ReX\u00a0recibe la se\u00f1al del hub y la transmite a los dispositivos conectados a el, y transmite la se\u00f1al de los dispositivos al hub.<\/p>\n<p><img decoding=\"async\" src=\"image\/png;base64,iVBORw0KGgoAAAANSUhEUgAAAFUAAABdCAYAAADUpio3AAAKjUlEQVR4nO2ce0hT7x\/H37rpcl6yrDTzQmHa1UotLY2QpCz8R5KSWrKwjDSzwJgUFf1R2sVaqQWBWiBkIRKklGFa4UzLtKggL1G5VeYlSXBH3e37R8yfldvOznmOnfzt9c\/GnsvnszfP\/fOcY2cwGAywQRT7v+3AZMQmKgfYROUAm6gcYBOVA2yicoBNVA6wicoBQq4qVigUqKiowPDwMEQiEeLi4hAZGcmVOV5hx8WO6ubNm5DJZBAKhXBycgJFUdBqtbhx4waio6NJm+MdnIg6e\/ZsAEBHRwecnZ0xODgIqVQKFxcXFBcXkzbHO4iPqZ8+fRr97uzsPPoZHh6O+\/fv4+XLl6RN8g7iotbV1Y37++7du+Hm5obs7GzSJnkHZ6KKRKJffnd3d0daWhqePHmC+vp60mZ5BfExNTg4GD09PRCJRPj48eMvaWq1GhEREfD19UVlZSVJs7yCaEttbW1FT0+PyXSxWIxDhw6hubkZVVVVJE3zCqKiGrv+lClTTOaRSCTw9fVFdnY29Ho9SfO8gbionp6eEIvFJvM4ODggMzMTra2tKC8vJ2meNxAbU\/V6PRYtWoSYmBjU1tZicHDwjzF1bN7o6GgMDQ2hrq4ODg4OJFzgDcRa6uvXr\/Hjxw9ERUVZNmpvj6ysLHR2duLWrVukXOANxERVKBQAQHt\/Hxsbi8WLF+PSpUvQ6XSk3OAFxEStq6uDn58ffH19aeW3s7NDeno6VCoVamtrSbnBC4iIqtFo0NjYSKvrjyU2Nhbu7u4oLS1FQUEBpFIpCXf+OkSO\/lpaWqBWq60WVSQSIT4+HiUlJdBqtWhqaiLhzl+HSEs1rk+tFRUAEhMTodFoJtVmgJiogYGBmDlzptVlg4OD4enpScIN3sBaVIqi8OLFC1an+qtXr2brBq9gLWpzczNGRkYYdX0jRlHPnz\/P1h1ewFrUp0+fAgDCw8MZ12Es+\/37d7bu8ALWoj5\/\/hwBAQHw8PBgXMfcuXMBAJ2dnWzd4QWsRNXpdGhqasKqVatYOeHo6AhPT08olUpW9fAFVqJ2dHRArVYjLCyMtSM+Pj5QqVSs6+EDrBb\/xu5q7L5s8Pb2ZhQUHB4exq1bt5CUlGR1uYqKCigUCrx69QpdXV0wGAzw8PBAcHAwVq1ahfj4eLi5uVntExFR6e73zSESiaDRaKwqMzQ0hOTkZNTU1CAgIABr1qyxWEaj0eDKlSu4du3auBNjf38\/Ojo6UF5ejpMnT2L79u3IysqCi4sLbb9YdX+lUgkHB4fROD8bhEKhVaIODQ1BKpWipqYGp0+fpiXo+\/fvsXnzZuTk5NBaaVAUhcLCQkRHR+PZs2e0fWMlamdnJ7y9vWFvP7FXsiiKQlJSEh4\/foycnBzs2rXLYpn29nbEx8fjzZs3f6Q5OTnh2LFjOH\/+PPz8\/P5IV6lUSExMHD3etASr7q9UKsd1gkvUajWSkpKgUChw7tw5SCQSi2X6+\/uxdetWk0HJ9PR0pKamAgDc3NyQkpLyRx6KorBz505UVVVh\/vz5Zu2xbqkTKaparYZEIoFCoUBubi4tQQHgyJEj6OrqMpk+MjLyiw1TUBSFjIwMi4fqjEUdGBjAwMAAkUmKDoODg9ixYwcaGhogl8uxfft2WuVaWlpw584ds3m+ffs27nem9TEW9evXrwB+LoUmguTkZDQ2NkIul2Pbtm20yxUVFVnM093dPe53UxQWFppNZyzq8PAwAPMxfpKkpaUhLy8PW7dupV1Gp9PRugljragtLS34\/PmzyXTGE5Vx+TNR4eW1a9daXaa9vR0URVnMN7bL0xEVAF6+fIk5c+aMm8a4pRoHdz7H7FtbW2nl6+vrg\/H6g6UxlU7djFuqcQYUCARMq7CK5uZmtLS0mEz39\/dHTEzML78NDQ3Rqlun06G3txczZ86k3VLN9QDGohrFnKiYfXV1NS5evGgyfdOmTX+Ias14393dDbFYbHZJRbduxqI6OjoCALRaLdMqrCI1NdXsocl4f9LSIn0sGRkZVu3vAwMDTaYxFlUo\/Fl07MKZS1xcXKz60wAQFBQ0+iCHJd6+fWtV3cuXLzeZxniiMrYM49KKjwgEAmzcuJF4vcuWLTO76WEsqpeXF4D\/bQK4pri4GIcPH4a1lxSTk5Np5ZNKpThw4ACt1YylAxzG3X\/q1KlwdXWdsLiSUqlESUkJNBoNLly4QPtkLCwsDHFxcaioqDCZRyqVjj7g4eHhgRMnTpjMu3TpUmzZssWsTVanVH5+fhMm6vHjxyEQCJCfnw+9Xg+5XE5b2OzsbDQ0NKC3t3fc9LGn++ZO+kUiES5fvjw6n5iClai+vr60F9gkOHr0KIRCIeRyObRaLfLy8mitk2fMmIHbt28jISFh3MPpq1evYtq0aZg6darJVuro6IiioiIsWLDAoj3Woj58+BAGgwF2dnZsqqKNTCaDQCBAbm4utFotrly5YrHlAMDChQtRXl6OlJQUtLW1\/ZKm0Whw8uRJk2U9PT1RUFBA+xYOq\/NUPz8\/aDQas2eVdNHpdLTEAYDMzEzIZDLcvXsXe\/fupR2GCQoKwoMHD3Dw4EG4urpazC8SiSCRSPDo0SOrrjWxbqnAz8NqtnGq4eFhq84RDh48CKFQiFOnTmHPnj24du3a6IbEHCKRCDKZDOnp6SgvL0d9fb3JaGpCQgKjSyKsRPX39wcAfPz4kdW1HwDo6uqy+vbf\/v37IRAIkJeXB5VKhXnz5tEuKxaLIZFIaEcPrIFV9w8ICICTkxORy7oqlYpRFGHfvn2oq6uzSlCuYSWqUChESEiIVeHb8TCOyz4+PozKT58+nZV90rCOLYeHh6OtrQ39\/f2M6+js7IRer5+weBfXEBEVAKvWaiw7UfEurmEtalhYGBwcHEw+508H4x3XAwcOsHWHF7AWVSwWIyQkhIioE33ThSuI\/IuoqCi8e\/fO5N7aHK2trZPmCqURIqIadxtM3jhRWloKe3t7rF+\/noQrvICIqKGhoXBycrJ6CNBqtSgrK0N0dDRCQ0OxZMkSEu78dYg88efo6IiVK1daLWp1dTV6e3uRmJiIuLg4Eq7wAmIzQ1RUFD58+IAvX77QLlNQUIBZs2Zhw4YNpNzgBURFBUy\/Qul3Hj16hKamJuzfv5\/WQci\/BDFRg4OD4erqSvtibE5ODry8vLBz505SLvAGYqIKBAJERETQErWyshKvXr3CoUOHJuyC20RCdLUdFRWFz58\/m42z6\/V6nD17Fv7+\/rTvmP5rEH3Vp3FcpSjqjzeoGSkrK0NbWxvy8\/Npn\/T\/axB9g5rBYMDSpUvR19c37hvUNBoNIiMj4ezsjIcPH06abenvEP1XdnZ2Zh+9KSkpgVKphEwmm7SCAhy8QNE4BPx+HYiiKMjlcqxYsQKxsbGkzfIK4oOaqef+i4uL0d3djfz8fNImeQfxljo2VjQwMADg55MltbW1WLduHaNr5v8anEy\/Z86cwfHjx7Fw4UKIxWLodDpotVpcv36dC3O8g5N3UgNAU1MT7t27h8HBQdjb2yMuLo7W86OTAc5E\/X9m8q5r\/iI2UTnAJioH2ETlAJuoHGATlQNsonKATVQOsInKATZROcAmKgfYROWA\/wBuut84kc4J8gAAAABJRU5ErkJggg==\" \/>Tiene un interruptor antisabotaje incorporado.<\/p>\n<p><img decoding=\"async\" src=\"image\/png;base64,iVBORw0KGgoAAAANSUhEUgAAADMAAABaCAYAAAAVWm64AAAEyklEQVR4nO2aTUgyWxjH\/15vhUVptMhFuKrcCRHhRqI2JRIhaVNUICK0DnJRi4KXClpEQRFZRGhQJEUtgqgIhKAIAqEPBAkq+oCy7AND86PmLi7Xm68flZ6pud357WbO4\/Ocnzpnzpw5PJqmafwQ\/vjuDpCEk2ErnAxb4WTYCifDVjgZtvInyWRXV1fY39\/Hy8tLzHaBQAC5XA6BQECybBhiMv39\/RgZGcHr62vCOKFQiImJCZSXl5MqHYZHYta8vr4OnU4HlUqF1tZWpKWlxYx7eHhAZ2cn7u7uYLfbkZ2dnWrpSGgCtLW10VKplA6FQu\/Gbm1t0WKxmF5ZWSFROgIiA4Df70dWVhb4fP67sUKhMPwZ0hC5ZsrKypCbm\/uhWKFQCLVajYKCAhKlIyByzbCF\/8d9xufz4e7uLu4946tIT09HXl5e3BHyLVEywWAQfX19mJqaQjAYZKSDnyUvLw\/d3d2gKCphXNQ1YzKZ8OvXL2i1WpSWln5ohGKSYDCIxcVF2O122Gw2SKXS+MG\/j9UURdGVlZXE7wGpcHFxQYvFYnpycjJhXNQAEAqFkJGRweSX\/Wn+6U8oFEoY96NGM06GrXAybIWTYSvfIsPEswzwDTJra2twOp2M5P5SmY2NDfT19UEmkzGS\/8tkbDYbDAYDampqGKvxJTKbm5vQ6\/UIBAKoq6tjrA7jMtvb29DpdPD7\/ZDJZCgsLGSsFqMyOzs7aGlpwfPzMwAw+qsADMrs7u6iubkZPp8PAMDj8aBWq5kqB4AhGbvdjqamJni93vA5hUKB\/Px8JsqFIS6zt7eHxsZGPD09RZzXaDSkS0VBVObw8BANDQ3weDwR5zMyMqBSqUiWigkxGYfDAYqi8Pj4GNVWVVVFfpE8BkSWZ51OJyiKwv39fcz23NxcLC0thY\/pNwtCNE2Dx+OhuroaWVlZKfUjZZmjoyNotVq43e64MdPT05ieno7b3t7enrIIkOLf7Pj4GFqtFre3t0nnMBgMMBqNqXQjTNIyp6en0Gg0cLlcSRenKAo9PT1Jf\/53kv6bBQIBjI6OJowxGo04OTmJ2aZUKjE4OAgej5dsF6JIWqa4uBjFxcVx251OZ1wRhUIBk8lEfOmXsemM2WyOeb6kpARms5mRVVNGZLxeLxYWFqLOS6VSzMzMEBm5YsGIzMLCQtR0RiKRwGq1fvh1YTIwImOxWCKO8\/PzMT8\/\/9+baO7u7sLhcISPRSIRrFYrJBIJ6VJREJd5+6tkZmZidnY28QsighCVcbvdWF5eBvD3u0iLxYKSkhKSJRJCVGZubg6BQAB8Ph\/j4+NQKBQk078LMZnX19fwZHJoaAhKpZJU6g9DTMZms+Hs7Ay9vb2or68nlfZTEJMxm80wGo0wGAykUn4aIjLn5+coKipCe3s7iXRJQ2xXU1dXF4lUKUHksZnJVcrPwL1sYiucDFvhZNgKJ8NWfrZMTk4OXC7XuxvVvpLLy0sA\/27wjkfUHs3V1VXo9XrU1tZCp9MhPT2duV5+AI\/Hg46ODtzc3MBut0MkEsWNjblJe2BgAMPDw6zZPSsSiTA2NoaKioqEcXF3nF9fX+Pg4IAV+5rlcjkyMzPfjeW2z7MVToatcDJshZNhK5wMW+Fk2MqPkvkLK7b9kGWU0usAAAAASUVORK5CYII=\" \/>Est\u00e1 equipado con una bater\u00eda de respaldo que otorga hasta 35 horas de funcionamiento sin alimentaci\u00f3n externa.<\/p>\n<p><img decoding=\"async\" src=\"image\/png;base64,iVBORw0KGgoAAAANSUhEUgAAA5kAAABWCAMAAABy3qLoAAAAAXNSR0IArs4c6QAAAARnQU1BAACxjwv8YQUAAAMAUExURf\/\/\/+bm5gAAAK2trcXOzqWlpff39729vTo6OiEZIXNzc4yMjNbO1mNaWt7e1jpjGRk6UhBjGWsQUmtjEKXO5msQGSEpKbWttVJaWu\/m7xkZpYScMRmcMYTvYxnvYxmtY1Le5pxjjFKc5rWMY4TOYxnOYxmMY0JCShAQGeZr5uYQ5uZrteYQtebWjDpjUuZajObWOuZaOntjlObWYxBjUuZaY+bWEOZaEJyc5pSUnAgQCAgACJzOpWsxUmtjMaXv5msxGWtrY7XvY0pa70rvY0papbXeMUreMb3mpbUxjEoZ70oZpbWcMUqcMUqtY7XOY0rOY0qMYzExKeac5uZC5uacteZCtToQUhAQUr2c5lJKUpzvpRDvpRCtpRDOpRCMpebFtXuEe+bF74Rr74Qp74RrxYQpxZxrUhDv5hCt5pwpUpxrGZwpGRlrzhlrhITvEBnvEIQQnBkpzhkphIStEBmtEJycvYRK74QI74RKxYQIxZxKUhDO5hCM5pwIUpxKGZwIGRlKzhlKhITOEBnOEIQQexkIzhkIhISMEBmMEOb3jDHvpTGtpXPvpXOtpVLvpVKtpTHOpTGMpXPOpXOMpVLOpVKMpb2UnLVr77Up7+aljOYpjOalOuYpOnutc7VrxbUpxealY+YpY+alEOYpEEprzkprhLXvEErvELUQnEopzkophLWtEEqtEBAxELVK77UI7+aEjOYIjOaEOuYIOnutUrVKxbUIxeaEY+YIY+aEEOYIEEpKzkpKhLXOEErOELUQe0oIzkoIhLWMEEqMEL1rUnPv5r1jnDHv5jGt5r0pUnOt5rWtc71rGb0pGRlr7xlrpYTvMRnvMYQxnBkp771KUnPO5r1jezHO5jGM5r0IUnOM5rWtUr1KGb0IGRlK7xlKpYTOMRnOMYQxexkI7+bmtXuMWjEQCMXm5ub31r2UvToxEOb3Qr3FnOb3EHtac72tnMXF5pStlN7m95StpQAQCOb3\/62tlN7396Wtpdbm5sW9zgAACP\/3\/+bv5gAAAJggCOYAAAEAdFJOU\/\/\/\/\/\/\/\/\/\/\/\/\/\/\/\/\/\/\/\/\/\/\/\/\/\/\/\/\/\/\/\/\/\/\/\/\/\/\/\/\/\/\/\/\/\/\/\/\/\/\/\/\/\/\/\/\/\/\/\/\/\/\/\/\/\/\/\/\/\/\/\/\/\/\/\/\/\/\/\/\/\/\/\/\/\/\/\/\/\/\/\/\/\/\/\/\/\/\/\/\/\/\/\/\/\/\/\/\/\/\/\/\/\/\/\/\/\/\/\/\/\/\/\/\/\/\/\/\/\/\/\/\/\/\/\/\/\/\/\/\/\/\/\/\/\/\/\/\/\/\/\/\/\/\/\/\/\/\/\/\/\/\/\/\/\/\/\/\/\/\/\/\/\/\/\/\/\/\/\/\/\/\/\/\/\/\/\/\/\/\/\/\/\/\/\/\/\/\/\/\/\/\/\/\/\/\/\/\/\/\/\/\/\/\/\/\/\/\/\/\/\/\/\/\/\/\/\/\/\/\/\/\/\/\/\/\/\/\/\/\/\/\/\/\/\/\/\/\/\/\/\/\/\/\/\/\/\/\/\/\/\/\/\/\/\/\/\/\/\/\/\/\/\/\/\/\/\/\/\/\/\/\/\/\/\/\/\/\/\/\/\/\/\/\/\/\/\/\/\/\/\/\/\/\/\/\/\/\/\/\/\/\/\/\/\/\/\/\/\/\/\/\/\/\/\/\/\/\/\/\/\/\/\/\/\/\/\/\/\/wBT9wclAAAACXBIWXMAABcRAAAXEQHKJvM\/AAAWk0lEQVR4Xu1dS3KjzNKVCwwCLIYyrAC2gDRiCww10wa9Ld+JoyM+f7YHbSv+czKrkGTjR1+37Pt353G0GqR65DsrC4RmBoPBYDAYDAaDwWAwGAwGg8FgMBgMhiPUO\/uzP\/v7pj\/vhS9Q\/4weuqizf\/bP\/n3Lv3TnXfEYdfTws7zFX22v9mqvX\/56G0fnsXfGQ9RRdOsPDQbDNyBJz0t\/eIA0mk6lBoPhq3AZvSg27x+mEqnBYPhCnP37ImmeTeVRg8HwlUguf\/qjEeXLNGowGL4WTzepPxpRduaZBsM342kqZ9oGkMHw3Yhe5szz28QfGgyG70GdTnim5UyD4bsxUWeeW51pMHwz7qfqzDN\/9CrSqrAFr8FwQiQTq9l392bTIdrk\/thgMJwAycQO0Lt7s9vtrJz74\/9fiDt\/F0USRRNZf\/rd50jOX22VnHWTN1Cl+eITN1btuhdKMkyg7C5fV185rZnfjt82z9QO0Hs580c3Kxt\/PImo6heLPn829GVV6MGnzPRTWDhPU71a68ERapd9wDPRyh+9ROSmFhOFcy7yx\/8FUldh5ObmyZ\/\/MuKFl3y8eNCDL0TafIL1D+Cs8SJPBnejR1PonJfBKbBtxvvmOrf1R59DfTNRZ753d962gGe+ZcI9LJHYHPl46dQvItee6P6\/s\/wdI8iDgyRZqwdHSNrsI7tfq+WrrSY9s3RtWn9k4Fcgnpm7H\/70FaT5hT96gSgEhsi9GVFPgsL1\/ug0gHRVtqNyJ\/FwGs98yLkrM4SIP5ud\/ybPnF2+zJnv1pk5PdMfT+KH++epruP5M52cuwGvu9adKmWm7xlBP+bM7EoPjlCvlh\/KmWRjGtGUXtLJRPpxpG6BqJG+Q9obhgnP1JATndhLplCnnwhKH0Hs43xxqf9P40Q5c3Ccvdznt981z\/1Uznzv25nimW\/ZiTeSpL0TpZwF2TWkuj+yjovw2Sy5iI9UWL78BInnoFUZh03kOo5JTo3kornpLL44oi+MdZQzw1DaJakTvJvNkvgobuA0zFf7QZFZ9f9nBCfxxeiEe+KBzvXJcQ9MucMhpsSghx886ymfzC6YMwXoV0vLA7K0Q1KDN53l2QgAPFOFfulHOugu2KkAicPeCRqFc0xdqpR9Wwps1OxRO+8rF\/HRhkVoy0H3\/Q5mFkBz\/mjszxFfyMc\/kKNGE9\/\/vvRjoj2kdjhqjT6R95hj\/mQUvj7jRqjUU9\/hWQMlLrmfu4PAQ2WG2Bzm2Q8kOJz+bUzkzHevmhTv5czgAHMGlLpvnWtE3ljP1rEP34Kbwbl1L+ddhsC+j\/pxA2uqhIvi2rmWl2mSeXOzdG4QkpGR3apn6ZXkmCB7mMXZCv9DLmfVGgf7mkPGauhwY85Mrq4vMSGHqpfCS4EOyWrgZPO9b8rcIupaZiGBiebMAv2FLA+eN1vRixBQeTGegUfXbnBEFmWwupkXaxfXVz+2IHmzS8m7GE7Kxpu98iISuWXO7K7OZ7NqiVn+weqDHTo2KDkVeCvaOwwOdmSEfdkjQKrU9ZbmzKQgK9JdUPcYYxDZlxV6q0KA+HqbewWVQ5Wv12cqhgGkzMos57HqiNpYy2GRFQPDEylf5xDPQ8uZhM6Bgr1pu5zioeTqRRCqYreAPFS\/0Wga\/fIGo8sos7PFo0o2b0lDAXGeZYw2iWiKbXZD\/w+ldqBETLLJxTPLzWhwQKpC38AicbglN8H20yyvqGehu6IArrY\/QBwP8SkJApMUHCugXuozWkCYx6sFfLTbzVhDiHJUYu\/hfsozX+95WRVlnjfcATqMSc8RPDOjZzZuc5770rJzzXCw6Lp4XOfnEAC4LWCa3ZULGxTltevPe5ehV+6WRTfQODHeuuoWMtZF6\/Lzjei3d\/MOwo\/qondDns7qwfVR8Tgu\/eO1y6PeXVOfYfKn4fFuwaF2cEdJgYXrkDNhln4CQadzw5yTSmeh2KXDlgQrWYLI3eUFQgD0RQJAPNkiOnBYwJ2ExTmzVgIFzavyDFa5xRhZu+ngAaA3dq4AqWPsSkkPnAV9SB9k6YbqJ8jKOpgB3qgztxDplluMXJTscTSCANWvBkRZF0NgQ4EoMS6xK2iokFIUw\/UROPW9QQ5IzmhYqEHumsUObYMYEGazHPyQzXjlfozqclnVYcq2eIDqKUMEI4ikipTHS7cSriFUeRejhSCagIfz7Zqt0J+mQUoq99hQPrBzL1mwUq7WJUhYneGFgbJ3y055qlu3XkBoowg6DIX5SPMz\/m50JTG4HSRzd81WYXWCZca6yg9UeeGVxb7xCnbboHO6vYbUE+gFxHVutS3gsqDhDGoBu2t517WNBABR50vlvIJfuJ6ZFBV8smq33epjOTPJyWcnFqCvYloiDIWmsA1eVbzlOux6VjJCgV6xZijG\/CS7Y1CsHAqKuRSrlEgqEWnnWloSZ9F1y34vZrum5nMa8kGdKRNwqHolE2zxRnIl7+ahKzwVPlhnbQIGaNO7dr2b1XfoALLoz1jMSEvaA5cFC84tU+E1hBld4sI3tMflLFlKi5KBgfGGQ4uEFsx6oJJUEJrpZP3vPZMjnclI9dX1PSZRXsV1pW1LuYx8KiiLnl0lZ6aOl7xAA1sCFyJhEeNCZh7nT2UitISCWhnyQUwXblqCH6G+YWOls+OHuZuzT7tidKNqpfDqhU6IgDRwxwY8BMHcjO5AfSsltfaXbpW8K5+pZLd8JSsNLUFMJxUehCcQR2JgGhQ3iF3JUJUOdcTfpYwM6pEzhRtMq51AVEbugiojKovDMLEgsFLX8tqgr9oh+vJdmWch3YSoczUUQSXKqYS+95B8vM4smgck8BgC7fvZ7p2cOVSbKnMDmJsL6bOWkqM8D8lSfXGLoOAajUSrtdR34qJJVUAN\/\/Iwpvp0Q7UD26VYF3jfYhAZsWh2aES358qeCgvBo5arDeKvY870e7O0GuRMHhb8qJVtPixXPXeD0MP6qpFKH60wCjv4kVJmBSCJ9UBs7e6ah7cjAWoAW2VRGg6Oh6X2UQZKMohaBhg3ETReYVB85D2TVPjPe5xkMtBTL1bLAPRsBAWtGFEmBSUYyVuGrmyBUoM4CtqZil1IIfyO2gPor5WpRmxSxHBA3IVnNYOutxKQfM+4iVTGrW6Fc2o\/r2ydiKZuVZeAbqfM8kXIZmIHahQx4pfXWi3TVa4XOutH0OGNgGMj6FIGSgdwqesa6t+rWs0E8LsCc8mZwvNc+WMvnietF0gThMJVh6\/7I9UIidugm65HhF1vvvLh4V6tKkc0+T6mVrMMFi8xL2fVAgv1pO7zp3TQWaaB5VWW3Yn8kvauqqpFxZQG0rCoEK4UCMTDVgjACmOBZrQeQvxQ4WUlG6K6oUrPjNw1h+XuL+XqEfZm\/9kMw3I\/RF00w1xWYGMuQZ3J\/wqo7yBn1u2Sh4gAYjIUvmuKeJYEncoMUmd6Tx33ac85PDvkUFwLhhdN+EjeVO0B0ju7o\/S8hoPl8YSkDm1QnTfin9S590wStgjCiiR9exRMIBhhixFkpbuHEBBhYhEQUwSwD125w8qe7MTuCgNXI+XBv0BaqTbqPYxu4vvTQR+89ZGTXER8YH001djPRY\/2WzEq46gisZ6QWucgtsqM0KqCo+tg9arGRPrOYDwcQugYeRp0STOGTs7JitSTkfXoP\/J3lDOF1cH5QvNSzqFKSpoTes\/kbA9u4LtSTqsd0AUlaId5xEllap6P2G3nw7AeF1Nvob6kVRzhtTpzE88Wi9kuG6pmvmmG5tkuwyGwkEtQCTAU16t1NmRZNjQUXeGg9gOjqYsllu8QITyXrZZa\/UMiyhogu0g+emVrGrR65h3bZ0PhrVXgcyYk328XPpuBoaVr+lwWgqO64Bt85VA+LtJJkystAQZZ\/xAx7N8hJmltqUY6YwfvmbM7f22TIwGXsFEs85ZCWwgN6pm+h0w3rNjL58wDz4xhpXk+BGVGeg1TPhLF6xgLl3GC5RBr9lDkYswc4QeYfeaZlAvWWWIyg+6YH1z8uWla5xY0zzXpzgaxUoYEOSCdtSx6ICC+IWbqPZPuFKyPXqkiPvBMXkgMu8v0SpUGqECJj2qwzxeBCW6Ne2x9CCXDKh+mJHgmBevpq3RQ4cOvzHic6PJMlryE90xOjWJS+wsFHFMO2Nl7prc2fkTRx26lquyFZaBGgkfhyjeXA2bY50zPMhcYISlTZz5kC+JrKGc7HCvnNUzcnfdKnQlPrFDzZnGd1HXCzOk\/eAk1EqkMuL+ClKPvg9EEYegoJ5fdnUj\/iI59PAfTEjtk+aqaowjGpdho8YSKV6uVW28M1CBt5YYS0oAO1GpiHMrnTK5mYX5C6eENB0mcsyTyV0q4ypKs58naBfP2F7Jpdn6lvYfaohqY9mDlepAzmRPE\/bRslWUS4ZdYfjULA1PD2deh4\/SA8qYjPOjKOUAJQCGUU0DeikMeE9QxNzSEhgN4y+XbOtPTtQQ0EfSFsklVeWcToajuDzIFD4NI6C6+MXNmJ\/qaBULqK83IgNQWQIYoshGmNWcekBw52SrSsRsnJRh58vocg7CPmfQQX3KM8KQc5UxvTPrRwYReWcru3tnU+uifnmX+FwIRZXEgCdSnNIFuVN+bmLpvdtozmTMhHNb3gvRYi4dQqTxdkWrdqlHMSaXsCwnuUbACjCwH9BNJdkUi6mYbPhFJZVKfU9Sl03Un4INjMa8heYozWHrQgtZiknP2Nq0Vi8S5tayRSfP9tayMR9cqNzI0DW6hG4jCGVe2fu1yrrplH7EHT+axBFXL\/rYtiSlHOXMhEqI2fR3VK0fgX+sV6XKQM8N2GqCW9ISQiQZUZSia\/QgKH8f8ZU3d1QgcMGPKXgMWqigHjyj3nsqWO81EGuVmPzDEyDFKO71fMVkh4KjuvduHOjOsEmkM3t25IdoL5\/EYyXy46ytka+kvmgg5E7Rk+8oFhW8s5EqdecATkjg3FrgGEnhSSIYQeABPylLqTBHRQc7kebJXpXdSyt5vSgpUI8yZfp4Cag7dqJ2De49qrQVG9b6J+4m92X+PtDOCORPC2c77vmmq8q0LJz5eyV7dpewDlVh2gmiqIMl8DTF70rxObZ+taFd1H8bcUmYJd4h2LfeeY+4Gwl9HmeuG3UMWQ2TcrE91r4+WJLuQF\/sN8IbZJpU6c58z2\/1Q3C3lpZWIpPX3iAdBdKWj3He0h9QtEZUjziLLp1ruZBKyFHPXYQWfcZZCbkuMx+t06pm1MnLt\/qO7vS9y5oJBFX0u3ai6BXuWcqVFnE3toJYt5KRHgYCsc89NcDRT48wYQTACWI6LoEglgDPR3iAwEjKuXaAhkkuutlzTYl3kpZTKpYqflEJJ+2crClvEcOEe0awUOUBRyayWbUkv4jklWzJJiGfCFDAwBMPOOGdo5L4fyRnUpIEbx5pHzEZMYyd3woY6U4rtBkTHvBZLq5GcK95buis0itfgafcsZ0KoaI5VvhC3gOBH\/nTvq+BmcYgXj37704tsK3SnywjskhaoD+w2ZDfpBoiiEXZlTSvzBAtY3HM2kHeQc5LsDo0RH6mo9zC5NxuM7RjImeLGcTpv8xvQOz++z+YAISqImeTONQ2vlsWiZ9G3nwFsDI1uAMBzhk0rgUqwcRlOabnp2s3RH8uzpJVdNwn29dy11dJROOeYYHBXOEIDlBB15rLBtRrHAcy7zHCOwcaciZb8T4aCHQ+DW5Fmd9deNys3xhxIcb6RK2Foyllk29vRr9KVkCU1DHF75bL5HVwbx5W7q3xbwqcs34OiuRJGfG7WTCEhF\/MNoN47ErgcMGgrpAupfrH1cy+s3l1vIEGEGYgVVTpewayQ0Yy7gp4AXlCgRLmvNXcrHx+poRXO11AuCr8WlF97ylPXtoOSHG7j76QvWSvb9YofklZoI4MieXXZewRVu3kkzZrhe9eCTgZpT8wVwh001YLD\/fcIctdCyAwU+Gio1tJVS7kQdVcbkWwnVjOHWdwKZVAi6OLcoBRegaGC\/XOfcb5qKQ3yhwkYmQS9u5tnWEmMe7N6PQQIIluIbDBh6drHkV0MwUsPUAbcGilLSJR57lppgQKa7Eqc4bkCghfl7N95AxN7s69810TuaCAK2czB7OGNF4j8bQ5pRcNNN8PQ441IzoCiCpPe5vOhUQle9MOykhWjomiWG12PlP0w6LdTcmEp7SWaFE3mr+Cm1TDPhaZ4w3CKDvPiLOcNKEAySxdD81D2aBxVXvDJ4VBRNTTnaR8jDXUljnVUQdoPmacWswwyS8KRhGBPluAJ501RauOHZhiKceEVLzQejIw85bKzU\/bCerdgy7MFT9Jq2URlFYwKAsJA0i5lz87fvlLmEJYO2lVZo0VlN+d9LyCzif7Dwc4RSxWxbzu7VEriBTTiJUFwhxTsEx2kuqVlE1jSXTYYDoe1Mu3FQIIRSmJ86NeMRTiM\/EB1Pl8uKIxYXmdRA6WQ+nghIaFgVtn186G4zVV5RLQJ4q+3w1BJy455fFaq9WAY0cJ2QRMrK6xelTLhie\/VuVYNng7gYjHMu1LJ6AIZCpBdpZygVBEV4f6goDPZ52cHLHDSTRB6UsyX3m5z7m0WPSVS9st5d6HzPDS+gWdfcQP2oF4vszcx9Ryg13OmIA0X+w79yPAnYrzwN4WxGv87MF7k\/SpMfdckhMxjbLwjNsEh5wdR1\/Anwm+LTOM\/zzY6\/3CE\/davQhKNOT\/gtTvae12LlqxpiItwYPhT8aZn6k19fw2+PBB9\/Nl5ha7\/07CRppWa4Q9G6WupSZyFR1T8HTjbfC27k8\/Om64zO70tJ\/ZJ\/Z47UwaD4ST4hd81iTVZ1r66tJRpMJwOkzlz+rsmydGNsrHcTWwwGE6CqZz52lMt84PtgN0wXqc2GAy\/Hb9QZ87qgxI4\/quqf4Phq2G\/n2kw\/C9iMmeaZxoM34ypnPnKd00MBsOX4VfqzP8OqaVgg+GXMZUzf+\/vZ\/KpTQaD4dfwC9czfw3Jzn8jhd9dV+gzvfSx2AaD4S2caG+2zrNWvkbXD84NTTJr+ijj91Wjob1qXkxpMBiOMZkzX7nT4OOoBzfPB36Dvaha1yxms5Vz7VDyG+D94mNPWzAY\/macps6UB8LADXnTkD5XVJ\/BoI\/wL9u13QxvMLyJk+zN7vwjquVnTfhc0fBQNv8Ynt\/1458Gwx+Lk9SZ+nxrOiIGH\/iItkSfZzY8ytDPH\/tpMBie4SR7s+EhivIYtWHNRyToI86XkjlnZ3\/Xt+ENhl\/HVM789A5Q8MyjnEnPlJUtc2Z4LoLBYJjEVM48\/2ydGZ5NupQ6U3Km\/vhArw86\/20\/ZW8w\/Kk41d4sr4sU8rQx+ZUmX2f+dMM9JpC92fLFxAaDIeA09wDtMrfZ+l\/95e9AJzP5NVM+jP467\/WHm8MP8hkMhpc41T1A\/ZXL9HHXZdMO9Yx3GxDd\/LGdy5K2kt\/0NRgMUzjNPUDA075Y3R15ut03azC8jxPlTIPB8CmcLGcaDIZPYHJv9tZ\/gctgMHwTJnPm9O+aGAyGL8NprmcaDIbPYTJnfvYeIIPB8EnY3qzB8L+I09wDZDAYPoepnGlXTQyG78ZEzqw7qzMNhm\/GxK\/B30cv0qjBYPhaXEwkyPjB\/3itwWD4HtSX8r2PYzxd\/nth27MGw7eh3kWTvy70lD5EaWx\/9md\/3\/TXvXZTQZlGBoPhe\/CQXrxx63piMBi+A\/dP3gcNBoPBYDAYDAaDwWAwGAx\/DWaz\/wNEYkOxpWh9xAAAAABJRU5ErkJggg==\" \/><\/p>\n<p>&nbsp;<\/p>\n<p><img decoding=\"async\" class=\"overview-center-img-web\" src=\"https:\/\/tvc.mx\/media\/678597\/Principio-de-funcionamiento-ReX.png\" alt=\"\" \/><\/div>\n<\/div>\n","protected":false},"excerpt":{"rendered":"<p>Descripci\u00f3n Repetidor de se\u00f1al de radio que ampl\u00eda el alcance de los dispositivos del sistema de seguridad Ajax que utilizan el protocolo de comunicaci\u00f3n Jeweller y gestiona su comunicaci\u00f3n con el hub. ReX\u00a0puede gestionar algunos o todos los dispositivos del sistema. Sin embargo, la cantidad&hellip;<\/p>\n","protected":false},"featured_media":3504,"comment_status":"open","ping_status":"closed","template":"","meta":{"om_disable_all_campaigns":false,"_monsterinsights_skip_tracking":false,"_monsterinsights_sitenote_active":false,"_monsterinsights_sitenote_note":"","_monsterinsights_sitenote_category":0},"product_brand":[],"product_cat":[263],"product_tag":[212,211,151],"class_list":{"0":"post-3505","1":"product","2":"type-product","3":"status-publish","4":"has-post-thumbnail","6":"product_cat-modulos","7":"product_tag-alarmas","8":"product_tag-alarmas-e-intrusion","9":"product_tag-seguridad","11":"first","12":"instock","13":"sale","14":"taxable","15":"shipping-taxable","16":"purchasable","17":"product-type-simple"},"aioseo_notices":[],"_links":{"self":[{"href":"https:\/\/tecsecmty.com\/index.php\/wp-json\/wp\/v2\/product\/3505","targetHints":{"allow":["GET"]}}],"collection":[{"href":"https:\/\/tecsecmty.com\/index.php\/wp-json\/wp\/v2\/product"}],"about":[{"href":"https:\/\/tecsecmty.com\/index.php\/wp-json\/wp\/v2\/types\/product"}],"replies":[{"embeddable":true,"href":"https:\/\/tecsecmty.com\/index.php\/wp-json\/wp\/v2\/comments?post=3505"}],"version-history":[{"count":0,"href":"https:\/\/tecsecmty.com\/index.php\/wp-json\/wp\/v2\/product\/3505\/revisions"}],"wp:featuredmedia":[{"embeddable":true,"href":"https:\/\/tecsecmty.com\/index.php\/wp-json\/wp\/v2\/media\/3504"}],"wp:attachment":[{"href":"https:\/\/tecsecmty.com\/index.php\/wp-json\/wp\/v2\/media?parent=3505"}],"wp:term":[{"taxonomy":"product_brand","embeddable":true,"href":"https:\/\/tecsecmty.com\/index.php\/wp-json\/wp\/v2\/product_brand?post=3505"},{"taxonomy":"product_cat","embeddable":true,"href":"https:\/\/tecsecmty.com\/index.php\/wp-json\/wp\/v2\/product_cat?post=3505"},{"taxonomy":"product_tag","embeddable":true,"href":"https:\/\/tecsecmty.com\/index.php\/wp-json\/wp\/v2\/product_tag?post=3505"}],"curies":[{"name":"wp","href":"https:\/\/api.w.org\/{rel}","templated":true}]}}