{"id":3513,"date":"2023-02-23T00:20:47","date_gmt":"2023-02-23T06:20:47","guid":{"rendered":"https:\/\/tecsecmty.com\/index.php\/producto\/bosch-i_b465-comunicador-universal-de-doble-via\/"},"modified":"2023-03-22T23:21:18","modified_gmt":"2023-03-23T05:21:18","slug":"bosch-i_b465-comunicador-universal-de-doble-via","status":"publish","type":"product","link":"https:\/\/tecsecmty.com\/index.php\/producto\/bosch-i_b465-comunicador-universal-de-doble-via\/","title":{"rendered":"BOSCH I_B465- COMUNICADOR UNIVERSAL DE DOBLE VIA"},"content":{"rendered":"<h5 class=\"card-title text-center\">Comunicador universal de v\u00eda doble B465<\/h5>\n<p class=\"ql-align-justify\"><strong>El B465 Conettix Universal Dual Path Communicator transforma la salida de contacto seco o marcador digital de la red telef\u00f3nica p\u00fablica conmutada (Public Switch Telephone Network, PSTN) de un panel de control de incendio\/intrusi\u00f3n a una se\u00f1al IP para transmitir por Ethernet o red celular.<\/strong>\u00a0El B465 Conettix Universal Dual Path Communicator es la 10.a edici\u00f3n de UL 864 aprobada por NFPA 72 versi\u00f3n 2013. El m\u00f3dulo puede usar su conexi\u00f3n Ethernet integrada o un m\u00f3dulo celular insertable Conettix opcional (B440\/B441\/B442\/B443) para enviar informes al receptor de la estaci\u00f3n central. No se modifica la programaci\u00f3n automatizada del panel de control compatible cuando se instala el m\u00f3dulo B465, y de esta manera se simplifica el proceso de instalaci\u00f3n Esto permite una transici\u00f3n suave del terreno PSTN al IP. Todos los mensajes generados internamente por el B465 se muestran en formato de identificaci\u00f3n de contacto en la estaci\u00f3n central.<\/p>\n<p class=\"ql-align-justify\">El m\u00f3dulo se abastece de corriente con un transformador de 16,5 VCA o una fuente de alimentaci\u00f3n de 24 VCC.<\/p>\n<p class=\"ql-align-justify\"><strong>Resumen del sistema<\/strong><\/p>\n<p class=\"ql-align-justify\">El B465 simula el tono de marcado y los voltajes de l\u00ednea cuando el marcador digital tiene un informe que enviar. El m\u00f3dulo simula una conexi\u00f3n PSTN a la estaci\u00f3n central. El m\u00f3dulo decodifica el informe del marcador PSTN del panel de control y env\u00eda los informes decodificados por conexi\u00f3n IP mediante el protocolo Conettix de Bosch al receptor o puerta de enlace de comunicaci\u00f3n D6600, D6100IPv6 o D6100i Conettix (mencionados como \u201dreceptor\u201d) Cuando el receptor acusa recibo del mensaje, env\u00eda un informe de acuse de recibo al m\u00f3dulo que, a su vez, env\u00eda un acuse de recibo al panel de control conectado. Este proceso mantiene la seguridad de manera integral.<\/p>\n<p class=\"ql-align-justify\"><strong>Funciones b\u00e1sicas<\/strong><\/p>\n<p class=\"ql-align-justify\"><strong>Entradas PSTN (2)<\/strong><\/p>\n<p class=\"ql-align-justify\">Cuando el marcador PSTN del panel de control env\u00eda un mensaje, el m\u00f3dulo simula una conexi\u00f3n PSTN a la estaci\u00f3n central. El m\u00f3dulo se conecta al panel de control del host a trav\u00e9s de una entrada de l\u00ednea telef\u00f3nica o de ambas. Tanto la l\u00ednea del panel 1 y la l\u00ednea del panel 2 del m\u00f3dulo funcionan con 28 VCC y son compatibles con los formatos de comunicaci\u00f3n de identificaci\u00f3n de contacto (c\u00f3digos de cuenta de 4 y 10 d\u00edgitos), pulso 3\/1, pulso 4\/2 y SIA. El B465 est\u00e1 configurado para detectar autom\u00e1ticamente el formato de comunicaci\u00f3n y as\u00ed eliminar pasos de programaci\u00f3n.<img decoding=\"async\" src=\"https:\/\/tvc.mx\/media\/265155\/BANNER-INTRUSION.png\" \/><\/p>\n","protected":false},"excerpt":{"rendered":"<p>Comunicador universal de v\u00eda doble B465 El B465 Conettix Universal Dual Path Communicator transforma la salida de contacto seco o marcador digital de la red telef\u00f3nica p\u00fablica conmutada (Public Switch Telephone Network, PSTN) de un panel de control de incendio\/intrusi\u00f3n a una se\u00f1al IP para&hellip;<\/p>\n","protected":false},"featured_media":3512,"comment_status":"open","ping_status":"closed","template":"","meta":{"om_disable_all_campaigns":false,"_monsterinsights_skip_tracking":false,"_monsterinsights_sitenote_active":false,"_monsterinsights_sitenote_note":"","_monsterinsights_sitenote_category":0},"product_brand":[],"product_cat":[264],"product_tag":[212,211,151],"class_list":{"0":"post-3513","1":"product","2":"type-product","3":"status-publish","4":"has-post-thumbnail","6":"product_cat-modulos-alarmas-bosch","7":"product_tag-alarmas","8":"product_tag-alarmas-e-intrusion","9":"product_tag-seguridad","11":"first","12":"instock","13":"sale","14":"taxable","15":"shipping-taxable","16":"purchasable","17":"product-type-simple"},"aioseo_notices":[],"_links":{"self":[{"href":"https:\/\/tecsecmty.com\/index.php\/wp-json\/wp\/v2\/product\/3513","targetHints":{"allow":["GET"]}}],"collection":[{"href":"https:\/\/tecsecmty.com\/index.php\/wp-json\/wp\/v2\/product"}],"about":[{"href":"https:\/\/tecsecmty.com\/index.php\/wp-json\/wp\/v2\/types\/product"}],"replies":[{"embeddable":true,"href":"https:\/\/tecsecmty.com\/index.php\/wp-json\/wp\/v2\/comments?post=3513"}],"version-history":[{"count":0,"href":"https:\/\/tecsecmty.com\/index.php\/wp-json\/wp\/v2\/product\/3513\/revisions"}],"wp:featuredmedia":[{"embeddable":true,"href":"https:\/\/tecsecmty.com\/index.php\/wp-json\/wp\/v2\/media\/3512"}],"wp:attachment":[{"href":"https:\/\/tecsecmty.com\/index.php\/wp-json\/wp\/v2\/media?parent=3513"}],"wp:term":[{"taxonomy":"product_brand","embeddable":true,"href":"https:\/\/tecsecmty.com\/index.php\/wp-json\/wp\/v2\/product_brand?post=3513"},{"taxonomy":"product_cat","embeddable":true,"href":"https:\/\/tecsecmty.com\/index.php\/wp-json\/wp\/v2\/product_cat?post=3513"},{"taxonomy":"product_tag","embeddable":true,"href":"https:\/\/tecsecmty.com\/index.php\/wp-json\/wp\/v2\/product_tag?post=3513"}],"curies":[{"name":"wp","href":"https:\/\/api.w.org\/{rel}","templated":true}]}}