{"id":3521,"date":"2023-02-23T00:20:55","date_gmt":"2023-02-23T06:20:55","guid":{"rendered":"https:\/\/tecsecmty.com\/index.php\/producto\/bosch-i_d8125mux-modulo-de-expansion-multiplex-compatible-con-zonex\/"},"modified":"2023-03-22T23:21:21","modified_gmt":"2023-03-23T05:21:21","slug":"bosch-i_d8125mux-modulo-de-expansion-multiplex-compatible-con-zonex","status":"publish","type":"product","link":"https:\/\/tecsecmty.com\/index.php\/producto\/bosch-i_d8125mux-modulo-de-expansion-multiplex-compatible-con-zonex\/","title":{"rendered":"BOSCH I_D8125MUX- MODULO DE EXPANSION MULTIPLEX\/ COMPATIBLE CON ZONEX"},"content":{"rendered":"<h5 class=\"card-title text-center\">M\u00f3dulo de expansi\u00f3n D8125MUX, Multiplex<\/h5>\n<p class=\"ql-align-justify\"><strong>El m\u00f3dulo de interfaz de bus multiplex D8125MUX y se utilizan m\u00f3dulos asociados y detectores para expandir.<\/strong><\/p>\n<p class=\"ql-align-justify\">Los puntos direccionables de un control de Bosch compatible con panel m\u00e1s all\u00e1 de su n\u00famero est\u00e1ndar de a bordo iniciando zonas o puntos.\u00a0<strong>El m\u00f3dulo D8125MUX es instalado en el gabinete del panel de control, y es conectado a Zonex 1 o Zonex 2 en el control panel donde escanea los puntos multiplex (MUX)\u00a0<\/strong>conectado a \u00e9l e informa el\u00a0 estado de los puntos a la panel de control. Programaci\u00f3n del \u00edndice de puntos entonces determina si una acci\u00f3n por parte del panel de control es necesario (respuesta de alarma, respuesta de problema, y \u200b\u200bas\u00ed ON).<\/p>\n<p class=\"ql-align-justify\"><strong>Funciones b\u00e1sicas<\/strong><\/p>\n<p class=\"ql-align-justify\"><strong>Dos autobuses independientes<\/strong><\/p>\n<p class=\"ql-align-justify\">La interfaz de bus multiplex puede controlar dos Autobuses de clase B independientes.\u00a0<strong>Un fallo en un bus MUX no impide que el otro funcione normalmente.<\/strong><\/p>\n<p class=\"ql-align-justify\"><strong>Terminales de alimentaci\u00f3n auxiliar<\/strong><\/p>\n<p class=\"ql-align-justify\"><strong>El D8125MUX tiene terminales de alimentaci\u00f3n auxiliar etiquetados potencia A (+, -) y Potencia B (+, -)<\/strong>\u00a0que se\u00a0 pueden usar para dispositivos remotos que requieren una fuente ininterrumpida de poder.<strong>\u00a0Hasta 200 mA est\u00e1n disponibles en\u00a0 estas terminales.<\/strong><\/p>\n<p class=\"ql-align-justify\"><strong>Programador de mano D5060<\/strong><\/p>\n<p class=\"ql-align-justify\"><strong>Utilice el programador de puntos multiplex D5060 para programar puntos de bus multiplex.<\/strong>\u00a0La D5060 no es requerido cuando se programan m\u00f3dulos de clase \u00abi\u00bb. En adem\u00e1s de los puntos de programaci\u00f3n,\u00a0<strong>utilice la D5060 para ver el n\u00famero de punto del dispositivo MUX.<\/strong><\/p>\n<p class=\"ql-align-justify\"><strong>Certificaciones y homologaciones.<\/strong><\/p>\n<p class=\"ql-align-justify\"><strong>Regulaciones de la regi\u00f3n \/ marcas de calidad<\/strong><\/p>\n<p class=\"ql-align-justify\"><strong>USA:<\/strong><\/p>\n<ul>\n<li class=\"ql-align-justify\">UL AMCX: Unidades de alarma de estaci\u00f3n central (UL1610, UL1635), AOTX: Alarma local Unidades (UL464, UL609), APAW: Polic\u00eda Unidades de alarma de estaci\u00f3n (UL365, UL464), APOU: Unidades de alarma propietarias. (UL1076), NBSX: ladr\u00f3n dom\u00e9stico Unidades del sistema de alarma (UL1023), UTOU: Unidades de control y accesorios &#8211; Tipo de sistema dom\u00e9stico\u00a0 (UL985) Consulte D8125MUX Operaci\u00f3n e Instalaci\u00f3n Gu\u00eda (P \/ N: 36796) para UL UOJZ: Unidades de control, sistema\u00a0 (UL864, 9\u00aa edici\u00f3n).<\/li>\n<li class=\"ql-align-justify\">CSFM Jefe de Bomberos del Estado de California (ver nuestra sitio web).<img decoding=\"async\" src=\"https:\/\/tvc.mx\/media\/15257\/Logoopaginas-oficial.png\" \/><\/li>\n<\/ul>\n","protected":false},"excerpt":{"rendered":"<p>M\u00f3dulo de expansi\u00f3n D8125MUX, Multiplex El m\u00f3dulo de interfaz de bus multiplex D8125MUX y se utilizan m\u00f3dulos asociados y detectores para expandir. Los puntos direccionables de un control de Bosch compatible con panel m\u00e1s all\u00e1 de su n\u00famero est\u00e1ndar de a bordo iniciando zonas o&hellip;<\/p>\n","protected":false},"featured_media":3520,"comment_status":"open","ping_status":"closed","template":"","meta":{"om_disable_all_campaigns":false,"_monsterinsights_skip_tracking":false,"_monsterinsights_sitenote_active":false,"_monsterinsights_sitenote_note":"","_monsterinsights_sitenote_category":0},"product_brand":[],"product_cat":[264],"product_tag":[212,211,151],"class_list":{"0":"post-3521","1":"product","2":"type-product","3":"status-publish","4":"has-post-thumbnail","6":"product_cat-modulos-alarmas-bosch","7":"product_tag-alarmas","8":"product_tag-alarmas-e-intrusion","9":"product_tag-seguridad","11":"first","12":"instock","13":"sale","14":"taxable","15":"shipping-taxable","16":"purchasable","17":"product-type-simple"},"aioseo_notices":[],"_links":{"self":[{"href":"https:\/\/tecsecmty.com\/index.php\/wp-json\/wp\/v2\/product\/3521","targetHints":{"allow":["GET"]}}],"collection":[{"href":"https:\/\/tecsecmty.com\/index.php\/wp-json\/wp\/v2\/product"}],"about":[{"href":"https:\/\/tecsecmty.com\/index.php\/wp-json\/wp\/v2\/types\/product"}],"replies":[{"embeddable":true,"href":"https:\/\/tecsecmty.com\/index.php\/wp-json\/wp\/v2\/comments?post=3521"}],"version-history":[{"count":0,"href":"https:\/\/tecsecmty.com\/index.php\/wp-json\/wp\/v2\/product\/3521\/revisions"}],"wp:featuredmedia":[{"embeddable":true,"href":"https:\/\/tecsecmty.com\/index.php\/wp-json\/wp\/v2\/media\/3520"}],"wp:attachment":[{"href":"https:\/\/tecsecmty.com\/index.php\/wp-json\/wp\/v2\/media?parent=3521"}],"wp:term":[{"taxonomy":"product_brand","embeddable":true,"href":"https:\/\/tecsecmty.com\/index.php\/wp-json\/wp\/v2\/product_brand?post=3521"},{"taxonomy":"product_cat","embeddable":true,"href":"https:\/\/tecsecmty.com\/index.php\/wp-json\/wp\/v2\/product_cat?post=3521"},{"taxonomy":"product_tag","embeddable":true,"href":"https:\/\/tecsecmty.com\/index.php\/wp-json\/wp\/v2\/product_tag?post=3521"}],"curies":[{"name":"wp","href":"https:\/\/api.w.org\/{rel}","templated":true}]}}