{"id":3523,"date":"2023-02-23T00:20:59","date_gmt":"2023-02-23T06:20:59","guid":{"rendered":"https:\/\/tecsecmty.com\/index.php\/producto\/dahua-dhi-ara43-w2-repetidor-inalambrico-de-alarma-puede-conectar-hasta-32-dispositivos-inalambricos-indicador-de-estado-con-luz-led-lonuevo-alarmasdahua\/"},"modified":"2023-03-22T23:22:30","modified_gmt":"2023-03-23T05:22:30","slug":"dahua-dhi-ara43-w2-repetidor-inalambrico-de-alarma-puede-conectar-hasta-32-dispositivos-inalambricos-indicador-de-estado-con-luz-led-lonuevo-alarmasdahua","status":"publish","type":"product","link":"https:\/\/tecsecmty.com\/index.php\/producto\/dahua-dhi-ara43-w2-repetidor-inalambrico-de-alarma-puede-conectar-hasta-32-dispositivos-inalambricos-indicador-de-estado-con-luz-led-lonuevo-alarmasdahua\/","title":{"rendered":"DAHUA DHI-ARA43-W2 &#8211; Repetidor Inal\u00e1mbrico de Alarma\/ Puede Conectar hasta 32 Dispositivos Inal\u00e1mbricos\/ Indicador de Estado con Luz Led\/ #LoNuevo #AlarmasDahua"},"content":{"rendered":"<h5 class=\"card-title text-center\">Informaci\u00f3n General<\/h5>\n<p>El repetidor de alarma es un dispositivo inal\u00e1mbrico que ampl\u00eda el rango de comunicaci\u00f3n entre el concentrador de alarma (HUB) y otros dispositivos reenviando los mensajes recibidos desde el dispositivo al concentrador. Proporciona una v\u00eda de comunicaci\u00f3n secundaria para los dispositivos, lo que mejora la estabilidad general y la confiabilidad de la comunicaci\u00f3n del sistema de seguridad inal\u00e1mbrico. Puede usar la aplicaci\u00f3n DMSS para seleccionar manualmente una ruta para los accesorios o permitir que el sistema seleccione autom\u00e1ticamente uno para ellos.<\/p>\n<h3>Principales Caracter\u00edsticas<\/h3>\n<ul>\n<li>Conecta hasta 32 perif\u00e9ricos por repetidor<\/li>\n<li>Admite emparejamiento manual y autom\u00e1tico, lo que ampl\u00eda la distancia de RF para su sistema de seguridad.<\/li>\n<li>Cambios autom\u00e1ticos de antenas duales para reducir las \u00e1reas ciegas.<\/li>\n<li>Si el repetidor est\u00e1 apagado, puede funcionar con la bater\u00eda hasta por 35 horas.<\/li>\n<li>Indicador led de estatus<\/li>\n<li>Tamper antisabotaje<\/li>\n<li>Medici\u00f3n y Alarma de bater\u00eda baja del dispositivo<\/li>\n<li>Detecci\u00f3n de intensidad de se\u00f1al a trav\u00e9s de DMSS<\/li>\n<li>La funci\u00f3n de salto de frecuencia y la tecnolog\u00eda de comunicaci\u00f3n bidireccional garantizan la estabilidad de la comunicaci\u00f3n<\/li>\n<li>Actualizaci\u00f3n en la nube y recuperaci\u00f3n autom\u00e1tica de errores de actualizaci\u00f3n<img decoding=\"async\" class=\"overview-center-img-web\" src=\"https:\/\/tvc.mx\/media\/496044\/repetidor-inalambrico-de-alarma-hasta-32-dispositivos-ARA43-W2-Dahua.png\" alt=\"\" \/><\/li>\n<\/ul>\n","protected":false},"excerpt":{"rendered":"<p>Informaci\u00f3n General El repetidor de alarma es un dispositivo inal\u00e1mbrico que ampl\u00eda el rango de comunicaci\u00f3n entre el concentrador de alarma (HUB) y otros dispositivos reenviando los mensajes recibidos desde el dispositivo al concentrador. Proporciona una v\u00eda de comunicaci\u00f3n secundaria para los dispositivos, lo que&hellip;<\/p>\n","protected":false},"featured_media":3522,"comment_status":"open","ping_status":"closed","template":"","meta":{"om_disable_all_campaigns":false,"_monsterinsights_skip_tracking":false,"_monsterinsights_sitenote_active":false,"_monsterinsights_sitenote_note":"","_monsterinsights_sitenote_category":0},"product_brand":[],"product_cat":[265],"product_tag":[212,211,151],"class_list":{"0":"post-3523","1":"product","2":"type-product","3":"status-publish","4":"has-post-thumbnail","6":"product_cat-modulos-alarmas-dahua-alarmas-intrusion","7":"product_tag-alarmas","8":"product_tag-alarmas-e-intrusion","9":"product_tag-seguridad","11":"first","12":"instock","13":"sale","14":"taxable","15":"shipping-taxable","16":"purchasable","17":"product-type-simple"},"aioseo_notices":[],"_links":{"self":[{"href":"https:\/\/tecsecmty.com\/index.php\/wp-json\/wp\/v2\/product\/3523","targetHints":{"allow":["GET"]}}],"collection":[{"href":"https:\/\/tecsecmty.com\/index.php\/wp-json\/wp\/v2\/product"}],"about":[{"href":"https:\/\/tecsecmty.com\/index.php\/wp-json\/wp\/v2\/types\/product"}],"replies":[{"embeddable":true,"href":"https:\/\/tecsecmty.com\/index.php\/wp-json\/wp\/v2\/comments?post=3523"}],"version-history":[{"count":0,"href":"https:\/\/tecsecmty.com\/index.php\/wp-json\/wp\/v2\/product\/3523\/revisions"}],"wp:featuredmedia":[{"embeddable":true,"href":"https:\/\/tecsecmty.com\/index.php\/wp-json\/wp\/v2\/media\/3522"}],"wp:attachment":[{"href":"https:\/\/tecsecmty.com\/index.php\/wp-json\/wp\/v2\/media?parent=3523"}],"wp:term":[{"taxonomy":"product_brand","embeddable":true,"href":"https:\/\/tecsecmty.com\/index.php\/wp-json\/wp\/v2\/product_brand?post=3523"},{"taxonomy":"product_cat","embeddable":true,"href":"https:\/\/tecsecmty.com\/index.php\/wp-json\/wp\/v2\/product_cat?post=3523"},{"taxonomy":"product_tag","embeddable":true,"href":"https:\/\/tecsecmty.com\/index.php\/wp-json\/wp\/v2\/product_tag?post=3523"}],"curies":[{"name":"wp","href":"https:\/\/api.w.org\/{rel}","templated":true}]}}