{"id":3527,"date":"2023-02-23T00:21:02","date_gmt":"2023-02-23T06:21:02","guid":{"rendered":"https:\/\/tecsecmty.com\/index.php\/producto\/dsc-direccionable-paquete-modulo-expansor-direccionable-compatible-con-power-series-pc5100-con-sensores-1-amp701-contacto-puerta-o-ventana-y1-amb300-det-movimiento\/"},"modified":"2023-03-22T23:23:16","modified_gmt":"2023-03-23T05:23:16","slug":"dsc-direccionable-paquete-modulo-expansor-direccionable-compatible-con-power-series-pc5100-con-sensores-1-amp701-contacto-puerta-o-ventana-y1-amb300-det-movimiento","status":"publish","type":"product","link":"https:\/\/tecsecmty.com\/index.php\/producto\/dsc-direccionable-paquete-modulo-expansor-direccionable-compatible-con-power-series-pc5100-con-sensores-1-amp701-contacto-puerta-o-ventana-y1-amb300-det-movimiento\/","title":{"rendered":"DSC DIRECCIONABLE &#8211; Paquete M\u00f3dulo Expansor Direccionable compatible con Power Series PC5100 con sensores, 1 AMP701 contacto puerta o ventana, y1 AMB300 det movimiento"},"content":{"rendered":"<h5 class=\"card-title text-center\">DSC1200050<\/h5>\n<h4>PAQUETE DE M\u00d3DULO EXPANSOR Y SENSORES DIRECCIONABLES<\/h4>\n<h5>INCLUYE<\/h5>\n<ul>\n<li>1 M\u00f3dulo Expansor PC5100<\/li>\n<li>1 Contacto Magn\u00e9tico AMP701<\/li>\n<li>1 Detector de Movimiento AMB300<\/li>\n<\/ul>\n<h5><\/h5>\n<p><img decoding=\"async\" class=\"overview-center-img-web\" src=\"https:\/\/tvc.mx\/media\/598843\/DSC-DIRECCIONABLE-Paquete-M%C3%B3dulo-Expansor-Direccionable-compatible-con-Power-Series-PC5100-sensores-AMP701-contacto-puerta-ventana-y-1-AMB300-det-movimiento-2.png\" alt=\"\" \/><\/p>\n","protected":false},"excerpt":{"rendered":"<p>DSC1200050 PAQUETE DE M\u00d3DULO EXPANSOR Y SENSORES DIRECCIONABLES INCLUYE 1 M\u00f3dulo Expansor PC5100 1 Contacto Magn\u00e9tico AMP701 1 Detector de Movimiento AMB300<\/p>\n","protected":false},"featured_media":3526,"comment_status":"open","ping_status":"closed","template":"","meta":{"om_disable_all_campaigns":false,"_monsterinsights_skip_tracking":false,"_monsterinsights_sitenote_active":false,"_monsterinsights_sitenote_note":"","_monsterinsights_sitenote_category":0},"product_brand":[],"product_cat":[266],"product_tag":[212,211,151],"class_list":{"0":"post-3527","1":"product","2":"type-product","3":"status-publish","4":"has-post-thumbnail","6":"product_cat-modulos-alarmas-dsc","7":"product_tag-alarmas","8":"product_tag-alarmas-e-intrusion","9":"product_tag-seguridad","11":"first","12":"instock","13":"sale","14":"taxable","15":"shipping-taxable","16":"purchasable","17":"product-type-simple"},"aioseo_notices":[],"_links":{"self":[{"href":"https:\/\/tecsecmty.com\/index.php\/wp-json\/wp\/v2\/product\/3527","targetHints":{"allow":["GET"]}}],"collection":[{"href":"https:\/\/tecsecmty.com\/index.php\/wp-json\/wp\/v2\/product"}],"about":[{"href":"https:\/\/tecsecmty.com\/index.php\/wp-json\/wp\/v2\/types\/product"}],"replies":[{"embeddable":true,"href":"https:\/\/tecsecmty.com\/index.php\/wp-json\/wp\/v2\/comments?post=3527"}],"version-history":[{"count":0,"href":"https:\/\/tecsecmty.com\/index.php\/wp-json\/wp\/v2\/product\/3527\/revisions"}],"wp:featuredmedia":[{"embeddable":true,"href":"https:\/\/tecsecmty.com\/index.php\/wp-json\/wp\/v2\/media\/3526"}],"wp:attachment":[{"href":"https:\/\/tecsecmty.com\/index.php\/wp-json\/wp\/v2\/media?parent=3527"}],"wp:term":[{"taxonomy":"product_brand","embeddable":true,"href":"https:\/\/tecsecmty.com\/index.php\/wp-json\/wp\/v2\/product_brand?post=3527"},{"taxonomy":"product_cat","embeddable":true,"href":"https:\/\/tecsecmty.com\/index.php\/wp-json\/wp\/v2\/product_cat?post=3527"},{"taxonomy":"product_tag","embeddable":true,"href":"https:\/\/tecsecmty.com\/index.php\/wp-json\/wp\/v2\/product_tag?post=3527"}],"curies":[{"name":"wp","href":"https:\/\/api.w.org\/{rel}","templated":true}]}}