{"id":3531,"date":"2023-02-23T00:21:05","date_gmt":"2023-02-23T06:21:05","guid":{"rendered":"https:\/\/tecsecmty.com\/index.php\/producto\/dsc-hsm2108-modulo-expansor-de-8-zonas-cableadas-compatible-con-panel-neo-pro-cer-losprincipales\/"},"modified":"2023-03-22T23:23:18","modified_gmt":"2023-03-23T05:23:18","slug":"dsc-hsm2108-modulo-expansor-de-8-zonas-cableadas-compatible-con-panel-neo-pro-cer-losprincipales","status":"publish","type":"product","link":"https:\/\/tecsecmty.com\/index.php\/producto\/dsc-hsm2108-modulo-expansor-de-8-zonas-cableadas-compatible-con-panel-neo-pro-cer-losprincipales\/","title":{"rendered":"DSC HSM2108 &#8211; M\u00f3dulo Expansor de 8 Zonas Cableadas compatible con panel NEO, PRO #cer #LosPrincipales"},"content":{"rendered":"<h5 class=\"card-title text-center\">Descripci\u00f3n<\/h5>\n<p><strong>M\u00f3dulos de Expansi\u00f3n de Zona Cableada y de Salida PowerSeries Neo de DSC HSM2108<\/strong><\/p>\n<p>\u2022 El HSM2108 es un m\u00f3dulo de entrada de zona que agrega hasta ocho zonas completamente programables a cualquier sistema de seguridad PowerSeries Neo.<\/p>\n<p>\u2022 Soporta bucles de zona sin fin de l\u00ednea, con fin de l\u00ednea simple y con fin de l\u00ednea doble. (resistencias de 5,600\u00a0Ohm)<\/p>\n<p>\u2022 Conecte hasta 15 m\u00f3dulos por sistema.<\/p>\n<p>\u2022 Entrada de contacto antisabotaje.<\/p>\n<p><strong>Especificaciones<\/strong><\/p>\n<p>Informaci\u00f3n para pedidos: HSM2108&#8230;&#8230;&#8230;&#8230;&#8230;&#8230;&#8230;&#8230;&#8230;&#8230;&#8230;.. Expansor de 8 zonas cableadas<\/p>\n<p>Dimensiones:&#8230;&#8230;&#8230;&#8230;&#8230;&#8230;&#8230;&#8230; 45\u00a0mm x 92\u00a0mm (1.12\/16\u201d x 3 5\/8\u201d)<\/p>\n<p>Consumo de corriente del panel:&#8230;&#8230;&#8230;&#8230;&#8230;&#8230;&#8230;&#8230;&#8230; 130 mA (m\u00e1x.)<\/p>\n<p>Tensi\u00f3n: &#8230;&#8230;&#8230;&#8230;&#8230;&#8230;&#8230;&#8230;&#8230;&#8230;&#8230;&#8230;&#8230;&#8230;&#8230;&#8230;&#8230;&#8230;&#8230;&#8230; 12\u00a0V\u00a0CC nominal<\/p>\n<p>Entorno de operaci\u00f3n: &#8230;&#8230; de -10\u00a0\u00b0C a 55\u00a0\u00b0C (de 14\u00a0\u00b0F a 131\u00a0\u00b0F)<\/p>\n<p>Humedad relativa: &#8230;&#8230;&#8230;&#8230;&#8230;&#8230;&#8230;&#8230;&#8230;&#8230;&#8230;&#8230;&#8230;&#8230;&#8230;&#8230;&#8230;&#8230;&#8230;.5 a 93\u00a0%<\/p>\n","protected":false},"excerpt":{"rendered":"<p>Descripci\u00f3n M\u00f3dulos de Expansi\u00f3n de Zona Cableada y de Salida PowerSeries Neo de DSC HSM2108 \u2022 El HSM2108 es un m\u00f3dulo de entrada de zona que agrega hasta ocho zonas completamente programables a cualquier sistema de seguridad PowerSeries Neo. \u2022 Soporta bucles de zona sin&hellip;<\/p>\n","protected":false},"featured_media":3530,"comment_status":"open","ping_status":"closed","template":"","meta":{"om_disable_all_campaigns":false,"_monsterinsights_skip_tracking":false,"_monsterinsights_sitenote_active":false,"_monsterinsights_sitenote_note":"","_monsterinsights_sitenote_category":0},"product_brand":[],"product_cat":[266],"product_tag":[212,211,151],"class_list":{"0":"post-3531","1":"product","2":"type-product","3":"status-publish","4":"has-post-thumbnail","6":"product_cat-modulos-alarmas-dsc","7":"product_tag-alarmas","8":"product_tag-alarmas-e-intrusion","9":"product_tag-seguridad","11":"first","12":"instock","13":"sale","14":"taxable","15":"shipping-taxable","16":"purchasable","17":"product-type-simple"},"aioseo_notices":[],"_links":{"self":[{"href":"https:\/\/tecsecmty.com\/index.php\/wp-json\/wp\/v2\/product\/3531","targetHints":{"allow":["GET"]}}],"collection":[{"href":"https:\/\/tecsecmty.com\/index.php\/wp-json\/wp\/v2\/product"}],"about":[{"href":"https:\/\/tecsecmty.com\/index.php\/wp-json\/wp\/v2\/types\/product"}],"replies":[{"embeddable":true,"href":"https:\/\/tecsecmty.com\/index.php\/wp-json\/wp\/v2\/comments?post=3531"}],"version-history":[{"count":0,"href":"https:\/\/tecsecmty.com\/index.php\/wp-json\/wp\/v2\/product\/3531\/revisions"}],"wp:featuredmedia":[{"embeddable":true,"href":"https:\/\/tecsecmty.com\/index.php\/wp-json\/wp\/v2\/media\/3530"}],"wp:attachment":[{"href":"https:\/\/tecsecmty.com\/index.php\/wp-json\/wp\/v2\/media?parent=3531"}],"wp:term":[{"taxonomy":"product_brand","embeddable":true,"href":"https:\/\/tecsecmty.com\/index.php\/wp-json\/wp\/v2\/product_brand?post=3531"},{"taxonomy":"product_cat","embeddable":true,"href":"https:\/\/tecsecmty.com\/index.php\/wp-json\/wp\/v2\/product_cat?post=3531"},{"taxonomy":"product_tag","embeddable":true,"href":"https:\/\/tecsecmty.com\/index.php\/wp-json\/wp\/v2\/product_tag?post=3531"}],"curies":[{"name":"wp","href":"https:\/\/api.w.org\/{rel}","templated":true}]}}