{"id":3533,"date":"2023-02-23T00:21:07","date_gmt":"2023-02-23T06:21:07","guid":{"rendered":"https:\/\/tecsecmty.com\/index.php\/producto\/dsc-hsm2204-modulo-fuente-con-4-salidas-programables-de-alta-corriente-compatible-con-panel-neo-pro\/"},"modified":"2023-03-22T23:23:18","modified_gmt":"2023-03-23T05:23:18","slug":"dsc-hsm2204-modulo-fuente-con-4-salidas-programables-de-alta-corriente-compatible-con-panel-neo-pro","status":"publish","type":"product","link":"https:\/\/tecsecmty.com\/index.php\/producto\/dsc-hsm2204-modulo-fuente-con-4-salidas-programables-de-alta-corriente-compatible-con-panel-neo-pro\/","title":{"rendered":"DSC HSM2204 &#8211; Modulo Fuente con 4 Salidas Programables de Alta Corriente compatible con panel NEO, PRO"},"content":{"rendered":"<h5 class=\"card-title text-center\">Descripci\u00f3n<\/h5>\n<p><strong>M\u00f3dulo de Salida con Alta Corriente HSM2204<\/strong><\/p>\n<ul>\n<li>El HSM2204 es un m\u00f3dulo de doble funci\u00f3n: proporciona salidas programables para controlar dispositivos externos y genera m\u00e1s de 12\u00a0V 1.0\u00a0A de potencia adicional.<\/li>\n<li>Conecte hasta 4 m\u00f3dulos por sistema.<\/li>\n<li>Totalmente supervisado para falla de CA, bater\u00eda baja y fallas de AUX.<\/li>\n<\/ul>\n<p><strong>Especificaciones:<\/strong><\/p>\n<ul>\n<li>HSM2204&#8230;&#8230;&#8230;&#8230;&#8230;&#8230;&#8230;&#8230;&#8230;&#8230;&#8230;. Expansor PGM de Alta Corriente<\/li>\n<li>Dimensiones:&#8230;&#8230;&#8230;&#8230;&#8230;&#8230; 145\u00a0mm x 83\u00a0mm (5 45\/64\u201d x 3 17\/64\u201d)<\/li>\n<li>Consumo de corriente del panel:&#8230;&#8230;&#8230;&#8230;&#8230;&#8230;&#8230;&#8230;&#8230;.. 40\u00a0mA (m\u00e1x.)<\/li>\n<li>Tensi\u00f3n:&#8230;&#8230;&#8230;&#8230;&#8230;&#8230;&#8230;&#8230;&#8230;&#8230;&#8230;&#8230;&#8230;&#8230;&#8230;&#8230;&#8230;&#8230;&#8230;&#8230;. 12\u00a0V\u00a0CC nominal<\/li>\n<li>Salida auxiliar:&#8230;&#8230;&#8230;&#8230;&#8230;&#8230;&#8230;&#8230;&#8230;&#8230;&#8230;&#8230;&#8230;&#8230;&#8230;&#8230;&#8230;&#8230;&#8230;&#8230;&#8230;..1\u00a0A m\u00e1x.<\/li>\n<li>Valores del secundario del transformador: &#8230;&#8230;&#8230;16.5\u00a0V\u00a0CA, 40\u00a0VA<\/li>\n<li>Capacidad de la bater\u00eda:&#8230;&#8230;&#8230;4\u00a0Ah, 7\u00a0Ah o 14\u00a0Ah (2 x 7\u00a0Ah) m\u00e1x.<\/li>\n<li>Entorno de operaci\u00f3n:&#8230;&#8230;. de -10\u00a0\u00b0C a 55\u00a0\u00b0C (de 14\u00a0\u00b0F a 131\u00a0\u00b0F)<\/li>\n<li>Humedad relativa: &#8230;&#8230;&#8230;&#8230;&#8230;&#8230;&#8230;&#8230;&#8230;&#8230;&#8230;&#8230;&#8230;&#8230;&#8230;&#8230;&#8230;&#8230;&#8230;.5 a 93\u00a0%<strong>Gabinetes compatibles:<\/strong>\n<ul>\n<li>Modelo PC500C de acero calibre 22, pintado. 213\u00a0mm (largo) x 235\u00a0mm (ancho) x 78\u00a0mm (alto)<\/li>\n<li>Modelo CMC- 1 de acero calibre 18, pintado. 287\u00a0mm (largo) x 298\u00a0mm (ancho) x 80\u00a0mm (alto)<\/li>\n<li>Modelo PC4050CAR de acero calibre 18, pintado. 376\u00a0mm (largo) x 305\u00a0mm (ancho) x 125\u00a0mm (alto)<\/li>\n<li>Modelo PC4050CR de acero calibre 18, pintado. 376\u00a0mm (largo) x 305\u00a0mm (ancho) x 128\u00a0mm (alto)<\/li>\n<li>Modelo Power UC1 de acero calibre 18, pintado. 356\u00a0mm (largo) x 319\u00a0mm (ancho) x 115\u00a0mm (alto) Peso: 6.15\u00a0Kg (PCB, bater\u00eda, XFRM)<\/li>\n<li>Modelo PC5003C de acero calibre 22, pintado. 288\u00a0mm (largo) x 298\u00a0mm (ancho) x 78\u00a0mm (alto) Peso: 4.5\u00a0Kg (PCB, bater\u00eda, XFRM)<\/li>\n<\/ul>\n<p><img decoding=\"async\" class=\"overview-center-img-web\" src=\"https:\/\/tvc.mx\/media\/30735\/2204.jpg\" alt=\"\" \/><\/li>\n<\/ul>\n","protected":false},"excerpt":{"rendered":"<p>Descripci\u00f3n M\u00f3dulo de Salida con Alta Corriente HSM2204 El HSM2204 es un m\u00f3dulo de doble funci\u00f3n: proporciona salidas programables para controlar dispositivos externos y genera m\u00e1s de 12\u00a0V 1.0\u00a0A de potencia adicional. Conecte hasta 4 m\u00f3dulos por sistema. Totalmente supervisado para falla de CA, bater\u00eda&hellip;<\/p>\n","protected":false},"featured_media":3532,"comment_status":"open","ping_status":"closed","template":"","meta":{"om_disable_all_campaigns":false,"_monsterinsights_skip_tracking":false,"_monsterinsights_sitenote_active":false,"_monsterinsights_sitenote_note":"","_monsterinsights_sitenote_category":0},"product_brand":[],"product_cat":[266],"product_tag":[212,211,151],"class_list":{"0":"post-3533","1":"product","2":"type-product","3":"status-publish","4":"has-post-thumbnail","6":"product_cat-modulos-alarmas-dsc","7":"product_tag-alarmas","8":"product_tag-alarmas-e-intrusion","9":"product_tag-seguridad","11":"first","12":"instock","13":"sale","14":"taxable","15":"shipping-taxable","16":"purchasable","17":"product-type-simple"},"aioseo_notices":[],"_links":{"self":[{"href":"https:\/\/tecsecmty.com\/index.php\/wp-json\/wp\/v2\/product\/3533","targetHints":{"allow":["GET"]}}],"collection":[{"href":"https:\/\/tecsecmty.com\/index.php\/wp-json\/wp\/v2\/product"}],"about":[{"href":"https:\/\/tecsecmty.com\/index.php\/wp-json\/wp\/v2\/types\/product"}],"replies":[{"embeddable":true,"href":"https:\/\/tecsecmty.com\/index.php\/wp-json\/wp\/v2\/comments?post=3533"}],"version-history":[{"count":0,"href":"https:\/\/tecsecmty.com\/index.php\/wp-json\/wp\/v2\/product\/3533\/revisions"}],"wp:featuredmedia":[{"embeddable":true,"href":"https:\/\/tecsecmty.com\/index.php\/wp-json\/wp\/v2\/media\/3532"}],"wp:attachment":[{"href":"https:\/\/tecsecmty.com\/index.php\/wp-json\/wp\/v2\/media?parent=3533"}],"wp:term":[{"taxonomy":"product_brand","embeddable":true,"href":"https:\/\/tecsecmty.com\/index.php\/wp-json\/wp\/v2\/product_brand?post=3533"},{"taxonomy":"product_cat","embeddable":true,"href":"https:\/\/tecsecmty.com\/index.php\/wp-json\/wp\/v2\/product_cat?post=3533"},{"taxonomy":"product_tag","embeddable":true,"href":"https:\/\/tecsecmty.com\/index.php\/wp-json\/wp\/v2\/product_tag?post=3533"}],"curies":[{"name":"wp","href":"https:\/\/api.w.org\/{rel}","templated":true}]}}