{"id":3535,"date":"2023-02-23T00:21:08","date_gmt":"2023-02-23T06:21:08","guid":{"rendered":"https:\/\/tecsecmty.com\/index.php\/producto\/dsc-hsm2208-modulo-expansor-de-8-salidas-programables-de-baja-corriente-compatible-con-panel-neo-pro\/"},"modified":"2023-03-22T23:23:18","modified_gmt":"2023-03-23T05:23:18","slug":"dsc-hsm2208-modulo-expansor-de-8-salidas-programables-de-baja-corriente-compatible-con-panel-neo-pro","status":"publish","type":"product","link":"https:\/\/tecsecmty.com\/index.php\/producto\/dsc-hsm2208-modulo-expansor-de-8-salidas-programables-de-baja-corriente-compatible-con-panel-neo-pro\/","title":{"rendered":"DSC HSM2208 &#8211; M\u00f3dulo Expansor de 8 Salidas Programables de baja corriente compatible con panel NEO, PRO"},"content":{"rendered":"<h5 class=\"card-title text-center\">Descripci\u00f3n<\/h5>\n<p>PowerSeries Neo redefine el concepto de seguridad PowerSeries Neo de DSC redefine el concepto de protecci\u00f3n contra intrusiones combinando la flexibilidad de un sistema cableado modular con la simplicidad de una amplia variedad de dispositivos y perif\u00e9ricos inal\u00e1mbricos. \u00bfEl resultado? El sistema h\u00edbrido m\u00e1s completo del mercado. Esta nueva plataforma sumamente flexible utiliza las capacidades superiores de PowerG, la tecnolog\u00eda de intrusi\u00f3n inal\u00e1mbrica l\u00edder en la industria. Innovadoras soluciones de verificaci\u00f3n de alarmas y un paquete integral de herramientas remotas de software convierten a PowerSeries Neo en una soluci\u00f3n de primera clase ideal para instalaciones residenciales y comerciales escalables.<\/p>\n<p><strong>M\u00f3dulo de Salida de Baja Corriente HSM2208<\/strong><\/p>\n<ul>\n<li>El HSM2208 proporciona salidas programables de baja corriente.<\/li>\n<li>Conecta hasta 16 m\u00f3dulos por sistema. Especificaciones<\/li>\n<\/ul>\n<p><strong>Caracter\u00edsticas que marcan la diferencia:<\/strong><\/p>\n<p>\u2022 M\u00f3dulos de expansi\u00f3n de zona cableada que permiten expandir f\u00e1cilmente las zonas y las salidas programables.<\/p>\n<p>\u2022 Expansi\u00f3n completamente supervisada que garantiza una constante comunicaci\u00f3n con el panel de control PowerSeries Neo.<\/p>\n<p>\u2022 Supervisi\u00f3n antisabotaje disponible que garantiza que el producto est\u00e9 siempre protegido.<\/p>\n<p>\u2022 Se conecta al panel de control mediante Combus de 4 hilos.<\/p>\n<p>\u2022 El cableado se puede hacer de forma directa, en cadena o con derivaciones en T en cualquier lugar del Combus.<\/p>\n<p>\u2022 Comunicaciones completamente encriptadas con PowerSeries Neo<\/p>\n<p><img decoding=\"async\" class=\"overview-center-img-web\" src=\"https:\/\/tvc.mx\/media\/29364\/DSC1200012-1.jpg\" alt=\"\" \/><\/p>\n","protected":false},"excerpt":{"rendered":"<p>Descripci\u00f3n PowerSeries Neo redefine el concepto de seguridad PowerSeries Neo de DSC redefine el concepto de protecci\u00f3n contra intrusiones combinando la flexibilidad de un sistema cableado modular con la simplicidad de una amplia variedad de dispositivos y perif\u00e9ricos inal\u00e1mbricos. \u00bfEl resultado? El sistema h\u00edbrido m\u00e1s&hellip;<\/p>\n","protected":false},"featured_media":3534,"comment_status":"open","ping_status":"closed","template":"","meta":{"om_disable_all_campaigns":false,"_monsterinsights_skip_tracking":false,"_monsterinsights_sitenote_active":false,"_monsterinsights_sitenote_note":"","_monsterinsights_sitenote_category":0},"product_brand":[],"product_cat":[266],"product_tag":[212,211,151],"class_list":{"0":"post-3535","1":"product","2":"type-product","3":"status-publish","4":"has-post-thumbnail","6":"product_cat-modulos-alarmas-dsc","7":"product_tag-alarmas","8":"product_tag-alarmas-e-intrusion","9":"product_tag-seguridad","11":"first","12":"instock","13":"sale","14":"taxable","15":"shipping-taxable","16":"purchasable","17":"product-type-simple"},"aioseo_notices":[],"_links":{"self":[{"href":"https:\/\/tecsecmty.com\/index.php\/wp-json\/wp\/v2\/product\/3535","targetHints":{"allow":["GET"]}}],"collection":[{"href":"https:\/\/tecsecmty.com\/index.php\/wp-json\/wp\/v2\/product"}],"about":[{"href":"https:\/\/tecsecmty.com\/index.php\/wp-json\/wp\/v2\/types\/product"}],"replies":[{"embeddable":true,"href":"https:\/\/tecsecmty.com\/index.php\/wp-json\/wp\/v2\/comments?post=3535"}],"version-history":[{"count":0,"href":"https:\/\/tecsecmty.com\/index.php\/wp-json\/wp\/v2\/product\/3535\/revisions"}],"wp:featuredmedia":[{"embeddable":true,"href":"https:\/\/tecsecmty.com\/index.php\/wp-json\/wp\/v2\/media\/3534"}],"wp:attachment":[{"href":"https:\/\/tecsecmty.com\/index.php\/wp-json\/wp\/v2\/media?parent=3535"}],"wp:term":[{"taxonomy":"product_brand","embeddable":true,"href":"https:\/\/tecsecmty.com\/index.php\/wp-json\/wp\/v2\/product_brand?post=3535"},{"taxonomy":"product_cat","embeddable":true,"href":"https:\/\/tecsecmty.com\/index.php\/wp-json\/wp\/v2\/product_cat?post=3535"},{"taxonomy":"product_tag","embeddable":true,"href":"https:\/\/tecsecmty.com\/index.php\/wp-json\/wp\/v2\/product_tag?post=3535"}],"curies":[{"name":"wp","href":"https:\/\/api.w.org\/{rel}","templated":true}]}}