{"id":3541,"date":"2023-02-23T00:21:11","date_gmt":"2023-02-23T06:21:11","guid":{"rendered":"https:\/\/tecsecmty.com\/index.php\/producto\/dsc-hsm2host9-modulo-transceptor-power-g-funcion-de-host-soporta-128-zonas-inalambricas-compatible-con-panel-neo-pro\/"},"modified":"2023-03-22T23:23:18","modified_gmt":"2023-03-23T05:23:18","slug":"dsc-hsm2host9-modulo-transceptor-power-g-funcion-de-host-soporta-128-zonas-inalambricas-compatible-con-panel-neo-pro","status":"publish","type":"product","link":"https:\/\/tecsecmty.com\/index.php\/producto\/dsc-hsm2host9-modulo-transceptor-power-g-funcion-de-host-soporta-128-zonas-inalambricas-compatible-con-panel-neo-pro\/","title":{"rendered":"DSC HSM2HOST9 &#8211; M\u00f3dulo Transceptor Power G funci\u00f3n de Host soporta 128 zonas inalambricas compatible con panel NEO, PRO"},"content":{"rendered":"<h5 class=\"card-title text-center\">Informacion general<\/h5>\n<p>La potencia de PowerSeries Neo es el resultado de diversas tecnolog\u00edas innovadoras, como la revolucionaria PowerG, que, combinadas, ofrecen una plataforma robusta y rica en funcionalidades, dise\u00f1ada para reducir los costos operativos para los instaladores y brindar m\u00e1xima confiabilidad a los usuarios finales.<\/p>\n<p class=\"ql-indent-1\">\u2022 La tecnolog\u00eda de transmisi\u00f3n multicanal de espectro ensanchado por salto de frecuencia permite que el sistema salte entre canales de frecuencia inal\u00e1mbrica para garantizar una perfecta transmisi\u00f3n de comunicaciones seguras entre los dispositivos y el panel de control.<\/p>\n<p class=\"ql-indent-1\">\u2022 La potencia de transmisi\u00f3n adaptable permite que la bater\u00eda de los dispositivos y perif\u00e9ricos del sistema dure hasta ocho a\u00f1os, lo que resulta en una reducci\u00f3n de los costos de reemplazo de bater\u00eda.<\/p>\n<p class=\"ql-indent-1\">\u2022 Los altos rangos de transmisi\u00f3n permiten una comunicaci\u00f3n confiable entre dispositivos a una l\u00ednea de visi\u00f3n de hasta 2\u00a0km\/1.24\u00a0millas de distancia. Esto permite ahorrar costos ya que no es necesario instalar de repetidoras adicionales en establecimientos grandes.<\/p>\n<p class=\"ql-indent-1\">\u2022 La tecnolog\u00eda de comunicaci\u00f3n sincronizada TDMA evita la colisi\u00f3n de mensajes al dividir los canales en varios intervalos de tiempo. Esto permite una mayor transmisi\u00f3n de datos y garantiza que los dispositivos puedan comunicarse siempre que sea necesario.<\/p>\n<p class=\"ql-indent-1\">\u2022 La encriptaci\u00f3n AES de 128\u00a0bits ofrece una protecci\u00f3n excepcional de alto nivel contra herramientas de an\u00e1lisis y ataques digitales.<\/p>\n<p>M\u00f3dulo Transceptor PowerG HSMHOSTx<\/p>\n<p class=\"ql-indent-1\">\u2022 El HSMHOSTx es un expansor de zona inal\u00e1mbrica para sensores PowerG adicionales.<\/p>\n<p class=\"ql-indent-1\">\u2022 Se puede registrar una unidad por sistema con hasta 8 repetidoras inal\u00e1mbricas (PGX920).<\/p>\n<p class=\"ql-indent-1\">\u2022 Antisabotaje frontal y trasero disponible.<\/p>\n<p class=\"ql-indent-1\">\u2022 Comunicaciones completamente encriptadas en Corbus.<\/p>\n<p class=\"ql-indent-1\">\u2022 Puede cablearse a hasta 1000 pies (305\u00a0M) desde el panel principal<\/p>\n<p><img decoding=\"async\" class=\"overview-center-img-web\" src=\"https:\/\/tvc.mx\/media\/28977\/banner.png\" alt=\"\" \/><\/p>\n","protected":false},"excerpt":{"rendered":"<p>Informacion general La potencia de PowerSeries Neo es el resultado de diversas tecnolog\u00edas innovadoras, como la revolucionaria PowerG, que, combinadas, ofrecen una plataforma robusta y rica en funcionalidades, dise\u00f1ada para reducir los costos operativos para los instaladores y brindar m\u00e1xima confiabilidad a los usuarios finales.&hellip;<\/p>\n","protected":false},"featured_media":3538,"comment_status":"open","ping_status":"closed","template":"","meta":{"om_disable_all_campaigns":false,"_monsterinsights_skip_tracking":false,"_monsterinsights_sitenote_active":false,"_monsterinsights_sitenote_note":"","_monsterinsights_sitenote_category":0},"product_brand":[],"product_cat":[266],"product_tag":[212,211,151],"class_list":{"0":"post-3541","1":"product","2":"type-product","3":"status-publish","4":"has-post-thumbnail","6":"product_cat-modulos-alarmas-dsc","7":"product_tag-alarmas","8":"product_tag-alarmas-e-intrusion","9":"product_tag-seguridad","11":"first","12":"instock","13":"sale","14":"taxable","15":"shipping-taxable","16":"purchasable","17":"product-type-simple"},"aioseo_notices":[],"_links":{"self":[{"href":"https:\/\/tecsecmty.com\/index.php\/wp-json\/wp\/v2\/product\/3541","targetHints":{"allow":["GET"]}}],"collection":[{"href":"https:\/\/tecsecmty.com\/index.php\/wp-json\/wp\/v2\/product"}],"about":[{"href":"https:\/\/tecsecmty.com\/index.php\/wp-json\/wp\/v2\/types\/product"}],"replies":[{"embeddable":true,"href":"https:\/\/tecsecmty.com\/index.php\/wp-json\/wp\/v2\/comments?post=3541"}],"version-history":[{"count":0,"href":"https:\/\/tecsecmty.com\/index.php\/wp-json\/wp\/v2\/product\/3541\/revisions"}],"wp:featuredmedia":[{"embeddable":true,"href":"https:\/\/tecsecmty.com\/index.php\/wp-json\/wp\/v2\/media\/3538"}],"wp:attachment":[{"href":"https:\/\/tecsecmty.com\/index.php\/wp-json\/wp\/v2\/media?parent=3541"}],"wp:term":[{"taxonomy":"product_brand","embeddable":true,"href":"https:\/\/tecsecmty.com\/index.php\/wp-json\/wp\/v2\/product_brand?post=3541"},{"taxonomy":"product_cat","embeddable":true,"href":"https:\/\/tecsecmty.com\/index.php\/wp-json\/wp\/v2\/product_cat?post=3541"},{"taxonomy":"product_tag","embeddable":true,"href":"https:\/\/tecsecmty.com\/index.php\/wp-json\/wp\/v2\/product_tag?post=3541"}],"curies":[{"name":"wp","href":"https:\/\/api.w.org\/{rel}","templated":true}]}}