{"id":3544,"date":"2023-02-23T00:21:12","date_gmt":"2023-02-23T06:21:12","guid":{"rendered":"https:\/\/tecsecmty.com\/index.php\/producto\/dsc-hsm3204cxpcb-modulo-fuente-supervisada-2a-con-4-salidas-programables-pgm-de-alta-corriente-y-extensor-de-bus-compatible-con-power-series-pro\/"},"modified":"2023-03-22T23:23:18","modified_gmt":"2023-03-23T05:23:18","slug":"dsc-hsm3204cxpcb-modulo-fuente-supervisada-2a-con-4-salidas-programables-pgm-de-alta-corriente-y-extensor-de-bus-compatible-con-power-series-pro","status":"publish","type":"product","link":"https:\/\/tecsecmty.com\/index.php\/producto\/dsc-hsm3204cxpcb-modulo-fuente-supervisada-2a-con-4-salidas-programables-pgm-de-alta-corriente-y-extensor-de-bus-compatible-con-power-series-pro\/","title":{"rendered":"DSC HSM3204CXPCB &#8211; M\u00f3dulo Fuente Supervisada 2A con 4 salidas programables PGM de alta corriente y Extensor de Bus compatible con Power Series PRO"},"content":{"rendered":"<div class=\"row aling-items-center padding-bottom-2x\">\n<div class=\"col-lg-12\">\n<h5 class=\"card-title text-center\">Descripci\u00f3n<\/h5>\n<p>El modulo HSM3204CX es un repetidor y aislador de comunicaci\u00f3n Corbus con cuatro salidas de rel\u00e9 altas actualmente compatibles con los paneles power series pro 1.0. El m\u00f3dulo contiene una fuente de alimentaci\u00f3n para recargar Corbus<\/p>\n<p><img decoding=\"async\" class=\"overview-center-img-web\" src=\"https:\/\/tvc.mx\/media\/64404\/HSM3204CX-central.jpg\" alt=\"\" \/><\/div>\n<\/div>\n<div class=\"row align-items-center padding-bottom-2x\">\n<div class=\"col-md-5\"><img decoding=\"async\" class=\"d-block m-auto img-thumbnail\" src=\"https:\/\/tvc.mx\/media\/64428\/modulo-de-voltaje-lateral.jpg\" alt=\" \" \/><\/div>\n<div class=\"col-md-7 text-md-left text-center\">\n<h2>Especificaciones<\/h2>\n<p class=\"text-muted\">\n<ul>\n<li><strong>Consumo de corriente de la placa:<\/strong>\u00a025 mA (estado activado \/ desactivado) \/ 150 mA (alarma)<\/li>\n<li><strong>Dimensiones del m\u00f3dulo:\u00a0<\/strong>191mm x 97mm<\/li>\n<li><strong>Indices de salida AUX:\u00a0<\/strong>10.8VDC-12.5VDC -15%-+10%<\/li>\n<li><strong>Rizado en voltaje de salida:\u00a0<\/strong>600mVp-p Max.<\/li>\n<li>no se requieren dispositivos de protecci\u00f3n contra sobretensiones en las salidas<\/li>\n<li><strong>Almacenamiento:\u00a0<\/strong>Bater\u00eda recargable de 12VDC (Reemplace bater\u00eda cada 3 \u00f3 5 a\u00f1os).<\/li>\n<li><strong>Capacidad de la bater\u00eda:\u00a0<\/strong>4 Ah, 7Ah (2 x7Ah) o 17Ah m\u00e1ximo<\/li>\n<li><strong>Alarma de bajo voltaje:\u00a0<\/strong>11.6VDC, y se restaura la alarma al llegar a 12.5VDC.<\/li>\n<li><strong>Bajo voltaje en Corbus (Terminal roja):\u00a0<\/strong>6VDC<\/li>\n<li><strong>protecci\u00f3n de descarga profunda de la bater\u00eda:<\/strong>\u00a0(corte a 9.2VDC)<\/li>\n<\/ul>\n<\/div>\n<\/div>\n","protected":false},"excerpt":{"rendered":"<p>Descripci\u00f3n El modulo HSM3204CX es un repetidor y aislador de comunicaci\u00f3n Corbus con cuatro salidas de rel\u00e9 altas actualmente compatibles con los paneles power series pro 1.0. El m\u00f3dulo contiene una fuente de alimentaci\u00f3n para recargar Corbus Especificaciones Consumo de corriente de la placa:\u00a025 mA&hellip;<\/p>\n","protected":false},"featured_media":3543,"comment_status":"open","ping_status":"closed","template":"","meta":{"om_disable_all_campaigns":false,"_monsterinsights_skip_tracking":false,"_monsterinsights_sitenote_active":false,"_monsterinsights_sitenote_note":"","_monsterinsights_sitenote_category":0},"product_brand":[],"product_cat":[266],"product_tag":[212,211,151],"class_list":{"0":"post-3544","1":"product","2":"type-product","3":"status-publish","4":"has-post-thumbnail","6":"product_cat-modulos-alarmas-dsc","7":"product_tag-alarmas","8":"product_tag-alarmas-e-intrusion","9":"product_tag-seguridad","11":"first","12":"instock","13":"sale","14":"taxable","15":"shipping-taxable","16":"purchasable","17":"product-type-simple"},"aioseo_notices":[],"_links":{"self":[{"href":"https:\/\/tecsecmty.com\/index.php\/wp-json\/wp\/v2\/product\/3544","targetHints":{"allow":["GET"]}}],"collection":[{"href":"https:\/\/tecsecmty.com\/index.php\/wp-json\/wp\/v2\/product"}],"about":[{"href":"https:\/\/tecsecmty.com\/index.php\/wp-json\/wp\/v2\/types\/product"}],"replies":[{"embeddable":true,"href":"https:\/\/tecsecmty.com\/index.php\/wp-json\/wp\/v2\/comments?post=3544"}],"version-history":[{"count":0,"href":"https:\/\/tecsecmty.com\/index.php\/wp-json\/wp\/v2\/product\/3544\/revisions"}],"wp:featuredmedia":[{"embeddable":true,"href":"https:\/\/tecsecmty.com\/index.php\/wp-json\/wp\/v2\/media\/3543"}],"wp:attachment":[{"href":"https:\/\/tecsecmty.com\/index.php\/wp-json\/wp\/v2\/media?parent=3544"}],"wp:term":[{"taxonomy":"product_brand","embeddable":true,"href":"https:\/\/tecsecmty.com\/index.php\/wp-json\/wp\/v2\/product_brand?post=3544"},{"taxonomy":"product_cat","embeddable":true,"href":"https:\/\/tecsecmty.com\/index.php\/wp-json\/wp\/v2\/product_cat?post=3544"},{"taxonomy":"product_tag","embeddable":true,"href":"https:\/\/tecsecmty.com\/index.php\/wp-json\/wp\/v2\/product_tag?post=3544"}],"curies":[{"name":"wp","href":"https:\/\/api.w.org\/{rel}","templated":true}]}}