{"id":3548,"date":"2023-02-23T00:21:14","date_gmt":"2023-02-23T06:21:14","guid":{"rendered":"https:\/\/tecsecmty.com\/index.php\/producto\/dsc-pc4116-modulo-expansor-de-16-zonas-cableadas-para-maxsys\/"},"modified":"2023-03-22T23:23:20","modified_gmt":"2023-03-23T05:23:20","slug":"dsc-pc4116-modulo-expansor-de-16-zonas-cableadas-para-maxsys","status":"publish","type":"product","link":"https:\/\/tecsecmty.com\/index.php\/producto\/dsc-pc4116-modulo-expansor-de-16-zonas-cableadas-para-maxsys\/","title":{"rendered":"DSC PC4116 &#8211; M\u00f3dulo Expansor de 16 Zonas Cableadas para MAXSYS"},"content":{"rendered":"<h5 class=\"card-title text-center\">Descripci\u00f3n<\/h5>\n<p class=\"ql-align-justify\"><strong>Descripci\u00f3n comercial<\/strong><\/p>\n<p class=\"ql-align-justify\">Modulo dise\u00f1ado para conectar estrat\u00e9gicamente hasta 16 zonas y poder reducir el cableado, tiene una protecci\u00f3n anti cortos llamada ptc y su salida auxiliar es de 250ma.<\/p>\n<p class=\"ql-align-justify\"><strong>Descripci\u00f3n t\u00e9cnica<\/strong><\/p>\n<p class=\"ql-align-justify\">Consumo 30 ma, conexi\u00f3n 4 hilos, voltaje suministrado 12 vcd @ 250 ma, protecci\u00f3n ptc.<\/p>\n<p class=\"ql-align-justify\"><strong>Beneficios adicionales<\/strong><\/p>\n<ul>\n<li class=\"ql-align-justify\">F\u00e1cil de instalar<\/li>\n<li class=\"ql-align-justify\">Voltaje suministrado por el panel de alarma<\/li>\n<li class=\"ql-align-justify\">Salida auxiliar de 250ma<\/li>\n<li class=\"ql-align-justify\">Protecci\u00f3n ptc\n<p class=\"ql-align-justify\"><strong>Para que sirve<\/strong><\/p>\n<p class=\"ql-align-justify\">El pc4116 es un m\u00f3dulo de entrada de zona que agrega hasta 16 zonas completamente programables al sistema de seguridad maxsys.<\/p>\n<p class=\"ql-align-justify\"><strong>Notas adicionales<\/strong><\/p>\n<p class=\"ql-align-justify\">Incluye 32 resistores de fin de l\u00ednea.<\/p>\n<p><img decoding=\"async\" class=\"overview-center-img-web\" src=\"https:\/\/tvc.mx\/media\/29388\/principalcomer.jpg\" alt=\"\" \/><\/li>\n<\/ul>\n","protected":false},"excerpt":{"rendered":"<p>Descripci\u00f3n Descripci\u00f3n comercial Modulo dise\u00f1ado para conectar estrat\u00e9gicamente hasta 16 zonas y poder reducir el cableado, tiene una protecci\u00f3n anti cortos llamada ptc y su salida auxiliar es de 250ma. Descripci\u00f3n t\u00e9cnica Consumo 30 ma, conexi\u00f3n 4 hilos, voltaje suministrado 12 vcd @ 250 ma,&hellip;<\/p>\n","protected":false},"featured_media":3547,"comment_status":"open","ping_status":"closed","template":"","meta":{"om_disable_all_campaigns":false,"_monsterinsights_skip_tracking":false,"_monsterinsights_sitenote_active":false,"_monsterinsights_sitenote_note":"","_monsterinsights_sitenote_category":0},"product_brand":[],"product_cat":[266],"product_tag":[212,211,151],"class_list":{"0":"post-3548","1":"product","2":"type-product","3":"status-publish","4":"has-post-thumbnail","6":"product_cat-modulos-alarmas-dsc","7":"product_tag-alarmas","8":"product_tag-alarmas-e-intrusion","9":"product_tag-seguridad","11":"first","12":"instock","13":"sale","14":"taxable","15":"shipping-taxable","16":"purchasable","17":"product-type-simple"},"aioseo_notices":[],"_links":{"self":[{"href":"https:\/\/tecsecmty.com\/index.php\/wp-json\/wp\/v2\/product\/3548","targetHints":{"allow":["GET"]}}],"collection":[{"href":"https:\/\/tecsecmty.com\/index.php\/wp-json\/wp\/v2\/product"}],"about":[{"href":"https:\/\/tecsecmty.com\/index.php\/wp-json\/wp\/v2\/types\/product"}],"replies":[{"embeddable":true,"href":"https:\/\/tecsecmty.com\/index.php\/wp-json\/wp\/v2\/comments?post=3548"}],"version-history":[{"count":0,"href":"https:\/\/tecsecmty.com\/index.php\/wp-json\/wp\/v2\/product\/3548\/revisions"}],"wp:featuredmedia":[{"embeddable":true,"href":"https:\/\/tecsecmty.com\/index.php\/wp-json\/wp\/v2\/media\/3547"}],"wp:attachment":[{"href":"https:\/\/tecsecmty.com\/index.php\/wp-json\/wp\/v2\/media?parent=3548"}],"wp:term":[{"taxonomy":"product_brand","embeddable":true,"href":"https:\/\/tecsecmty.com\/index.php\/wp-json\/wp\/v2\/product_brand?post=3548"},{"taxonomy":"product_cat","embeddable":true,"href":"https:\/\/tecsecmty.com\/index.php\/wp-json\/wp\/v2\/product_cat?post=3548"},{"taxonomy":"product_tag","embeddable":true,"href":"https:\/\/tecsecmty.com\/index.php\/wp-json\/wp\/v2\/product_tag?post=3548"}],"curies":[{"name":"wp","href":"https:\/\/api.w.org\/{rel}","templated":true}]}}