{"id":3556,"date":"2023-02-23T00:21:23","date_gmt":"2023-02-23T06:21:23","guid":{"rendered":"https:\/\/tecsecmty.com\/index.php\/producto\/dsc-pc5204-modulo-fuente-con-4-salidas-programables-de-alta-corriente-compatible-con-panel-power-series\/"},"modified":"2023-03-22T23:23:20","modified_gmt":"2023-03-23T05:23:20","slug":"dsc-pc5204-modulo-fuente-con-4-salidas-programables-de-alta-corriente-compatible-con-panel-power-series","status":"publish","type":"product","link":"https:\/\/tecsecmty.com\/index.php\/producto\/dsc-pc5204-modulo-fuente-con-4-salidas-programables-de-alta-corriente-compatible-con-panel-power-series\/","title":{"rendered":"DSC PC5204 &#8211; Modulo Fuente con 4 Salidas Programables de Alta Corriente compatible con panel Power Series"},"content":{"rendered":"<div class=\"row aling-items-center padding-bottom-2x\">\n<div class=\"col-lg-12\">\n<h5 class=\"card-title text-center\">Descripci\u00f3n principal<\/h5>\n<h1>M\u00f3dulos de Fuente de Alimentaci\u00f3n PowerSeries<\/h1>\n<h3>PC5204<\/h3>\n<p><img decoding=\"async\" class=\"overview-center-img-web\" src=\"https:\/\/tvc.mx\/media\/29270\/DSC1200009.jpg\" alt=\"\" \/><\/div>\n<\/div>\n<div class=\"row align-items-center padding-bottom-2x\">\n<div class=\"col-md-5\"><img decoding=\"async\" class=\"d-block m-auto img-thumbnail\" src=\"https:\/\/tvc.mx\/media\/29272\/HS2LCDWFP9_OV1.jpg\" alt=\" \" \/><\/div>\n<div class=\"col-md-7 text-md-left text-center\">\n<h2>Caracter\u00edstic.as<\/h2>\n<p class=\"text-muted\">\n<ul>\n<li>Totalmente supervisado para falla de CA, bater\u00eda baja y falla AUX<\/li>\n<li>PC5204 suma 4 salidas de alta tensi\u00f3n programables: de 1 A a 12 VCC, la salida 1 puede utilizarse como salida de alarma supervisada<\/li>\n<li>Compatible con todos los paneles de control PowerSeries<\/li>\n<li>Conecte un m\u00f3dulo supervisado PC5204 y hasta 4 PC5200 en un sistema<\/li>\n<li>Brinda hasta 1 A a 12 VCC<\/li>\n<li>Compatible con los paneles de control PC1404, PC1616, PC1832 y PC1864<\/li>\n<\/ul>\n<\/div>\n<\/div>\n","protected":false},"excerpt":{"rendered":"<p>Descripci\u00f3n principal M\u00f3dulos de Fuente de Alimentaci\u00f3n PowerSeries PC5204 Caracter\u00edstic.as Totalmente supervisado para falla de CA, bater\u00eda baja y falla AUX PC5204 suma 4 salidas de alta tensi\u00f3n programables: de 1 A a 12 VCC, la salida 1 puede utilizarse como salida de alarma supervisada&hellip;<\/p>\n","protected":false},"featured_media":3555,"comment_status":"open","ping_status":"closed","template":"","meta":{"om_disable_all_campaigns":false,"_monsterinsights_skip_tracking":false,"_monsterinsights_sitenote_active":false,"_monsterinsights_sitenote_note":"","_monsterinsights_sitenote_category":0},"product_brand":[],"product_cat":[266],"product_tag":[212,211,151],"class_list":{"0":"post-3556","1":"product","2":"type-product","3":"status-publish","4":"has-post-thumbnail","6":"product_cat-modulos-alarmas-dsc","7":"product_tag-alarmas","8":"product_tag-alarmas-e-intrusion","9":"product_tag-seguridad","11":"first","12":"instock","13":"sale","14":"taxable","15":"shipping-taxable","16":"purchasable","17":"product-type-simple"},"aioseo_notices":[],"_links":{"self":[{"href":"https:\/\/tecsecmty.com\/index.php\/wp-json\/wp\/v2\/product\/3556","targetHints":{"allow":["GET"]}}],"collection":[{"href":"https:\/\/tecsecmty.com\/index.php\/wp-json\/wp\/v2\/product"}],"about":[{"href":"https:\/\/tecsecmty.com\/index.php\/wp-json\/wp\/v2\/types\/product"}],"replies":[{"embeddable":true,"href":"https:\/\/tecsecmty.com\/index.php\/wp-json\/wp\/v2\/comments?post=3556"}],"version-history":[{"count":0,"href":"https:\/\/tecsecmty.com\/index.php\/wp-json\/wp\/v2\/product\/3556\/revisions"}],"wp:featuredmedia":[{"embeddable":true,"href":"https:\/\/tecsecmty.com\/index.php\/wp-json\/wp\/v2\/media\/3555"}],"wp:attachment":[{"href":"https:\/\/tecsecmty.com\/index.php\/wp-json\/wp\/v2\/media?parent=3556"}],"wp:term":[{"taxonomy":"product_brand","embeddable":true,"href":"https:\/\/tecsecmty.com\/index.php\/wp-json\/wp\/v2\/product_brand?post=3556"},{"taxonomy":"product_cat","embeddable":true,"href":"https:\/\/tecsecmty.com\/index.php\/wp-json\/wp\/v2\/product_cat?post=3556"},{"taxonomy":"product_tag","embeddable":true,"href":"https:\/\/tecsecmty.com\/index.php\/wp-json\/wp\/v2\/product_tag?post=3556"}],"curies":[{"name":"wp","href":"https:\/\/api.w.org\/{rel}","templated":true}]}}