{"id":3560,"date":"2023-02-23T00:21:26","date_gmt":"2023-02-23T06:21:26","guid":{"rendered":"https:\/\/tecsecmty.com\/index.php\/producto\/dsc-pcl422-neo-modulo-para-montaje-remoto-del-comunicador-hasta-300-mts\/"},"modified":"2023-03-22T23:23:20","modified_gmt":"2023-03-23T05:23:20","slug":"dsc-pcl422-neo-modulo-para-montaje-remoto-del-comunicador-hasta-300-mts","status":"publish","type":"product","link":"https:\/\/tecsecmty.com\/index.php\/producto\/dsc-pcl422-neo-modulo-para-montaje-remoto-del-comunicador-hasta-300-mts\/","title":{"rendered":"DSC PCL422 &#8211; Neo M\u00f3dulo para Montaje Remoto del Comunicador hasta 300 mts"},"content":{"rendered":"<h5 class=\"card-title text-center\">Descripci\u00f3n<\/h5>\n<p><strong>Descripci\u00f3n comercial<\/strong><\/p>\n<p>Permite la extensi\u00f3n de la conexi\u00f3n pc-link en 50 pies (15 m) de manera pasiva (sin alimentaci\u00f3n) para poder instalar el comunicador en un gabinete separado del panel. La distancia puede extenderse hasta 1000 pies (300 m) utilizando una fuente de alimentaci\u00f3n adicional. Compatible con comunicadores de alarma 3g2080, tl2803g y tl280.<\/p>\n<p><strong>Descripci\u00f3n t\u00e9cnica<\/strong><\/p>\n<p>Permite la extensi\u00f3n de la conexi\u00f3n pc-link en 50 pies (15 m) de manera pasiva (sin alimentaci\u00f3n) o de manera activa con alimentaci\u00f3n hasta 300m<\/p>\n<p><strong>Beneficios adicionales<\/strong><\/p>\n<ul>\n<li>distancia expansible hasta 1000 pies<\/li>\n<\/ul>\n<p><strong>Para que sirve<\/strong><\/p>\n<p>Permite realizar extensi\u00f3n de un comunicador ya sea gprs o alg\u00fan comunicador ip, a trav\u00e9s de un cable de datos.<\/p>\n<div class=\"row aling-items-center padding-bottom-2x\">\n<div class=\"col-lg-12\">\n<p><strong>Compatibilidad<\/strong><\/p>\n<p>Compatible con comunicadores 3g2080, tl2803g y tl280.<\/p>\n<p><img decoding=\"async\" class=\"overview-center-img-web\" src=\"https:\/\/tvc.mx\/media\/29395\/principalcomer.jpg\" alt=\"\" \/><\/p>\n<\/div>\n<\/div>\n<div class=\"row aling-items-center padding-bottom-2x\">\n<div class=\"col-lg-12\"><\/div>\n<\/div>\n","protected":false},"excerpt":{"rendered":"<p>Descripci\u00f3n Descripci\u00f3n comercial Permite la extensi\u00f3n de la conexi\u00f3n pc-link en 50 pies (15 m) de manera pasiva (sin alimentaci\u00f3n) para poder instalar el comunicador en un gabinete separado del panel. La distancia puede extenderse hasta 1000 pies (300 m) utilizando una fuente de alimentaci\u00f3n&hellip;<\/p>\n","protected":false},"featured_media":3559,"comment_status":"open","ping_status":"closed","template":"","meta":{"om_disable_all_campaigns":false,"_monsterinsights_skip_tracking":false,"_monsterinsights_sitenote_active":false,"_monsterinsights_sitenote_note":"","_monsterinsights_sitenote_category":0},"product_brand":[],"product_cat":[266],"product_tag":[212,211,151],"class_list":{"0":"post-3560","1":"product","2":"type-product","3":"status-publish","4":"has-post-thumbnail","6":"product_cat-modulos-alarmas-dsc","7":"product_tag-alarmas","8":"product_tag-alarmas-e-intrusion","9":"product_tag-seguridad","11":"first","12":"instock","13":"sale","14":"taxable","15":"shipping-taxable","16":"purchasable","17":"product-type-simple"},"aioseo_notices":[],"_links":{"self":[{"href":"https:\/\/tecsecmty.com\/index.php\/wp-json\/wp\/v2\/product\/3560","targetHints":{"allow":["GET"]}}],"collection":[{"href":"https:\/\/tecsecmty.com\/index.php\/wp-json\/wp\/v2\/product"}],"about":[{"href":"https:\/\/tecsecmty.com\/index.php\/wp-json\/wp\/v2\/types\/product"}],"replies":[{"embeddable":true,"href":"https:\/\/tecsecmty.com\/index.php\/wp-json\/wp\/v2\/comments?post=3560"}],"version-history":[{"count":0,"href":"https:\/\/tecsecmty.com\/index.php\/wp-json\/wp\/v2\/product\/3560\/revisions"}],"wp:featuredmedia":[{"embeddable":true,"href":"https:\/\/tecsecmty.com\/index.php\/wp-json\/wp\/v2\/media\/3559"}],"wp:attachment":[{"href":"https:\/\/tecsecmty.com\/index.php\/wp-json\/wp\/v2\/media?parent=3560"}],"wp:term":[{"taxonomy":"product_brand","embeddable":true,"href":"https:\/\/tecsecmty.com\/index.php\/wp-json\/wp\/v2\/product_brand?post=3560"},{"taxonomy":"product_cat","embeddable":true,"href":"https:\/\/tecsecmty.com\/index.php\/wp-json\/wp\/v2\/product_cat?post=3560"},{"taxonomy":"product_tag","embeddable":true,"href":"https:\/\/tecsecmty.com\/index.php\/wp-json\/wp\/v2\/product_tag?post=3560"}],"curies":[{"name":"wp","href":"https:\/\/api.w.org\/{rel}","templated":true}]}}