{"id":3564,"date":"2023-02-23T00:21:29","date_gmt":"2023-02-23T06:21:29","guid":{"rendered":"https:\/\/tecsecmty.com\/index.php\/producto\/dsc-pg9920-repetidor-inalambrico-con-tecnologia-power-g-compatible-con-neo-pro-qolsys-e-iotega\/"},"modified":"2023-03-22T23:23:21","modified_gmt":"2023-03-23T05:23:21","slug":"dsc-pg9920-repetidor-inalambrico-con-tecnologia-power-g-compatible-con-neo-pro-qolsys-e-iotega","status":"publish","type":"product","link":"https:\/\/tecsecmty.com\/index.php\/producto\/dsc-pg9920-repetidor-inalambrico-con-tecnologia-power-g-compatible-con-neo-pro-qolsys-e-iotega\/","title":{"rendered":"DSC PG9920 &#8211; Repetidor Inal\u00e1mbrico con tecnolog\u00eda Power G compatible con NEO. PRO, Qolsys e IoTega"},"content":{"rendered":"<h5 class=\"card-title text-center\">Informaci\u00f3n general<\/h5>\n<p>El Repetidor inal\u00e1mbrico PowerG PG9920 extiende el alcance de las comunicaciones en forma significativa entre el sistema de alarma y otros dispositivos PowerG donde el tama\u00f1o del edificio, la disposici\u00f3n o incluso los materiales de la construcci\u00f3n hacen que se necesite aumentar la cobertura. Al recibir los mensajes transmitidos por los dispositivos inal\u00e1mbricos PowerG, el PG9920 los retransmite al panel de control. El PG9920 mide permanentemente la calidad de la comunicaci\u00f3n y ajusta autom\u00e1ticamente la potencia de transmisi\u00f3n al m\u00ednimo necesario para que sea confiable.<\/p>\n<p><img decoding=\"async\" class=\"overview-center-img-web\" src=\"https:\/\/tvc.mx\/media\/28999\/banner.png\" alt=\"\" \/><\/p>\n","protected":false},"excerpt":{"rendered":"<p>Informaci\u00f3n general El Repetidor inal\u00e1mbrico PowerG PG9920 extiende el alcance de las comunicaciones en forma significativa entre el sistema de alarma y otros dispositivos PowerG donde el tama\u00f1o del edificio, la disposici\u00f3n o incluso los materiales de la construcci\u00f3n hacen que se necesite aumentar la&hellip;<\/p>\n","protected":false},"featured_media":3563,"comment_status":"open","ping_status":"closed","template":"","meta":{"om_disable_all_campaigns":false,"_monsterinsights_skip_tracking":false,"_monsterinsights_sitenote_active":false,"_monsterinsights_sitenote_note":"","_monsterinsights_sitenote_category":0},"product_brand":[],"product_cat":[266],"product_tag":[212,211,151],"class_list":{"0":"post-3564","1":"product","2":"type-product","3":"status-publish","4":"has-post-thumbnail","6":"product_cat-modulos-alarmas-dsc","7":"product_tag-alarmas","8":"product_tag-alarmas-e-intrusion","9":"product_tag-seguridad","11":"first","12":"instock","13":"sale","14":"taxable","15":"shipping-taxable","16":"purchasable","17":"product-type-simple"},"aioseo_notices":[],"_links":{"self":[{"href":"https:\/\/tecsecmty.com\/index.php\/wp-json\/wp\/v2\/product\/3564","targetHints":{"allow":["GET"]}}],"collection":[{"href":"https:\/\/tecsecmty.com\/index.php\/wp-json\/wp\/v2\/product"}],"about":[{"href":"https:\/\/tecsecmty.com\/index.php\/wp-json\/wp\/v2\/types\/product"}],"replies":[{"embeddable":true,"href":"https:\/\/tecsecmty.com\/index.php\/wp-json\/wp\/v2\/comments?post=3564"}],"version-history":[{"count":0,"href":"https:\/\/tecsecmty.com\/index.php\/wp-json\/wp\/v2\/product\/3564\/revisions"}],"wp:featuredmedia":[{"embeddable":true,"href":"https:\/\/tecsecmty.com\/index.php\/wp-json\/wp\/v2\/media\/3563"}],"wp:attachment":[{"href":"https:\/\/tecsecmty.com\/index.php\/wp-json\/wp\/v2\/media?parent=3564"}],"wp:term":[{"taxonomy":"product_brand","embeddable":true,"href":"https:\/\/tecsecmty.com\/index.php\/wp-json\/wp\/v2\/product_brand?post=3564"},{"taxonomy":"product_cat","embeddable":true,"href":"https:\/\/tecsecmty.com\/index.php\/wp-json\/wp\/v2\/product_cat?post=3564"},{"taxonomy":"product_tag","embeddable":true,"href":"https:\/\/tecsecmty.com\/index.php\/wp-json\/wp\/v2\/product_tag?post=3564"}],"curies":[{"name":"wp","href":"https:\/\/api.w.org\/{rel}","templated":true}]}}