{"id":3568,"date":"2023-02-23T00:21:32","date_gmt":"2023-02-23T06:21:32","guid":{"rendered":"https:\/\/tecsecmty.com\/index.php\/producto\/dsc-rm1-modulo-relevador-unico-con-cables-de-alambre-voltaje-de-operacion-12-vdc-33-3ma\/"},"modified":"2023-03-22T23:23:24","modified_gmt":"2023-03-23T05:23:24","slug":"dsc-rm1-modulo-relevador-unico-con-cables-de-alambre-voltaje-de-operacion-12-vdc-33-3ma","status":"publish","type":"product","link":"https:\/\/tecsecmty.com\/index.php\/producto\/dsc-rm1-modulo-relevador-unico-con-cables-de-alambre-voltaje-de-operacion-12-vdc-33-3ma\/","title":{"rendered":"DSC RM1 &#8211; M\u00f3dulo Relevador \u00danico con Cables de Alambre voltaje de operaci\u00f3n 12 VDC @33.3mA"},"content":{"rendered":"<h5 class=\"card-title text-center\">Informaci\u00f3n General<\/h5>\n<h3><strong>Descripci\u00f3n<\/strong><\/h3>\n<p><strong>Rel\u00e9 de supervisi\u00f3n de potencia DSC RM-1 para humos de 4 hilos<\/strong><\/p>\n<p>Este es un rel\u00e9 de supervisi\u00f3n de alimentaci\u00f3n de cuatro cables de DSC para detectores de humo de cuatro cables. Instalar\u00e1 esto al final del circuito de alimentaci\u00f3n del detector de humo de cuatro cables y cada vez que haya una interrupci\u00f3n en el circuito de alimentaci\u00f3n del detector o una p\u00e9rdida de energ\u00eda desenergice el rel\u00e9 de supervisi\u00f3n de energ\u00eda, abriendo los contactos y causando un anuncio de problema en el unidad de control de alarma contra incendios.<\/p>\n<p><img decoding=\"async\" class=\"overview-center-img-web\" src=\"https:\/\/tvc.mx\/media\/29822\/principalcomer.jpg\" alt=\"\" \/><\/p>\n","protected":false},"excerpt":{"rendered":"<p>Informaci\u00f3n General Descripci\u00f3n Rel\u00e9 de supervisi\u00f3n de potencia DSC RM-1 para humos de 4 hilos Este es un rel\u00e9 de supervisi\u00f3n de alimentaci\u00f3n de cuatro cables de DSC para detectores de humo de cuatro cables. Instalar\u00e1 esto al final del circuito de alimentaci\u00f3n del detector&hellip;<\/p>\n","protected":false},"featured_media":3567,"comment_status":"open","ping_status":"closed","template":"","meta":{"om_disable_all_campaigns":false,"_monsterinsights_skip_tracking":false,"_monsterinsights_sitenote_active":false,"_monsterinsights_sitenote_note":"","_monsterinsights_sitenote_category":0},"product_brand":[],"product_cat":[266],"product_tag":[212,211,151],"class_list":{"0":"post-3568","1":"product","2":"type-product","3":"status-publish","4":"has-post-thumbnail","6":"product_cat-modulos-alarmas-dsc","7":"product_tag-alarmas","8":"product_tag-alarmas-e-intrusion","9":"product_tag-seguridad","11":"first","12":"instock","13":"sale","14":"taxable","15":"shipping-taxable","16":"purchasable","17":"product-type-simple"},"aioseo_notices":[],"_links":{"self":[{"href":"https:\/\/tecsecmty.com\/index.php\/wp-json\/wp\/v2\/product\/3568","targetHints":{"allow":["GET"]}}],"collection":[{"href":"https:\/\/tecsecmty.com\/index.php\/wp-json\/wp\/v2\/product"}],"about":[{"href":"https:\/\/tecsecmty.com\/index.php\/wp-json\/wp\/v2\/types\/product"}],"replies":[{"embeddable":true,"href":"https:\/\/tecsecmty.com\/index.php\/wp-json\/wp\/v2\/comments?post=3568"}],"version-history":[{"count":0,"href":"https:\/\/tecsecmty.com\/index.php\/wp-json\/wp\/v2\/product\/3568\/revisions"}],"wp:featuredmedia":[{"embeddable":true,"href":"https:\/\/tecsecmty.com\/index.php\/wp-json\/wp\/v2\/media\/3567"}],"wp:attachment":[{"href":"https:\/\/tecsecmty.com\/index.php\/wp-json\/wp\/v2\/media?parent=3568"}],"wp:term":[{"taxonomy":"product_brand","embeddable":true,"href":"https:\/\/tecsecmty.com\/index.php\/wp-json\/wp\/v2\/product_brand?post=3568"},{"taxonomy":"product_cat","embeddable":true,"href":"https:\/\/tecsecmty.com\/index.php\/wp-json\/wp\/v2\/product_cat?post=3568"},{"taxonomy":"product_tag","embeddable":true,"href":"https:\/\/tecsecmty.com\/index.php\/wp-json\/wp\/v2\/product_tag?post=3568"}],"curies":[{"name":"wp","href":"https:\/\/api.w.org\/{rel}","templated":true}]}}