{"id":3570,"date":"2023-02-23T00:21:33","date_gmt":"2023-02-23T06:21:33","guid":{"rendered":"https:\/\/tecsecmty.com\/index.php\/producto\/dsc-rm2-modulo-relevador-eol-para-detectores-de-humo-dsc-10-30-vcd\/"},"modified":"2023-03-22T23:23:24","modified_gmt":"2023-03-23T05:23:24","slug":"dsc-rm2-modulo-relevador-eol-para-detectores-de-humo-dsc-10-30-vcd","status":"publish","type":"product","link":"https:\/\/tecsecmty.com\/index.php\/producto\/dsc-rm2-modulo-relevador-eol-para-detectores-de-humo-dsc-10-30-vcd\/","title":{"rendered":"DSC RM2 &#8211; Modulo Relevador EOL para detectores de Humo DSC 10-30 VCD"},"content":{"rendered":"<h5 class=\"card-title text-center\">Descripci\u00f3n<\/h5>\n<h3>RM-2<\/h3>\n<p>Rel\u00e9 de supervisi\u00f3n de potencia de fin de l\u00ednea (solo detectores de 4 hilos)<\/p>\n<p>El m\u00f3dulo de rel\u00e9 RM-2 se utiliza como un m\u00f3dulo de supervisi\u00f3n de potencia de fin de l\u00ednea (EOL) para detectores de humo de 4 cables.\u00a0El RM-2 se utiliza con el m\u00f3dulo de inversi\u00f3n de polaridad PRM-4W y los detectores de humo de la serie DSC FSA-410.\u00a0Cuando el PRM-4W invierte la polaridad en el circuito del detector de humo para activar todas las sirenas del detector de humo, el rel\u00e9 RM-2 continuar\u00e1 funcionando normalmente (independientemente de la polaridad de la potencia de entrada).<\/p>\n<p><strong>Especificaciones t\u00e9cnicas:<\/strong><\/p>\n<ul>\n<li>Rango de voltaje de funcionamiento: 10VDC a 30VDC<\/li>\n<li>Clasificaci\u00f3n de contacto de rel\u00e9: 2A @ 30VDC \/ VAC<\/li>\n<li>Grado actual: 25mA<\/li>\n<li>Entorno operativo: 0C &#8211; 49C (32F &#8211; 120F), 5% &#8211; 93% RH (sin condensaci\u00f3n)<\/li>\n<li>Tama\u00f1o (H x W x D): 28.5 x 86 x 21 mm \/ 1 1\/8 x 3 3\/8 x 7\/8 pulg.<\/li>\n<li>Calibre de cable terminal: 14-22 AWG<\/li>\n<\/ul>\n<p><img decoding=\"async\" class=\"overview-center-img-web\" src=\"https:\/\/tvc.mx\/media\/29534\/DSC1200016.jpg\" alt=\"\" \/><\/p>\n","protected":false},"excerpt":{"rendered":"<p>Descripci\u00f3n RM-2 Rel\u00e9 de supervisi\u00f3n de potencia de fin de l\u00ednea (solo detectores de 4 hilos) El m\u00f3dulo de rel\u00e9 RM-2 se utiliza como un m\u00f3dulo de supervisi\u00f3n de potencia de fin de l\u00ednea (EOL) para detectores de humo de 4 cables.\u00a0El RM-2 se utiliza&hellip;<\/p>\n","protected":false},"featured_media":3569,"comment_status":"open","ping_status":"closed","template":"","meta":{"om_disable_all_campaigns":false,"_monsterinsights_skip_tracking":false,"_monsterinsights_sitenote_active":false,"_monsterinsights_sitenote_note":"","_monsterinsights_sitenote_category":0},"product_brand":[],"product_cat":[266],"product_tag":[212,211,151],"class_list":{"0":"post-3570","1":"product","2":"type-product","3":"status-publish","4":"has-post-thumbnail","6":"product_cat-modulos-alarmas-dsc","7":"product_tag-alarmas","8":"product_tag-alarmas-e-intrusion","9":"product_tag-seguridad","11":"first","12":"instock","13":"sale","14":"taxable","15":"shipping-taxable","16":"purchasable","17":"product-type-simple"},"aioseo_notices":[],"_links":{"self":[{"href":"https:\/\/tecsecmty.com\/index.php\/wp-json\/wp\/v2\/product\/3570","targetHints":{"allow":["GET"]}}],"collection":[{"href":"https:\/\/tecsecmty.com\/index.php\/wp-json\/wp\/v2\/product"}],"about":[{"href":"https:\/\/tecsecmty.com\/index.php\/wp-json\/wp\/v2\/types\/product"}],"replies":[{"embeddable":true,"href":"https:\/\/tecsecmty.com\/index.php\/wp-json\/wp\/v2\/comments?post=3570"}],"version-history":[{"count":0,"href":"https:\/\/tecsecmty.com\/index.php\/wp-json\/wp\/v2\/product\/3570\/revisions"}],"wp:featuredmedia":[{"embeddable":true,"href":"https:\/\/tecsecmty.com\/index.php\/wp-json\/wp\/v2\/media\/3569"}],"wp:attachment":[{"href":"https:\/\/tecsecmty.com\/index.php\/wp-json\/wp\/v2\/media?parent=3570"}],"wp:term":[{"taxonomy":"product_brand","embeddable":true,"href":"https:\/\/tecsecmty.com\/index.php\/wp-json\/wp\/v2\/product_brand?post=3570"},{"taxonomy":"product_cat","embeddable":true,"href":"https:\/\/tecsecmty.com\/index.php\/wp-json\/wp\/v2\/product_cat?post=3570"},{"taxonomy":"product_tag","embeddable":true,"href":"https:\/\/tecsecmty.com\/index.php\/wp-json\/wp\/v2\/product_tag?post=3570"}],"curies":[{"name":"wp","href":"https:\/\/api.w.org\/{rel}","templated":true}]}}