{"id":3576,"date":"2023-02-23T00:21:39","date_gmt":"2023-02-23T06:21:39","guid":{"rendered":"https:\/\/tecsecmty.com\/index.php\/producto\/risco-rp128eps000a-fuente-para-alimentar-sensores-o-modulos-adicionales-permite-monitorear-el-estado-de-la-energia-compatible-con-lightsys-plus\/"},"modified":"2023-03-22T23:23:47","modified_gmt":"2023-03-23T05:23:47","slug":"risco-rp128eps000a-fuente-para-alimentar-sensores-o-modulos-adicionales-permite-monitorear-el-estado-de-la-energia-compatible-con-lightsys-plus","status":"publish","type":"product","link":"https:\/\/tecsecmty.com\/index.php\/producto\/risco-rp128eps000a-fuente-para-alimentar-sensores-o-modulos-adicionales-permite-monitorear-el-estado-de-la-energia-compatible-con-lightsys-plus\/","title":{"rendered":"RISCO RP128EPS000A &#8211; Fuente Para Alimentar Sensores o M\u00f3dulos Adicionales \/ Permite Monitorear El Estado De La Energ\u00eda \/ Compatible con LightSYS Plus+"},"content":{"rendered":"<div class=\"row aling-items-center padding-bottom-2x\">\n<div class=\"col-lg-12\">\n<h5 class=\"card-title text-center\">Fuente de Alimentaci\u00f3n con Modo de Conmutaci\u00f3n<\/h5>\n<p>La Fuente de Alimentaci\u00f3n con Modo de Conmutaci\u00f3n (Switching Mode Power Supply &#8211; SMPS) es un m\u00f3dulo confiable, supervisado, de expansi\u00f3n de la fuente de alimentaci\u00f3n, para uso con los sistemas de seguridad ProSYS de RISCO.<\/p>\n<p><img decoding=\"async\" class=\"overview-center-img-web\" src=\"https:\/\/tvc.mx\/media\/357583\/RSC109028-RISCO-RP128EPS000A-Fuente-para-alimentar-sensores-o-modulos-adicionales-permite-monitorear-el-estado-de-la-ENERG_I_A-6-%281%29-%281%29-%281%29-%281%29-%281%29-%281%29-%281%29-%281%29-%281%29-%281%29-%281%29-%281%29-%281%29.png\" alt=\"\" \/><\/div>\n<\/div>\n<div class=\"row align-items-center padding-bottom-2x\">\n<div class=\"col-md-5 order-md-2\"><img decoding=\"async\" class=\"d-block m-auto img-thumbnail\" src=\"https:\/\/tvc.mx\/media\/357643\/Sin-t%C3%ADtulo.png\" alt=\" \" \/><\/div>\n<div class=\"col-md-7 order-md-1 text-md-left text-center\">\n<h2>Caracter\u00edsticas<\/h2>\n<p class=\"text-muted\">\n<p>Fuente de Alimentaci\u00f3n con modo de conmutaci\u00f3n 3A con autosupervisi\u00f3n<\/p>\n<p>Diagn\u00f3stico remoto avanzado &#8211; incluye remoto Upload \/Download o lectura en el teclado de la salida de voltaje y de la corriente de carga<\/p>\n<p>Protecci\u00f3n autom\u00e1tica de la bater\u00eda y lectura remota del voltaje<\/p>\n<p>Soporta una sirena de 1.7 Amp, con lectura remota de la corriente de la sirena<\/p>\n<p>Incluye dos salidas de utilidad de rel\u00e9 3A<\/p>\n<\/div>\n<\/div>\n","protected":false},"excerpt":{"rendered":"<p>Fuente de Alimentaci\u00f3n con Modo de Conmutaci\u00f3n La Fuente de Alimentaci\u00f3n con Modo de Conmutaci\u00f3n (Switching Mode Power Supply &#8211; SMPS) es un m\u00f3dulo confiable, supervisado, de expansi\u00f3n de la fuente de alimentaci\u00f3n, para uso con los sistemas de seguridad ProSYS de RISCO. Caracter\u00edsticas Fuente&hellip;<\/p>\n","protected":false},"featured_media":3575,"comment_status":"open","ping_status":"closed","template":"","meta":{"om_disable_all_campaigns":false,"_monsterinsights_skip_tracking":false,"_monsterinsights_sitenote_active":false,"_monsterinsights_sitenote_note":"","_monsterinsights_sitenote_category":0},"product_brand":[],"product_cat":[267],"product_tag":[212,211,151],"class_list":{"0":"post-3576","1":"product","2":"type-product","3":"status-publish","4":"has-post-thumbnail","6":"product_cat-modulos-alarmas-risco","7":"product_tag-alarmas","8":"product_tag-alarmas-e-intrusion","9":"product_tag-seguridad","11":"first","12":"instock","13":"sale","14":"taxable","15":"shipping-taxable","16":"purchasable","17":"product-type-simple"},"aioseo_notices":[],"_links":{"self":[{"href":"https:\/\/tecsecmty.com\/index.php\/wp-json\/wp\/v2\/product\/3576","targetHints":{"allow":["GET"]}}],"collection":[{"href":"https:\/\/tecsecmty.com\/index.php\/wp-json\/wp\/v2\/product"}],"about":[{"href":"https:\/\/tecsecmty.com\/index.php\/wp-json\/wp\/v2\/types\/product"}],"replies":[{"embeddable":true,"href":"https:\/\/tecsecmty.com\/index.php\/wp-json\/wp\/v2\/comments?post=3576"}],"version-history":[{"count":0,"href":"https:\/\/tecsecmty.com\/index.php\/wp-json\/wp\/v2\/product\/3576\/revisions"}],"wp:featuredmedia":[{"embeddable":true,"href":"https:\/\/tecsecmty.com\/index.php\/wp-json\/wp\/v2\/media\/3575"}],"wp:attachment":[{"href":"https:\/\/tecsecmty.com\/index.php\/wp-json\/wp\/v2\/media?parent=3576"}],"wp:term":[{"taxonomy":"product_brand","embeddable":true,"href":"https:\/\/tecsecmty.com\/index.php\/wp-json\/wp\/v2\/product_brand?post=3576"},{"taxonomy":"product_cat","embeddable":true,"href":"https:\/\/tecsecmty.com\/index.php\/wp-json\/wp\/v2\/product_cat?post=3576"},{"taxonomy":"product_tag","embeddable":true,"href":"https:\/\/tecsecmty.com\/index.php\/wp-json\/wp\/v2\/product_tag?post=3576"}],"curies":[{"name":"wp","href":"https:\/\/api.w.org\/{rel}","templated":true}]}}