{"id":3580,"date":"2023-02-23T00:21:43","date_gmt":"2023-02-23T06:21:43","guid":{"rendered":"https:\/\/tecsecmty.com\/index.php\/producto\/risco-rp432ev-modulo-de-voz-multilenguaje-decodificador-dtmf-emulador-de-teclado-ofertasaaa\/"},"modified":"2023-03-22T23:23:47","modified_gmt":"2023-03-23T05:23:47","slug":"risco-rp432ev-modulo-de-voz-multilenguaje-decodificador-dtmf-emulador-de-teclado-ofertasaaa","status":"publish","type":"product","link":"https:\/\/tecsecmty.com\/index.php\/producto\/risco-rp432ev-modulo-de-voz-multilenguaje-decodificador-dtmf-emulador-de-teclado-ofertasaaa\/","title":{"rendered":"RISCO RP432EV &#8211; Modulo de voz \/ MULTILENGUAJE \/ DECODIFICADOR DTMF \/ EMULADOR De teclado #OfertasAAA"},"content":{"rendered":"<h5 class=\"card-title text-center\">RISCO RP432EV &#8211; Modulo de voz<\/h5>\n<p>Cuando se produce un evento, como la activaci\u00f3n de una alarma, el M\u00f3dulo de Voz le informa sobre la situaci\u00f3n del sistema de seguridad, (p.ej. alarma de intrusi\u00f3n, de incendio, etc.), llam\u00e1ndole y reproduciendo un aviso de evento pregrabado.<\/p>\n<p><img decoding=\"async\" class=\"overview-center-img-web\" src=\"https:\/\/tvc.mx\/media\/372339\/RISCO-RP432EV-Modulo-de-voz-MULTILENGUAJE-DECODIFICADOR-DTMF-EMULADOR-De-teclado-2.png\" alt=\"\" \/><\/p>\n","protected":false},"excerpt":{"rendered":"<p>RISCO RP432EV &#8211; Modulo de voz Cuando se produce un evento, como la activaci\u00f3n de una alarma, el M\u00f3dulo de Voz le informa sobre la situaci\u00f3n del sistema de seguridad, (p.ej. alarma de intrusi\u00f3n, de incendio, etc.), llam\u00e1ndole y reproduciendo un aviso de evento pregrabado.<\/p>\n","protected":false},"featured_media":3579,"comment_status":"open","ping_status":"closed","template":"","meta":{"om_disable_all_campaigns":false,"_monsterinsights_skip_tracking":false,"_monsterinsights_sitenote_active":false,"_monsterinsights_sitenote_note":"","_monsterinsights_sitenote_category":0},"product_brand":[],"product_cat":[267],"product_tag":[212,211,151],"class_list":{"0":"post-3580","1":"product","2":"type-product","3":"status-publish","4":"has-post-thumbnail","6":"product_cat-modulos-alarmas-risco","7":"product_tag-alarmas","8":"product_tag-alarmas-e-intrusion","9":"product_tag-seguridad","11":"first","12":"instock","13":"sale","14":"taxable","15":"shipping-taxable","16":"purchasable","17":"product-type-simple"},"aioseo_notices":[],"_links":{"self":[{"href":"https:\/\/tecsecmty.com\/index.php\/wp-json\/wp\/v2\/product\/3580","targetHints":{"allow":["GET"]}}],"collection":[{"href":"https:\/\/tecsecmty.com\/index.php\/wp-json\/wp\/v2\/product"}],"about":[{"href":"https:\/\/tecsecmty.com\/index.php\/wp-json\/wp\/v2\/types\/product"}],"replies":[{"embeddable":true,"href":"https:\/\/tecsecmty.com\/index.php\/wp-json\/wp\/v2\/comments?post=3580"}],"version-history":[{"count":0,"href":"https:\/\/tecsecmty.com\/index.php\/wp-json\/wp\/v2\/product\/3580\/revisions"}],"wp:featuredmedia":[{"embeddable":true,"href":"https:\/\/tecsecmty.com\/index.php\/wp-json\/wp\/v2\/media\/3579"}],"wp:attachment":[{"href":"https:\/\/tecsecmty.com\/index.php\/wp-json\/wp\/v2\/media?parent=3580"}],"wp:term":[{"taxonomy":"product_brand","embeddable":true,"href":"https:\/\/tecsecmty.com\/index.php\/wp-json\/wp\/v2\/product_brand?post=3580"},{"taxonomy":"product_cat","embeddable":true,"href":"https:\/\/tecsecmty.com\/index.php\/wp-json\/wp\/v2\/product_cat?post=3580"},{"taxonomy":"product_tag","embeddable":true,"href":"https:\/\/tecsecmty.com\/index.php\/wp-json\/wp\/v2\/product_tag?post=3580"}],"curies":[{"name":"wp","href":"https:\/\/api.w.org\/{rel}","templated":true}]}}