{"id":3582,"date":"2023-02-23T00:21:46","date_gmt":"2023-02-23T06:21:46","guid":{"rendered":"https:\/\/tecsecmty.com\/index.php\/producto\/risco-rp432ew-receptor-inalambrico-cableado-por-bus-32-zonas-inalambricas-compatible-con-lightsys-plus\/"},"modified":"2023-03-22T23:23:48","modified_gmt":"2023-03-23T05:23:48","slug":"risco-rp432ew-receptor-inalambrico-cableado-por-bus-32-zonas-inalambricas-compatible-con-lightsys-plus","status":"publish","type":"product","link":"https:\/\/tecsecmty.com\/index.php\/producto\/risco-rp432ew-receptor-inalambrico-cableado-por-bus-32-zonas-inalambricas-compatible-con-lightsys-plus\/","title":{"rendered":"RISCO RP432EW &#8211; Receptor Inal\u00e1mbrico \/ Cableado por BUS \/ 32 Zonas Inal\u00e1mbricas \/ Compatible con LightSYS Plus+"},"content":{"rendered":"<div class=\"row aling-items-center padding-bottom-2x\">\n<div class=\"col-lg-12\">\n<h5 class=\"card-title text-center\">RISCO RP432EW &#8211; Receptor Inalambrico \/ Cableado por BUS \/ 32 Zonas Inalambricas \/ Compatible Con Lightsys y Prosys Plus<\/h5>\n<p>El Receptor Inal\u00e1mbrico de LightSYS\u2122 soporta hasta 32 zonas inal\u00e1mbricas, 16 mandos \u201cRolling code\u201d e incluye dos salidas de rel\u00e9s. Tambi\u00e9n se puede utilizar el Receptor en modo aut\u00f3nomo. Es ideal para el control de puertas de aparcamiento, soportando hasta 16 mandos y\u00a02 salidas.<\/p>\n<p><img decoding=\"async\" class=\"overview-center-img-web\" src=\"https:\/\/tvc.mx\/media\/387475\/RISCO-RP432EW-Receptor-Inalambrico-Cableado-por-BUS-32-Zonas-Inalambricas-Compatible-Lightsys-Prosys-Plus-2.png\" alt=\"\" \/><\/div>\n<\/div>\n<div class=\"row align-items-center padding-bottom-2x\">\n<div class=\"col-md-5\"><img decoding=\"async\" class=\"d-block m-auto img-thumbnail\" src=\"https:\/\/tvc.mx\/media\/269227\/RISCO-RP432EW-Receptor-Inalambrico-Cableado-por-BUS-32-Zonas-Inalambricas-Compatible-Lightsys-Prosys-Plus-4.png\" alt=\" \" \/><\/div>\n<div class=\"col-md-7 text-md-left text-center\">\n<h2>Ventajas<\/h2>\n<p class=\"text-muted\">\n<ul>\n<li>Opciones flexibles de instalaci\u00f3n:<\/li>\n<li>Dentro de la caja principal de LightSYS\u2122<\/li>\n<li>Fuera de la caja principal de LightSYS\u2122<\/li>\n<li>Hasta 32 zonas inal\u00e1mbricas y 16 mandos \u201cRolling code\u201d. Dos salidas programables (Rel\u00e9s de 1A)<\/li>\n<li>Modelo: RP432EW<\/li>\n<\/ul>\n<\/div>\n<\/div>\n","protected":false},"excerpt":{"rendered":"<p>RISCO RP432EW &#8211; Receptor Inalambrico \/ Cableado por BUS \/ 32 Zonas Inalambricas \/ Compatible Con Lightsys y Prosys Plus El Receptor Inal\u00e1mbrico de LightSYS\u2122 soporta hasta 32 zonas inal\u00e1mbricas, 16 mandos \u201cRolling code\u201d e incluye dos salidas de rel\u00e9s. Tambi\u00e9n se puede utilizar el&hellip;<\/p>\n","protected":false},"featured_media":3581,"comment_status":"open","ping_status":"closed","template":"","meta":{"om_disable_all_campaigns":false,"_monsterinsights_skip_tracking":false,"_monsterinsights_sitenote_active":false,"_monsterinsights_sitenote_note":"","_monsterinsights_sitenote_category":0},"product_brand":[],"product_cat":[267],"product_tag":[212,211,151],"class_list":{"0":"post-3582","1":"product","2":"type-product","3":"status-publish","4":"has-post-thumbnail","6":"product_cat-modulos-alarmas-risco","7":"product_tag-alarmas","8":"product_tag-alarmas-e-intrusion","9":"product_tag-seguridad","11":"first","12":"instock","13":"sale","14":"taxable","15":"shipping-taxable","16":"purchasable","17":"product-type-simple"},"aioseo_notices":[],"_links":{"self":[{"href":"https:\/\/tecsecmty.com\/index.php\/wp-json\/wp\/v2\/product\/3582","targetHints":{"allow":["GET"]}}],"collection":[{"href":"https:\/\/tecsecmty.com\/index.php\/wp-json\/wp\/v2\/product"}],"about":[{"href":"https:\/\/tecsecmty.com\/index.php\/wp-json\/wp\/v2\/types\/product"}],"replies":[{"embeddable":true,"href":"https:\/\/tecsecmty.com\/index.php\/wp-json\/wp\/v2\/comments?post=3582"}],"version-history":[{"count":0,"href":"https:\/\/tecsecmty.com\/index.php\/wp-json\/wp\/v2\/product\/3582\/revisions"}],"wp:featuredmedia":[{"embeddable":true,"href":"https:\/\/tecsecmty.com\/index.php\/wp-json\/wp\/v2\/media\/3581"}],"wp:attachment":[{"href":"https:\/\/tecsecmty.com\/index.php\/wp-json\/wp\/v2\/media?parent=3582"}],"wp:term":[{"taxonomy":"product_brand","embeddable":true,"href":"https:\/\/tecsecmty.com\/index.php\/wp-json\/wp\/v2\/product_brand?post=3582"},{"taxonomy":"product_cat","embeddable":true,"href":"https:\/\/tecsecmty.com\/index.php\/wp-json\/wp\/v2\/product_cat?post=3582"},{"taxonomy":"product_tag","embeddable":true,"href":"https:\/\/tecsecmty.com\/index.php\/wp-json\/wp\/v2\/product_tag?post=3582"}],"curies":[{"name":"wp","href":"https:\/\/api.w.org\/{rel}","templated":true}]}}