{"id":3586,"date":"2023-02-23T00:21:49","date_gmt":"2023-02-23T06:21:49","guid":{"rendered":"https:\/\/tecsecmty.com\/index.php\/producto\/risco-rp512ip0000a-modulo-ip-para-centralizar-y-recibir-notificaciones-alarma-conectada-mediante-cable-ethernet-sia-ip-compatible-con-lightsys-y-prosys-plus\/"},"modified":"2023-03-22T23:23:48","modified_gmt":"2023-03-23T05:23:48","slug":"risco-rp512ip0000a-modulo-ip-para-centralizar-y-recibir-notificaciones-alarma-conectada-mediante-cable-ethernet-sia-ip-compatible-con-lightsys-y-prosys-plus","status":"publish","type":"product","link":"https:\/\/tecsecmty.com\/index.php\/producto\/risco-rp512ip0000a-modulo-ip-para-centralizar-y-recibir-notificaciones-alarma-conectada-mediante-cable-ethernet-sia-ip-compatible-con-lightsys-y-prosys-plus\/","title":{"rendered":"RISCO RP512IP0000A &#8211; Modulo IP Para Centralizar y Recibir Notificaciones Alarma Conectada Mediante Cable Ethernet \/ SIA IP \/ Compatible Con Lightsys y Prosys Plus"},"content":{"rendered":"<h5 class=\"card-title text-center\">Descripci\u00f3n<\/h5>\n<h3>MODULO IP Multi-Socket<\/h3>\n<p class=\"ql-align-justify\">El m\u00f3dulo IP de enchufes m\u00faltiples es un m\u00f3dulo enchufable f\u00e1cil de agregar que permite que el sistema se comunique a trav\u00e9s de una red TCP \/ IP. Se puede utilizar como comunicaci\u00f3n principal o como respaldo de una comunicaci\u00f3n GSM \/ GPRS \/ 3G o PSTN en caso de falla de comunicaci\u00f3n.<\/p>\n<p class=\"ql-align-justify\">El m\u00f3dulo IP Multi-socket permite la comunicaci\u00f3n simult\u00e1nea desde ProSYS \u2122 Plus o LightSYS \u2122 2 (versi\u00f3n anterior a 5.00) a m\u00faltiples destinos como RISCO Cloud, comunicaci\u00f3n directa a la estaci\u00f3n de monitoreo, S\u00edgueme y software de configuraci\u00f3n o SynopSYS.<\/p>\n<p><img decoding=\"async\" class=\"overview-center-img-web\" src=\"https:\/\/tvc.mx\/media\/371467\/RISCO-PROSYS-PLUS-Panel-grado-3-64-512-zonas-32-Particiones-256-Zonas-inalambricas-Hasta-500-usuarios-15-%281%29-%281%29-%281%29-%281%29-%281%29-%281%29-%281%29.png\" alt=\"\" \/><\/p>\n","protected":false},"excerpt":{"rendered":"<p>Descripci\u00f3n MODULO IP Multi-Socket El m\u00f3dulo IP de enchufes m\u00faltiples es un m\u00f3dulo enchufable f\u00e1cil de agregar que permite que el sistema se comunique a trav\u00e9s de una red TCP \/ IP. Se puede utilizar como comunicaci\u00f3n principal o como respaldo de una comunicaci\u00f3n GSM&hellip;<\/p>\n","protected":false},"featured_media":3585,"comment_status":"open","ping_status":"closed","template":"","meta":{"om_disable_all_campaigns":false,"_monsterinsights_skip_tracking":false,"_monsterinsights_sitenote_active":false,"_monsterinsights_sitenote_note":"","_monsterinsights_sitenote_category":0},"product_brand":[],"product_cat":[267],"product_tag":[212,211,151],"class_list":{"0":"post-3586","1":"product","2":"type-product","3":"status-publish","4":"has-post-thumbnail","6":"product_cat-modulos-alarmas-risco","7":"product_tag-alarmas","8":"product_tag-alarmas-e-intrusion","9":"product_tag-seguridad","11":"first","12":"instock","13":"sale","14":"taxable","15":"shipping-taxable","16":"purchasable","17":"product-type-simple"},"aioseo_notices":[],"_links":{"self":[{"href":"https:\/\/tecsecmty.com\/index.php\/wp-json\/wp\/v2\/product\/3586","targetHints":{"allow":["GET"]}}],"collection":[{"href":"https:\/\/tecsecmty.com\/index.php\/wp-json\/wp\/v2\/product"}],"about":[{"href":"https:\/\/tecsecmty.com\/index.php\/wp-json\/wp\/v2\/types\/product"}],"replies":[{"embeddable":true,"href":"https:\/\/tecsecmty.com\/index.php\/wp-json\/wp\/v2\/comments?post=3586"}],"version-history":[{"count":0,"href":"https:\/\/tecsecmty.com\/index.php\/wp-json\/wp\/v2\/product\/3586\/revisions"}],"wp:featuredmedia":[{"embeddable":true,"href":"https:\/\/tecsecmty.com\/index.php\/wp-json\/wp\/v2\/media\/3585"}],"wp:attachment":[{"href":"https:\/\/tecsecmty.com\/index.php\/wp-json\/wp\/v2\/media?parent=3586"}],"wp:term":[{"taxonomy":"product_brand","embeddable":true,"href":"https:\/\/tecsecmty.com\/index.php\/wp-json\/wp\/v2\/product_brand?post=3586"},{"taxonomy":"product_cat","embeddable":true,"href":"https:\/\/tecsecmty.com\/index.php\/wp-json\/wp\/v2\/product_cat?post=3586"},{"taxonomy":"product_tag","embeddable":true,"href":"https:\/\/tecsecmty.com\/index.php\/wp-json\/wp\/v2\/product_tag?post=3586"}],"curies":[{"name":"wp","href":"https:\/\/api.w.org\/{rel}","templated":true}]}}