{"id":3588,"date":"2023-02-23T00:21:51","date_gmt":"2023-02-23T06:21:51","guid":{"rendered":"https:\/\/tecsecmty.com\/index.php\/producto\/risco-rsc019005-modulo-de-comunicacion-3g-multisocket-sia-ip-notificaciones-a-la-app-irisco-compatible-lightsys-plus\/"},"modified":"2023-03-22T23:23:48","modified_gmt":"2023-03-23T05:23:48","slug":"risco-rsc019005-modulo-de-comunicacion-3g-multisocket-sia-ip-notificaciones-a-la-app-irisco-compatible-lightsys-plus","status":"publish","type":"product","link":"https:\/\/tecsecmty.com\/index.php\/producto\/risco-rsc019005-modulo-de-comunicacion-3g-multisocket-sia-ip-notificaciones-a-la-app-irisco-compatible-lightsys-plus\/","title":{"rendered":"RISCO RSC019005 &#8211; Modulo de Comunicaci\u00f3n 3G Multisocket \/ SIA IP \/ Notificaciones a la App Irisco \/ Compatible LightSYS Plus+"},"content":{"rendered":"<h5 class=\"card-title text-center\">M\u00f3dulos 2G\/3G Multi-Socket<\/h5>\n<p>Los m\u00f3dulos 2G y 3G Multi-Socket son dos m\u00f3dulos que se a\u00f1aden f\u00e1cilmente, permitiendo que el sistema se comunique a trav\u00e9s de GSM 2G o 3G. Se pueden utilizar como comunicaci\u00f3n principal o de respaldo en caso de fallo de la red IP o RTC.<\/p>\n<p>&nbsp;<\/p>\n<p>Los m\u00f3dulos 2G y 3G\u00a0Multi-Socket\u00a0se utilizan con ProSYS\u2122 Plus o LightSYS\u2122 2 (versi\u00f3n superior a 5,0), permitiendo la comunicaci\u00f3n simult\u00e1nea a m\u00faltiples destinos, tales como a RISCO Cloud, CRA, SMS a n\u00fameros privados.<\/p>\n<p>&nbsp;<\/p>\n<p>Con el m\u00f3dulo 2G o 3G\u00a0Multi-Socket y con el m\u00f3dulo IP Multi-Socket, es posible tener una redundancia de comunicaci\u00f3n con la nube.<\/p>\n<p><img decoding=\"async\" class=\"overview-center-img-web\" src=\"https:\/\/tvc.mx\/media\/316723\/RISCO-PROSYS-PLUS-Panel-grado-3-64-512-zonas-32-Particiones-256-Zonas-inalambricas-Hasta-500-usuarios-15-%281%29-%281%29-%281%29-%281%29-%281%29-%281%29-%281%29.png\" alt=\"\" \/><\/p>\n","protected":false},"excerpt":{"rendered":"<p>M\u00f3dulos 2G\/3G Multi-Socket Los m\u00f3dulos 2G y 3G Multi-Socket son dos m\u00f3dulos que se a\u00f1aden f\u00e1cilmente, permitiendo que el sistema se comunique a trav\u00e9s de GSM 2G o 3G. Se pueden utilizar como comunicaci\u00f3n principal o de respaldo en caso de fallo de la red&hellip;<\/p>\n","protected":false},"featured_media":3587,"comment_status":"open","ping_status":"closed","template":"","meta":{"om_disable_all_campaigns":false,"_monsterinsights_skip_tracking":false,"_monsterinsights_sitenote_active":false,"_monsterinsights_sitenote_note":"","_monsterinsights_sitenote_category":0},"product_brand":[],"product_cat":[267],"product_tag":[212,211,151],"class_list":{"0":"post-3588","1":"product","2":"type-product","3":"status-publish","4":"has-post-thumbnail","6":"product_cat-modulos-alarmas-risco","7":"product_tag-alarmas","8":"product_tag-alarmas-e-intrusion","9":"product_tag-seguridad","11":"first","12":"instock","13":"sale","14":"taxable","15":"shipping-taxable","16":"purchasable","17":"product-type-simple"},"aioseo_notices":[],"_links":{"self":[{"href":"https:\/\/tecsecmty.com\/index.php\/wp-json\/wp\/v2\/product\/3588","targetHints":{"allow":["GET"]}}],"collection":[{"href":"https:\/\/tecsecmty.com\/index.php\/wp-json\/wp\/v2\/product"}],"about":[{"href":"https:\/\/tecsecmty.com\/index.php\/wp-json\/wp\/v2\/types\/product"}],"replies":[{"embeddable":true,"href":"https:\/\/tecsecmty.com\/index.php\/wp-json\/wp\/v2\/comments?post=3588"}],"version-history":[{"count":0,"href":"https:\/\/tecsecmty.com\/index.php\/wp-json\/wp\/v2\/product\/3588\/revisions"}],"wp:featuredmedia":[{"embeddable":true,"href":"https:\/\/tecsecmty.com\/index.php\/wp-json\/wp\/v2\/media\/3587"}],"wp:attachment":[{"href":"https:\/\/tecsecmty.com\/index.php\/wp-json\/wp\/v2\/media?parent=3588"}],"wp:term":[{"taxonomy":"product_brand","embeddable":true,"href":"https:\/\/tecsecmty.com\/index.php\/wp-json\/wp\/v2\/product_brand?post=3588"},{"taxonomy":"product_cat","embeddable":true,"href":"https:\/\/tecsecmty.com\/index.php\/wp-json\/wp\/v2\/product_cat?post=3588"},{"taxonomy":"product_tag","embeddable":true,"href":"https:\/\/tecsecmty.com\/index.php\/wp-json\/wp\/v2\/product_tag?post=3588"}],"curies":[{"name":"wp","href":"https:\/\/api.w.org\/{rel}","templated":true}]}}