{"id":3598,"date":"2023-02-23T00:22:07","date_gmt":"2023-02-23T06:22:07","guid":{"rendered":"https:\/\/tecsecmty.com\/index.php\/producto\/bosch-i_b308-modulo-de-expansion-8-salidas-conexion-modular-sdi2\/"},"modified":"2023-03-22T23:21:18","modified_gmt":"2023-03-23T05:21:18","slug":"bosch-i_b308-modulo-de-expansion-8-salidas-conexion-modular-sdi2","status":"publish","type":"product","link":"https:\/\/tecsecmty.com\/index.php\/producto\/bosch-i_b308-modulo-de-expansion-8-salidas-conexion-modular-sdi2\/","title":{"rendered":"BOSCH I_B308 &#8211; Modulo de expansion 8 salidas \/ Conexion modular SDI2"},"content":{"rendered":"<div class=\"row aling-items-center padding-bottom-2x\">\n<div class=\"col-lg-12\">\n<h5 class=\"card-title text-center\">B308 M\u00f3dulo 8 salidas SDI2<\/h5>\n<p>&nbsp;<\/p>\n<p><img decoding=\"async\" class=\"overview-center-img-web\" src=\"https:\/\/tvc.mx\/media\/91675\/Logoopaginas-oficial-1920x400.png\" alt=\"\" \/><\/div>\n<\/div>\n<div class=\"row align-items-center padding-bottom-2x\">\n<div class=\"col-md-5\"><img decoding=\"async\" class=\"d-block m-auto img-thumbnail\" src=\"https:\/\/tvc.mx\/media\/91677\/B308config5.png\" alt=\" \" \/><\/div>\n<div class=\"col-md-7 text-md-left text-center\">\n<h2>Resumen del sistema<\/h2>\n<p class=\"text-muted\">\n<p class=\"ql-align-justify\">El m\u00f3dulo de ocho salidas B308 es adecuado para aplicaciones que requieren que las salidas de tipo C puedan hacer funcionar sistemas auxiliares o para mostrar el estado del sistema de incendios en anunciadores remotos. El B308 puede interactuar con componentes de edificios como aire acondicionado y calefacci\u00f3n, aberturas de bloqueos de puertas y presurizaci\u00f3n de huecos de escaleras para lograr el control y la monitorizaci\u00f3n completa del sistema. Instalaciones industriales, comerciales e institucionales son instalaciones t\u00edpicas del m\u00f3dulo B308. Las ocho salidas integradas se pueden programar para activarse en caso de alarma del sistema, problemas del sistema, fallos de zonas o puntos individuales y mediante el control remoto por parte de usuarios autorizados.<\/p>\n<\/div>\n<\/div>\n","protected":false},"excerpt":{"rendered":"<p>B308 M\u00f3dulo 8 salidas SDI2 &nbsp; Resumen del sistema El m\u00f3dulo de ocho salidas B308 es adecuado para aplicaciones que requieren que las salidas de tipo C puedan hacer funcionar sistemas auxiliares o para mostrar el estado del sistema de incendios en anunciadores remotos. El&hellip;<\/p>\n","protected":false},"featured_media":3597,"comment_status":"open","ping_status":"closed","template":"","meta":{"om_disable_all_campaigns":false,"_monsterinsights_skip_tracking":false,"_monsterinsights_sitenote_active":false,"_monsterinsights_sitenote_note":"","_monsterinsights_sitenote_category":0},"product_brand":[],"product_cat":[269],"product_tag":[212,211,151],"class_list":{"0":"post-3598","1":"product","2":"type-product","3":"status-publish","4":"has-post-thumbnail","6":"product_cat-paneles-alarmas-bosch","7":"product_tag-alarmas","8":"product_tag-alarmas-e-intrusion","9":"product_tag-seguridad","11":"first","12":"instock","13":"sale","14":"taxable","15":"shipping-taxable","16":"purchasable","17":"product-type-simple"},"aioseo_notices":[],"_links":{"self":[{"href":"https:\/\/tecsecmty.com\/index.php\/wp-json\/wp\/v2\/product\/3598","targetHints":{"allow":["GET"]}}],"collection":[{"href":"https:\/\/tecsecmty.com\/index.php\/wp-json\/wp\/v2\/product"}],"about":[{"href":"https:\/\/tecsecmty.com\/index.php\/wp-json\/wp\/v2\/types\/product"}],"replies":[{"embeddable":true,"href":"https:\/\/tecsecmty.com\/index.php\/wp-json\/wp\/v2\/comments?post=3598"}],"version-history":[{"count":0,"href":"https:\/\/tecsecmty.com\/index.php\/wp-json\/wp\/v2\/product\/3598\/revisions"}],"wp:featuredmedia":[{"embeddable":true,"href":"https:\/\/tecsecmty.com\/index.php\/wp-json\/wp\/v2\/media\/3597"}],"wp:attachment":[{"href":"https:\/\/tecsecmty.com\/index.php\/wp-json\/wp\/v2\/media?parent=3598"}],"wp:term":[{"taxonomy":"product_brand","embeddable":true,"href":"https:\/\/tecsecmty.com\/index.php\/wp-json\/wp\/v2\/product_brand?post=3598"},{"taxonomy":"product_cat","embeddable":true,"href":"https:\/\/tecsecmty.com\/index.php\/wp-json\/wp\/v2\/product_cat?post=3598"},{"taxonomy":"product_tag","embeddable":true,"href":"https:\/\/tecsecmty.com\/index.php\/wp-json\/wp\/v2\/product_tag?post=3598"}],"curies":[{"name":"wp","href":"https:\/\/api.w.org\/{rel}","templated":true}]}}