{"id":3604,"date":"2023-02-23T00:22:16","date_gmt":"2023-02-23T06:22:16","guid":{"rendered":"https:\/\/tecsecmty.com\/index.php\/producto\/bosch-i_b426-modulo-de-interfaz-de-red-compatible-con-series-g-y-b\/"},"modified":"2023-03-22T23:21:18","modified_gmt":"2023-03-23T05:21:18","slug":"bosch-i_b426-modulo-de-interfaz-de-red-compatible-con-series-g-y-b","status":"publish","type":"product","link":"https:\/\/tecsecmty.com\/index.php\/producto\/bosch-i_b426-modulo-de-interfaz-de-red-compatible-con-series-g-y-b\/","title":{"rendered":"BOSCH I_B426 &#8211; Modulo de interfaz de red compatible con series g y b"},"content":{"rendered":"<div class=\"row aling-items-center padding-bottom-2x\">\n<div class=\"col-lg-12\">\n<h5 class=\"card-title text-center\">B426 M\u00f3dulo de comunicaciones Ethernet<\/h5>\n<p>&nbsp;<\/p>\n<p><img decoding=\"async\" class=\"overview-center-img-web\" src=\"https:\/\/tvc.mx\/media\/91727\/Logoopaginas-oficial-1920x400.png\" alt=\"\" \/><\/div>\n<\/div>\n<div class=\"row align-items-center padding-bottom-2x\">\n<div class=\"col-md-5\"><img decoding=\"async\" class=\"d-block m-auto img-thumbnail\" src=\"https:\/\/tvc.mx\/media\/91729\/B426config5.png\" alt=\" \" \/><\/div>\n<div class=\"col-md-7 text-md-left text-center\">\n<h2>Resumen del sistema<\/h2>\n<p class=\"text-muted\">\n<p class=\"ql-align-justify\">Los m\u00f3dulos de comunicaci\u00f3n Ethernet Conettix constan de SDI, SDI2 y dispositivos Option bus con alimentaci\u00f3n de cuatro hilos que proporcionan una comunicaci\u00f3n bidireccional con paneles de control compatibles a trav\u00e9s de IPv4 o de redes Ethernet IPv6.<\/p>\n<p class=\"ql-align-justify\">Entre otras funciones, ofrece:<\/p>\n<ul>\n<li class=\"ql-align-justify\">Realizaci\u00f3n de informes y supervisi\u00f3n de ruta hasta un receptor o una pasarela de comunicaciones Conettix.<\/li>\n<li class=\"ql-align-justify\">Administraci\u00f3n y control remotos mediante Software de programaci\u00f3n remotao A-Link.<\/li>\n<li class=\"ql-align-justify\">Conexi\u00f3n a aplicaciones de automatizaci\u00f3n e integraci\u00f3n de edificios.<\/li>\n<\/ul>\n<\/div>\n<\/div>\n","protected":false},"excerpt":{"rendered":"<p>B426 M\u00f3dulo de comunicaciones Ethernet &nbsp; Resumen del sistema Los m\u00f3dulos de comunicaci\u00f3n Ethernet Conettix constan de SDI, SDI2 y dispositivos Option bus con alimentaci\u00f3n de cuatro hilos que proporcionan una comunicaci\u00f3n bidireccional con paneles de control compatibles a trav\u00e9s de IPv4 o de redes&hellip;<\/p>\n","protected":false},"featured_media":3603,"comment_status":"open","ping_status":"closed","template":"","meta":{"om_disable_all_campaigns":false,"_monsterinsights_skip_tracking":false,"_monsterinsights_sitenote_active":false,"_monsterinsights_sitenote_note":"","_monsterinsights_sitenote_category":0},"product_brand":[],"product_cat":[269],"product_tag":[212,211,151],"class_list":{"0":"post-3604","1":"product","2":"type-product","3":"status-publish","4":"has-post-thumbnail","6":"product_cat-paneles-alarmas-bosch","7":"product_tag-alarmas","8":"product_tag-alarmas-e-intrusion","9":"product_tag-seguridad","11":"first","12":"instock","13":"sale","14":"taxable","15":"shipping-taxable","16":"purchasable","17":"product-type-simple"},"aioseo_notices":[],"_links":{"self":[{"href":"https:\/\/tecsecmty.com\/index.php\/wp-json\/wp\/v2\/product\/3604","targetHints":{"allow":["GET"]}}],"collection":[{"href":"https:\/\/tecsecmty.com\/index.php\/wp-json\/wp\/v2\/product"}],"about":[{"href":"https:\/\/tecsecmty.com\/index.php\/wp-json\/wp\/v2\/types\/product"}],"replies":[{"embeddable":true,"href":"https:\/\/tecsecmty.com\/index.php\/wp-json\/wp\/v2\/comments?post=3604"}],"version-history":[{"count":0,"href":"https:\/\/tecsecmty.com\/index.php\/wp-json\/wp\/v2\/product\/3604\/revisions"}],"wp:featuredmedia":[{"embeddable":true,"href":"https:\/\/tecsecmty.com\/index.php\/wp-json\/wp\/v2\/media\/3603"}],"wp:attachment":[{"href":"https:\/\/tecsecmty.com\/index.php\/wp-json\/wp\/v2\/media?parent=3604"}],"wp:term":[{"taxonomy":"product_brand","embeddable":true,"href":"https:\/\/tecsecmty.com\/index.php\/wp-json\/wp\/v2\/product_brand?post=3604"},{"taxonomy":"product_cat","embeddable":true,"href":"https:\/\/tecsecmty.com\/index.php\/wp-json\/wp\/v2\/product_cat?post=3604"},{"taxonomy":"product_tag","embeddable":true,"href":"https:\/\/tecsecmty.com\/index.php\/wp-json\/wp\/v2\/product_tag?post=3604"}],"curies":[{"name":"wp","href":"https:\/\/api.w.org\/{rel}","templated":true}]}}