{"id":3608,"date":"2023-02-23T00:22:21","date_gmt":"2023-02-23T06:22:21","guid":{"rendered":"https:\/\/tecsecmty.com\/index.php\/producto\/bosch-i_b442-modulo-comunicador-del-telefono-movil-gprs\/"},"modified":"2023-03-22T23:21:18","modified_gmt":"2023-03-23T05:21:18","slug":"bosch-i_b442-modulo-comunicador-del-telefono-movil-gprs","status":"publish","type":"product","link":"https:\/\/tecsecmty.com\/index.php\/producto\/bosch-i_b442-modulo-comunicador-del-telefono-movil-gprs\/","title":{"rendered":"BOSCH I_B442 &#8211; Modulo comunicador del telefono movil GPRS"},"content":{"rendered":"<h5 class=\"card-title text-center\">B442 M\u00f3dulo conectable m\u00f3vil, GPRS<\/h5>\n<p>&nbsp;<\/p>\n<p><img decoding=\"async\" class=\"overview-center-img-web\" src=\"https:\/\/tvc.mx\/media\/91783\/Logoopaginas-oficial-1920x400.png\" alt=\"\" \/><\/p>\n<div class=\"col-md-5\"><img decoding=\"async\" class=\"d-block m-auto img-thumbnail\" src=\"https:\/\/tvc.mx\/media\/91785\/B442config5.png\" alt=\" \" \/><\/div>\n<div class=\"col-md-7 text-md-left text-center\">\n<h2>Resumen del sistema<\/h2>\n<p class=\"text-muted\">\n<p class=\"ql-align-justify\">El B442 proporciona comunicaci\u00f3n IP por una red m\u00f3vil (GPRS) enchuf\u00e1ndolo a un panel de control BOSCH compatible o bien a la B450 Conettix Plug-in Communicator Interface.<\/p>\n<p class=\"ql-align-justify\">Las aplicaciones habituales son:<\/p>\n<ul>\n<li class=\"ql-align-justify\">Notificaci\u00f3n de alarma a una central receptora.<\/li>\n<li class=\"ql-align-justify\">Programaci\u00f3n remota del panel de control mediante el software de programaci\u00f3n remota con paneles de control compatibles.<\/li>\n<li class=\"ql-align-justify\">Supervisi\u00f3n y control remoto mediante una aplicaci\u00f3n m\u00f3vil con paneles de control compatibles.<\/li>\n<li class=\"ql-align-justify\">Notificaci\u00f3n personal por medio de SMS para paneles de control compatibles.<\/li>\n<\/ul>\n<p class=\"ql-align-justify\">El B442 est\u00e1 pensado para una amplia gama de aplicaciones comerciales e industriales relacionadas con la seguridad. Las funciones de supervisi\u00f3n flexible de la ruta de comunicaci\u00f3n, el cifrado AES de 128 bits a 256 bits y la antisustituci\u00f3n convierten al B442 en una opci\u00f3n especialmente adecuada para aplicaciones de alta seguridad y de control de incendios.<\/p>\n<\/div>\n","protected":false},"excerpt":{"rendered":"<p>B442 M\u00f3dulo conectable m\u00f3vil, GPRS &nbsp; Resumen del sistema El B442 proporciona comunicaci\u00f3n IP por una red m\u00f3vil (GPRS) enchuf\u00e1ndolo a un panel de control BOSCH compatible o bien a la B450 Conettix Plug-in Communicator Interface. Las aplicaciones habituales son: Notificaci\u00f3n de alarma a una&hellip;<\/p>\n","protected":false},"featured_media":3607,"comment_status":"open","ping_status":"closed","template":"","meta":{"om_disable_all_campaigns":false,"_monsterinsights_skip_tracking":false,"_monsterinsights_sitenote_active":false,"_monsterinsights_sitenote_note":"","_monsterinsights_sitenote_category":0},"product_brand":[],"product_cat":[269],"product_tag":[212,211,151],"class_list":{"0":"post-3608","1":"product","2":"type-product","3":"status-publish","4":"has-post-thumbnail","6":"product_cat-paneles-alarmas-bosch","7":"product_tag-alarmas","8":"product_tag-alarmas-e-intrusion","9":"product_tag-seguridad","11":"first","12":"instock","13":"sale","14":"taxable","15":"shipping-taxable","16":"purchasable","17":"product-type-simple"},"aioseo_notices":[],"_links":{"self":[{"href":"https:\/\/tecsecmty.com\/index.php\/wp-json\/wp\/v2\/product\/3608","targetHints":{"allow":["GET"]}}],"collection":[{"href":"https:\/\/tecsecmty.com\/index.php\/wp-json\/wp\/v2\/product"}],"about":[{"href":"https:\/\/tecsecmty.com\/index.php\/wp-json\/wp\/v2\/types\/product"}],"replies":[{"embeddable":true,"href":"https:\/\/tecsecmty.com\/index.php\/wp-json\/wp\/v2\/comments?post=3608"}],"version-history":[{"count":0,"href":"https:\/\/tecsecmty.com\/index.php\/wp-json\/wp\/v2\/product\/3608\/revisions"}],"wp:featuredmedia":[{"embeddable":true,"href":"https:\/\/tecsecmty.com\/index.php\/wp-json\/wp\/v2\/media\/3607"}],"wp:attachment":[{"href":"https:\/\/tecsecmty.com\/index.php\/wp-json\/wp\/v2\/media?parent=3608"}],"wp:term":[{"taxonomy":"product_brand","embeddable":true,"href":"https:\/\/tecsecmty.com\/index.php\/wp-json\/wp\/v2\/product_brand?post=3608"},{"taxonomy":"product_cat","embeddable":true,"href":"https:\/\/tecsecmty.com\/index.php\/wp-json\/wp\/v2\/product_cat?post=3608"},{"taxonomy":"product_tag","embeddable":true,"href":"https:\/\/tecsecmty.com\/index.php\/wp-json\/wp\/v2\/product_tag?post=3608"}],"curies":[{"name":"wp","href":"https:\/\/api.w.org\/{rel}","templated":true}]}}