{"id":3614,"date":"2023-02-23T00:22:31","date_gmt":"2023-02-23T06:22:31","guid":{"rendered":"https:\/\/tecsecmty.com\/index.php\/producto\/bosch-i_b4512dp-kit-de-panel-4512-caja-metalica-transformador-de-18-vac-plug-in-para-telefono-b430\/"},"modified":"2023-03-22T23:21:18","modified_gmt":"2023-03-23T05:21:18","slug":"bosch-i_b4512dp-kit-de-panel-4512-caja-metalica-transformador-de-18-vac-plug-in-para-telefono-b430","status":"publish","type":"product","link":"https:\/\/tecsecmty.com\/index.php\/producto\/bosch-i_b4512dp-kit-de-panel-4512-caja-metalica-transformador-de-18-vac-plug-in-para-telefono-b430\/","title":{"rendered":"BOSCH I_B4512DP &#8211; Kit de panel 4512 \/ Caja metalica \/ Transformador de 18 VAC \/ PLUG In para telefono B430"},"content":{"rendered":"<div class=\"row aling-items-center padding-bottom-2x\">\n<div class=\"col-lg-12\">\n<h5 class=\"card-title text-center\">Kit de panel 4512 \/ Caja metalica \/ Transformador de 18 VAC \/ PLUG In para telefono B430<\/h5>\n<p>&nbsp;<\/p>\n<p><img decoding=\"async\" class=\"overview-center-img-web\" src=\"https:\/\/tvc.mx\/media\/91937\/Logoopaginas-oficial-1920x400.png\" alt=\"\" \/><\/p>\n<\/div>\n<\/div>\n<div class=\"row align-items-center padding-bottom-2x\">\n<div class=\"col-md-5\"><img decoding=\"async\" class=\"d-block m-auto img-thumbnail\" src=\"https:\/\/tvc.mx\/media\/91941\/B4512-Cconfig6.png\" alt=\" \" \/><\/div>\n<div class=\"col-md-7 text-md-left text-center\">\n<h2>Resumen del sistema<\/h2>\n<h5><strong>Resumen del sistema<\/strong><\/h5>\n<p class=\"ql-align-justify\">El Panel de control B4512 integra la protecci\u00f3n frente a intrusi\u00f3n e incendio de uso residencial y proporciona una interfaz de usuario sencilla para ambos sistemas. El B4512 proporciona hasta 28 puntos identificados individualmente que se pueden dividir en 2 zonas. El panel de control puede comunicarse por el puerto Ethernet integrado (no aplicable a los paneles de control \u00abE\u00bb), o a trav\u00e9s de m\u00f3dulos conectables compatibles que pueden enviar los eventos a trav\u00e9s de la red telef\u00f3nica conmutada p\u00fablica (PSTN) o mediante comunicaciones de red m\u00f3vil.<\/p>\n<p class=\"ql-align-justify\">Con el B4512, se pueden supervisar las puertas, las ventanas y el movimiento en \u00e1reas como salas de exposiciones o de almacenamiento de inventario. Cada usuario puede disponer de una contrase\u00f1a personalizada, un llavero inal\u00e1mbrico y unas credenciales de acceso para controlar el sistema. Utilice niveles de autoridad programables con privilegios restringidos para proporcionar acceso total o limitado al personal de servicio, seguridad y limpieza.<\/p>\n<p class=\"ql-align-justify\">Utilice las tres salidas programables (ampliables hasta 27) para encender las luces o bloquear y desbloquear puertas. Los usuarios pueden:<\/p>\n<ul>\n<li class=\"ql-align-justify\">Encender el sistema para proteger la sala de almacenamiento de existencias mientras llevan a cabo su actividad diaria.<\/li>\n<li class=\"ql-align-justify\">Realizar pruebas para asegurarse de que el sistema funciona correctamente.<\/li>\n<li class=\"ql-align-justify\">Configurar el sistema para emitir una alarma inmediatamente si se abre una puerta.<\/li>\n<li class=\"ql-align-justify\">Activar la funci\u00f3n de vigilancia para que suene un tono cada vez que entre un cliente. \u2022 Configurar una programaci\u00f3n para que el sistema se active autom\u00e1ticamente a la hora de cerrar.<\/li>\n<li class=\"ql-align-justify\">Utilizar opciones de seguridad inal\u00e1mbrica para personalizar el sistema.<\/li>\n<\/ul>\n<p class=\"ql-align-justify\">Las centrales receptoras de alarmas monitorizan el sistema las 24 horas con acceso a servicios esenciales. El personal de seguridad profesional puede probar el sistema, monitorizar la actividad del sistema y alertar a la polic\u00eda, los bomberos u otros equipos de respuesta de emergencia si es necesario.<\/p>\n<\/div>\n<\/div>\n","protected":false},"excerpt":{"rendered":"<p>Kit de panel 4512 \/ Caja metalica \/ Transformador de 18 VAC \/ PLUG In para telefono B430 &nbsp; Resumen del sistema Resumen del sistema El Panel de control B4512 integra la protecci\u00f3n frente a intrusi\u00f3n e incendio de uso residencial y proporciona una interfaz&hellip;<\/p>\n","protected":false},"featured_media":3613,"comment_status":"open","ping_status":"closed","template":"","meta":{"om_disable_all_campaigns":false,"_monsterinsights_skip_tracking":false,"_monsterinsights_sitenote_active":false,"_monsterinsights_sitenote_note":"","_monsterinsights_sitenote_category":0},"product_brand":[],"product_cat":[269],"product_tag":[212,211,151],"class_list":{"0":"post-3614","1":"product","2":"type-product","3":"status-publish","4":"has-post-thumbnail","6":"product_cat-paneles-alarmas-bosch","7":"product_tag-alarmas","8":"product_tag-alarmas-e-intrusion","9":"product_tag-seguridad","11":"first","12":"instock","13":"sale","14":"taxable","15":"shipping-taxable","16":"purchasable","17":"product-type-simple"},"aioseo_notices":[],"_links":{"self":[{"href":"https:\/\/tecsecmty.com\/index.php\/wp-json\/wp\/v2\/product\/3614","targetHints":{"allow":["GET"]}}],"collection":[{"href":"https:\/\/tecsecmty.com\/index.php\/wp-json\/wp\/v2\/product"}],"about":[{"href":"https:\/\/tecsecmty.com\/index.php\/wp-json\/wp\/v2\/types\/product"}],"replies":[{"embeddable":true,"href":"https:\/\/tecsecmty.com\/index.php\/wp-json\/wp\/v2\/comments?post=3614"}],"version-history":[{"count":0,"href":"https:\/\/tecsecmty.com\/index.php\/wp-json\/wp\/v2\/product\/3614\/revisions"}],"wp:featuredmedia":[{"embeddable":true,"href":"https:\/\/tecsecmty.com\/index.php\/wp-json\/wp\/v2\/media\/3613"}],"wp:attachment":[{"href":"https:\/\/tecsecmty.com\/index.php\/wp-json\/wp\/v2\/media?parent=3614"}],"wp:term":[{"taxonomy":"product_brand","embeddable":true,"href":"https:\/\/tecsecmty.com\/index.php\/wp-json\/wp\/v2\/product_brand?post=3614"},{"taxonomy":"product_cat","embeddable":true,"href":"https:\/\/tecsecmty.com\/index.php\/wp-json\/wp\/v2\/product_cat?post=3614"},{"taxonomy":"product_tag","embeddable":true,"href":"https:\/\/tecsecmty.com\/index.php\/wp-json\/wp\/v2\/product_tag?post=3614"}],"curies":[{"name":"wp","href":"https:\/\/api.w.org\/{rel}","templated":true}]}}